{"id":6088,"date":"2025-08-11T16:11:01","date_gmt":"2025-08-11T14:11:01","guid":{"rendered":"https:\/\/watertogo.net\/?post_type=product&#038;p=6088"},"modified":"2026-02-23T16:12:33","modified_gmt":"2026-02-23T15:12:33","slug":"flaschen-tasche-neopren-umhaengetasche-mit-vielen-extras","status":"publish","type":"product","link":"https:\/\/watertogo.net\/pt\/produkt\/flaschen-tasche-neopren-umhaengetasche-mit-vielen-extras\/","title":{"rendered":"Bottle Bag \u2013 Bolsa de ombro em neoprene com muitos extras"},"content":{"rendered":"<p><b>Bolsa de ombro isolante<\/b><br \/>\nFeita de material tipo neoprene de 3 mm de espessura, na cor preta, com etiqueta branca com o log\u00f3tipo Water-to-Go.<\/p>\n<p><span class=\"TextRun Highlight SCXW196863649 BCX4\" lang=\"DE-DE\" xml:lang=\"DE-DE\" data-contrast=\"none\"><span class=\"NormalTextRun SCXW196863649 BCX4\">O pr\u00e1tico saco <\/span><span class=\"NormalTextRun SCXW196863649 BCX4\">Water<\/span><span class=\"NormalTextRun SCXW196863649 BCX4\">&#8211;<\/span><span class=\"NormalTextRun SCXW196863649 BCX4\">to<\/span><span class=\"NormalTextRun SCXW196863649 BCX4\">-Go em neoprene serve para todos os tipos de garrafas e tem 28 cm de altura. Protege a tua garrafa, mant\u00e9m as bebidas frescas por mais tempo e oferece conforto ao transportar. A bolsa pode ser fechada ou ajustada no topo e, gra\u00e7as \u00e0 argola integrada, pode ser presa ao cinto ou \u00e0 mochila. Em alternativa, podes simplesmente transport\u00e1-la pela pega na m\u00e3o.<\/span><\/span><\/p>\n<p>Entrega sem garrafa<\/p>","protected":false},"excerpt":{"rendered":"<p>A pr\u00e1tica bolsa Water-to-Go de neoprene serve para todos os tipos de garrafas Water-to-Go.<\/p>\n<p>Protege a tua garrafa, mant\u00e9m a tua \u00e1gua pot\u00e1vel fresca por mais tempo e oferece conforto ao transportar. A bolsa pode ser ajustada na parte superior e, gra\u00e7as a uma argola adicional, pode ser facilmente presa ao cinto ou \u00e0 mochila. Em alternativa, podes simplesmente transport\u00e1-la pela pega na m\u00e3o.<\/p>\n<p><b>Factos principais:<\/b><b><\/b><\/p>\n<ul>\n<li>Serve para todas as nossas garrafas<\/li>\n<li>Mant\u00e9m a tua \u00e1gua pot\u00e1vel fresca por mais tempo<\/li>\n<li>Protege contra o frio e reduz o risco de congela\u00e7\u00e3o<\/li>\n<li>Cord\u00e3o superior com fecho<\/li>\n<li>Pega curta e al\u00e7a de ombro longa inclu\u00eddas<\/li>\n<li>Op\u00e7\u00f5es de transporte vers\u00e1teis: no cinto, na mochila ou na m\u00e3o<\/li>\n<li>2 bolsos adicionais com fecho para guardar telem\u00f3vel, carteira ou chaves<\/li>\n<li>Material de neoprene resistente e isolante<\/li>\n<li>Protege a garrafa contra impactos e riscos<\/li>\n<li>Fech\u00e1vel para maior seguran\u00e7a<\/li>\n<\/ul>\n<p>Entrega sem garrafa<\/p>","protected":false},"featured_media":7629,"comment_status":"closed","ping_status":"closed","template":"","meta":[],"product_brand":[],"product_cat":[87],"product_tag":[],"class_list":{"0":"post-6088","1":"product","2":"type-product","3":"status-publish","4":"has-post-thumbnail","6":"product_cat-taschen-bags","8":"first","9":"instock","10":"taxable","11":"shipping-taxable","12":"purchasable","13":"product-type-simple"},"_links":{"self":[{"href":"https:\/\/watertogo.net\/pt\/wp-json\/wp\/v2\/product\/6088","targetHints":{"allow":["GET"]}}],"collection":[{"href":"https:\/\/watertogo.net\/pt\/wp-json\/wp\/v2\/product"}],"about":[{"href":"https:\/\/watertogo.net\/pt\/wp-json\/wp\/v2\/types\/product"}],"replies":[{"embeddable":true,"href":"https:\/\/watertogo.net\/pt\/wp-json\/wp\/v2\/comments?post=6088"}],"wp:featuredmedia":[{"embeddable":true,"href":"https:\/\/watertogo.net\/pt\/wp-json\/wp\/v2\/media\/7629"}],"wp:attachment":[{"href":"https:\/\/watertogo.net\/pt\/wp-json\/wp\/v2\/media?parent=6088"}],"wp:term":[{"taxonomy":"product_brand","embeddable":true,"href":"https:\/\/watertogo.net\/pt\/wp-json\/wp\/v2\/product_brand?post=6088"},{"taxonomy":"product_cat","embeddable":true,"href":"https:\/\/watertogo.net\/pt\/wp-json\/wp\/v2\/product_cat?post=6088"},{"taxonomy":"product_tag","embeddable":true,"href":"https:\/\/watertogo.net\/pt\/wp-json\/wp\/v2\/product_tag?post=6088"}],"curies":[{"name":"wp","href":"https:\/\/api.w.org\/{rel}","templated":true}]}}