{"id":3759,"date":"2024-09-17T16:47:13","date_gmt":"2024-09-17T14:47:13","guid":{"rendered":"https:\/\/watertogo.net\/?post_type=product&#038;p=3759"},"modified":"2026-04-15T09:32:56","modified_gmt":"2026-04-15T07:32:56","slug":"deckel-fuer-alle-flaschentypen","status":"publish","type":"product","link":"https:\/\/watertogo.net\/pt\/produkt\/deckel-fuer-alle-flaschentypen\/","title":{"rendered":"Tampa para todos os tipos de garrafas"},"content":{"rendered":"<p>A tampa Water-to-Go adapta-se perfeitamente a todos os tipos de garrafas Water-to-Go e \u00e9 f\u00e1cil de utilizar.<\/p>","protected":false},"excerpt":{"rendered":"<p>A tampa da Water-to-Go adapta-se perfeitamente a todos os tipos de garrafas Water-to-Go e \u00e9 f\u00e1cil de utilizar. Se tiver uma garrafa de cor diferente, n\u00e3o h\u00e1 problema. Pode facilmente substituir a borracha colorida da sua garrafa pela nova tampa para personalizar o aspeto da sua garrafa.<\/p>\n<p><strong>As suas vantagens<\/strong><br \/>\n- Ajuste universal para todas as garrafas Water-to-Go<br \/>\n- Personaliz\u00e1vel gra\u00e7as \u00e0 borracha colorida intercambi\u00e1vel<br \/>\n- F\u00e1cil de substituir e personalizar<br \/>\n- Elevada durabilidade e fixa\u00e7\u00e3o est\u00e1vel<\/p>","protected":false},"featured_media":3777,"comment_status":"closed","ping_status":"closed","template":"","meta":[],"product_brand":[],"product_cat":[85,86],"product_tag":[],"class_list":{"0":"post-3759","1":"product","2":"type-product","3":"status-publish","4":"has-post-thumbnail","6":"product_cat-accessoires","7":"product_cat-deckel-lid-accessoires","9":"first","10":"instock","11":"taxable","12":"shipping-taxable","13":"purchasable","14":"product-type-simple"},"_links":{"self":[{"href":"https:\/\/watertogo.net\/pt\/wp-json\/wp\/v2\/product\/3759","targetHints":{"allow":["GET"]}}],"collection":[{"href":"https:\/\/watertogo.net\/pt\/wp-json\/wp\/v2\/product"}],"about":[{"href":"https:\/\/watertogo.net\/pt\/wp-json\/wp\/v2\/types\/product"}],"replies":[{"embeddable":true,"href":"https:\/\/watertogo.net\/pt\/wp-json\/wp\/v2\/comments?post=3759"}],"wp:featuredmedia":[{"embeddable":true,"href":"https:\/\/watertogo.net\/pt\/wp-json\/wp\/v2\/media\/3777"}],"wp:attachment":[{"href":"https:\/\/watertogo.net\/pt\/wp-json\/wp\/v2\/media?parent=3759"}],"wp:term":[{"taxonomy":"product_brand","embeddable":true,"href":"https:\/\/watertogo.net\/pt\/wp-json\/wp\/v2\/product_brand?post=3759"},{"taxonomy":"product_cat","embeddable":true,"href":"https:\/\/watertogo.net\/pt\/wp-json\/wp\/v2\/product_cat?post=3759"},{"taxonomy":"product_tag","embeddable":true,"href":"https:\/\/watertogo.net\/pt\/wp-json\/wp\/v2\/product_tag?post=3759"}],"curies":[{"name":"wp","href":"https:\/\/api.w.org\/{rel}","templated":true}]}}