{"id":1763,"date":"2023-07-13T09:31:12","date_gmt":"2023-07-13T09:31:12","guid":{"rendered":"https:\/\/watertogo.net\/?page_id=1763"},"modified":"2026-04-13T14:07:17","modified_gmt":"2026-04-13T12:07:17","slug":"zahlungsmethoden","status":"publish","type":"page","link":"https:\/\/watertogo.net\/pt\/zahlungsmethoden\/","title":{"rendered":"M\u00e9todos de pagamento"},"content":{"rendered":"<div data-elementor-type=\"wp-page\" data-elementor-id=\"1763\" class=\"elementor elementor-1763\" data-elementor-post-type=\"page\">\n\t\t\t\t\t\t<section class=\"elementor-section elementor-top-section elementor-element elementor-element-aa6c65a elementor-section-height-min-height elementor-section-boxed elementor-section-height-default elementor-section-items-middle\" data-id=\"aa6c65a\" data-element_type=\"section\" data-e-type=\"section\" data-settings=\"{&quot;background_background&quot;:&quot;gradient&quot;,&quot;shape_divider_bottom&quot;:&quot;mountains&quot;}\">\n\t\t\t\t\t\t\t<div class=\"elementor-background-overlay\"><\/div>\n\t\t\t\t\t\t<div class=\"elementor-shape elementor-shape-bottom\" aria-hidden=\"true\" data-negative=\"false\">\n\t\t\t<svg xmlns=\"http:\/\/www.w3.org\/2000\/svg\" viewbox=\"0 0 1000 100\" preserveaspectratio=\"none\">\n\t<path class=\"elementor-shape-fill\" opacity=\"0.33\" d=\"M473,67.3c-203.9,88.3-263.1-34-320.3,0C66,119.1,0,59.7,0,59.7V0h1000v59.7 c0,0-62.1,26.1-94.9,29.3c-32.8,3.3-62.8-12.3-75.8-22.1C806,49.6,745.3,8.7,694.9,4.7S492.4,59,473,67.3z\"\/>\n\t<path class=\"elementor-shape-fill\" opacity=\"0.66\" d=\"M734,67.3c-45.5,0-77.2-23.2-129.1-39.1c-28.6-8.7-150.3-10.1-254,39.1 s-91.7-34.4-149.2,0C115.7,118.3,0,39.8,0,39.8V0h1000v36.5c0,0-28.2-18.5-92.1-18.5C810.2,18.1,775.7,67.3,734,67.3z\"\/>\n\t<path class=\"elementor-shape-fill\" d=\"M766.1,28.9c-200-57.5-266,65.5-395.1,19.5C242,1.8,242,5.4,184.8,20.6C128,35.8,132.3,44.9,89.9,52.5C28.6,63.7,0,0,0,0 h1000c0,0-9.9,40.9-83.6,48.1S829.6,47,766.1,28.9z\"\/>\n<\/svg>\t\t<\/div>\n\t\t\t\t\t<div class=\"elementor-container elementor-column-gap-default\">\n\t\t\t\t\t<div class=\"elementor-column elementor-col-100 elementor-top-column elementor-element elementor-element-0b9f3a2\" data-id=\"0b9f3a2\" data-element_type=\"column\" data-e-type=\"column\">\n\t\t\t<div class=\"elementor-widget-wrap elementor-element-populated\">\n\t\t\t\t\t\t<div class=\"elementor-element elementor-element-11cacf6 elementor-widget elementor-widget-heading\" data-id=\"11cacf6\" data-element_type=\"widget\" data-e-type=\"widget\" data-widget_type=\"heading.default\">\n\t\t\t\t<div class=\"elementor-widget-container\">\n\t\t\t\t\t<h2 class=\"elementor-heading-title elementor-size-default\">M\u00e9todos de pagamento<\/h2>\t\t\t\t<\/div>\n\t\t\t\t<\/div>\n\t\t\t\t\t<\/div>\n\t\t<\/div>\n\t\t\t\t\t<\/div>\n\t\t<\/section>\n\t\t\t\t<section class=\"elementor-section elementor-top-section elementor-element elementor-element-cf2b85d elementor-section-boxed elementor-section-height-default elementor-section-height-default\" data-id=\"cf2b85d\" data-element_type=\"section\" data-e-type=\"section\">\n\t\t\t\t\t\t<div class=\"elementor-container elementor-column-gap-wider\">\n\t\t\t\t\t<div class=\"elementor-column elementor-col-100 elementor-top-column elementor-element elementor-element-fabf060\" data-id=\"fabf060\" data-element_type=\"column\" data-e-type=\"column\">\n\t\t\t<div class=\"elementor-widget-wrap elementor-element-populated\">\n\t\t\t\t\t\t<div class=\"elementor-element elementor-element-2574d8e elementor-widget elementor-widget-text-editor\" data-id=\"2574d8e\" data-element_type=\"widget\" data-e-type=\"widget\" data-widget_type=\"text-editor.default\">\n\t\t\t\t<div class=\"elementor-widget-container\">\n\t\t\t\t\t\t\t\t\t<p><strong>Como \u00e9 que posso pagar?\u00a0<\/strong><\/p><p><strong>Pagamento e seguran\u00e7a:<\/strong><\/p><p><strong>Seguran\u00e7a:<\/strong><\/p><p>Para os pagamentos online, trabalhamos com o mais elevado padr\u00e3o de seguran\u00e7a para lojas online. O nosso site est\u00e1 protegido por um certificado SSL alargado para todos os m\u00e9todos de pagamento.<\/p><p><strong>Resumo dos m\u00e9todos de pagamento:<\/strong><\/p><p><img decoding=\"async\" class=\"emoji\" role=\"img\" draggable=\"false\" src=\"https:\/\/s.w.org\/images\/core\/emoji\/17.0.2\/svg\/2714.svg\" alt=\"\u2714\ufe0f\" \/>\u00a0Paypal<\/p><p><img decoding=\"async\" class=\"emoji\" role=\"img\" draggable=\"false\" src=\"https:\/\/s.w.org\/images\/core\/emoji\/17.0.2\/svg\/2714.svg\" alt=\"\u2714\ufe0f\" \/> Google Pay<\/p><p><img decoding=\"async\" class=\"emoji\" role=\"img\" draggable=\"false\" src=\"https:\/\/s.w.org\/images\/core\/emoji\/17.0.2\/svg\/2714.svg\" alt=\"\u2714\ufe0f\" \/> Apple Pay<\/p><p><img decoding=\"async\" class=\"emoji\" role=\"img\" draggable=\"false\" src=\"https:\/\/s.w.org\/images\/core\/emoji\/17.0.2\/svg\/2714.svg\" alt=\"\u2714\ufe0f\" \/>\u00a0Cart\u00e3o de cr\u00e9dito<\/p><p><img decoding=\"async\" class=\"emoji\" role=\"img\" draggable=\"false\" src=\"https:\/\/s.w.org\/images\/core\/emoji\/17.0.2\/svg\/2714.svg\" alt=\"\u2714\ufe0f\" \/>\u00a0Transfer\u00eancia banc\u00e1ria direta<\/p><p><strong>Paypal<\/strong><\/p><p>Connosco, pode pagar de forma segura e r\u00e1pida atrav\u00e9s do PayPal. Para tal, selecione PayPal como forma de pagamento durante o processo de encomenda; no final do processo, ser\u00e1 redirecionado para o PayPal. Se j\u00e1 for cliente do PayPal, pode simplesmente iniciar sess\u00e3o com os seus dados de utilizador e confirmar o pagamento. Se \u00e9 novo no PayPal, pode registar-se como convidado, abrir uma nova conta PayPal e, em seguida, confirmar o seu pagamento. Assim que registarmos a rece\u00e7\u00e3o do seu pagamento, a sua encomenda ser\u00e1 enviada. Na maioria das vezes, demora apenas alguns minutos at\u00e9 que um pagamento via PayPal chegue \u00e0s nossas instala\u00e7\u00f5es.<\/p><p><strong>Cart\u00e3o de cr\u00e9dito<\/strong><\/p><p>Na nossa loja, pode pagar de forma simples e segura com o seu cart\u00e3o de cr\u00e9dito. Aceitamos Visa e Mastercard. Para tal, seleciona \u00abCart\u00e3o de cr\u00e9dito\u00bb como forma de pagamento durante o processo de encomenda; no final do processo, poder\u00e1s introduzir e confirmar os teus dados. Processamos este pagamento atrav\u00e9s do Stripe.<\/p><p><strong>Transfer\u00eancia imediata<\/strong><\/p><p>Podes transferir facilmente o valor da fatura a partir de qualquer conta banc\u00e1ria alem\u00e3. Para tal, seleciona \u00abTransfer\u00eancia imediata\u00bb como forma de pagamento durante o processo de encomenda. Ser\u00e1 redirecionado para a Klarna. No final do processo de encomenda, poder\u00e1 selecionar o seu banco, introduzir os seus dados e confirmar.\u00a0<span style=\"font-family: var( --e-global-typography-text-font-family ), Sans-serif; font-size: 1rem;\">Processamos este pagamento atrav\u00e9s do Stripe.<\/span><\/p><p><strong>Google Pay<\/strong><\/p><p>Na nossa loja, pode pagar de forma simples e segura com a sua conta Google.<\/p><p><strong>Apple Pay<\/strong><\/p><p>Na nossa loja, pode pagar de forma simples e segura com a sua conta Apple.<\/p>\t\t\t\t\t\t\t\t<\/div>\n\t\t\t\t<\/div>\n\t\t\t\t\t<\/div>\n\t\t<\/div>\n\t\t\t\t\t<\/div>\n\t\t<\/section>\n\t\t\t\t<\/div>","protected":false},"excerpt":{"rendered":"<p>Zahlungsmethoden Wie kann ich zahlen?\u00a0 Zahlung &amp; Sicherheit: Sicherheit: Wir arbeiten bei der Online Bezahlung mit dem h\u00f6chsten Sicherheitsstandard f\u00fcr Online Shops. Unsere Webseite ist bei allem Zahlungsarten durch ein Extended SSL-Zertifikat gesichert. Zahlungsarten im \u00dcberblick: \u00a0Paypal Google Pay Apple Pay \u00a0Kreditkarte \u00a0Direkt\u00fcberweisung Paypal Bei uns kannst du sicher und schnell per Paypal zahlen. W\u00e4hle [&hellip;]<\/p>\n","protected":false},"author":1,"featured_media":0,"parent":0,"menu_order":0,"comment_status":"closed","ping_status":"closed","template":"elementor_header_footer","meta":{"footnotes":""},"class_list":["post-1763","page","type-page","status-publish","hentry"],"_links":{"self":[{"href":"https:\/\/watertogo.net\/pt\/wp-json\/wp\/v2\/pages\/1763","targetHints":{"allow":["GET"]}}],"collection":[{"href":"https:\/\/watertogo.net\/pt\/wp-json\/wp\/v2\/pages"}],"about":[{"href":"https:\/\/watertogo.net\/pt\/wp-json\/wp\/v2\/types\/page"}],"author":[{"embeddable":true,"href":"https:\/\/watertogo.net\/pt\/wp-json\/wp\/v2\/users\/1"}],"replies":[{"embeddable":true,"href":"https:\/\/watertogo.net\/pt\/wp-json\/wp\/v2\/comments?post=1763"}],"version-history":[{"count":10,"href":"https:\/\/watertogo.net\/pt\/wp-json\/wp\/v2\/pages\/1763\/revisions"}],"predecessor-version":[{"id":7935,"href":"https:\/\/watertogo.net\/pt\/wp-json\/wp\/v2\/pages\/1763\/revisions\/7935"}],"wp:attachment":[{"href":"https:\/\/watertogo.net\/pt\/wp-json\/wp\/v2\/media?parent=1763"}],"curies":[{"name":"wp","href":"https:\/\/api.w.org\/{rel}","templated":true}]}}