{"id":1755,"date":"2023-07-13T09:28:56","date_gmt":"2023-07-13T09:28:56","guid":{"rendered":"https:\/\/watertogo.net\/?page_id=1755"},"modified":"2024-07-08T12:50:40","modified_gmt":"2024-07-08T10:50:40","slug":"versand-und-retoure","status":"publish","type":"page","link":"https:\/\/watertogo.net\/pt\/versand-und-retoure\/","title":{"rendered":"Versand und Retoure"},"content":{"rendered":"<div data-elementor-type=\"wp-page\" data-elementor-id=\"1755\" class=\"elementor elementor-1755\" data-elementor-post-type=\"page\">\n\t\t\t\t\t\t<section class=\"elementor-section elementor-top-section elementor-element elementor-element-aa6c65a elementor-section-height-min-height elementor-section-boxed elementor-section-height-default elementor-section-items-middle\" data-id=\"aa6c65a\" data-element_type=\"section\" data-e-type=\"section\" data-settings=\"{&quot;background_background&quot;:&quot;gradient&quot;,&quot;shape_divider_bottom&quot;:&quot;mountains&quot;}\">\n\t\t\t\t\t\t\t<div class=\"elementor-background-overlay\"><\/div>\n\t\t\t\t\t\t<div class=\"elementor-shape elementor-shape-bottom\" aria-hidden=\"true\" data-negative=\"false\">\n\t\t\t<svg xmlns=\"http:\/\/www.w3.org\/2000\/svg\" viewbox=\"0 0 1000 100\" preserveaspectratio=\"none\">\n\t<path class=\"elementor-shape-fill\" opacity=\"0.33\" d=\"M473,67.3c-203.9,88.3-263.1-34-320.3,0C66,119.1,0,59.7,0,59.7V0h1000v59.7 c0,0-62.1,26.1-94.9,29.3c-32.8,3.3-62.8-12.3-75.8-22.1C806,49.6,745.3,8.7,694.9,4.7S492.4,59,473,67.3z\"\/>\n\t<path class=\"elementor-shape-fill\" opacity=\"0.66\" d=\"M734,67.3c-45.5,0-77.2-23.2-129.1-39.1c-28.6-8.7-150.3-10.1-254,39.1 s-91.7-34.4-149.2,0C115.7,118.3,0,39.8,0,39.8V0h1000v36.5c0,0-28.2-18.5-92.1-18.5C810.2,18.1,775.7,67.3,734,67.3z\"\/>\n\t<path class=\"elementor-shape-fill\" d=\"M766.1,28.9c-200-57.5-266,65.5-395.1,19.5C242,1.8,242,5.4,184.8,20.6C128,35.8,132.3,44.9,89.9,52.5C28.6,63.7,0,0,0,0 h1000c0,0-9.9,40.9-83.6,48.1S829.6,47,766.1,28.9z\"\/>\n<\/svg>\t\t<\/div>\n\t\t\t\t\t<div class=\"elementor-container elementor-column-gap-default\">\n\t\t\t\t\t<div class=\"elementor-column elementor-col-100 elementor-top-column elementor-element elementor-element-0b9f3a2\" data-id=\"0b9f3a2\" data-element_type=\"column\" data-e-type=\"column\">\n\t\t\t<div class=\"elementor-widget-wrap elementor-element-populated\">\n\t\t\t\t\t\t<div class=\"elementor-element elementor-element-11cacf6 elementor-widget elementor-widget-heading\" data-id=\"11cacf6\" data-element_type=\"widget\" data-e-type=\"widget\" data-widget_type=\"heading.default\">\n\t\t\t\t<div class=\"elementor-widget-container\">\n\t\t\t\t\t<h2 class=\"elementor-heading-title elementor-size-default\">Expedi\u00e7\u00e3o e processamento de devolu\u00e7\u00f5es<\/h2>\t\t\t\t<\/div>\n\t\t\t\t<\/div>\n\t\t\t\t\t<\/div>\n\t\t<\/div>\n\t\t\t\t\t<\/div>\n\t\t<\/section>\n\t\t\t\t<section class=\"elementor-section elementor-top-section elementor-element elementor-element-cf2b85d elementor-section-boxed elementor-section-height-default elementor-section-height-default\" data-id=\"cf2b85d\" data-element_type=\"section\" data-e-type=\"section\">\n\t\t\t\t\t\t<div class=\"elementor-container elementor-column-gap-wider\">\n\t\t\t\t\t<div class=\"elementor-column elementor-col-100 elementor-top-column elementor-element elementor-element-fabf060\" data-id=\"fabf060\" data-element_type=\"column\" data-e-type=\"column\">\n\t\t\t<div class=\"elementor-widget-wrap elementor-element-populated\">\n\t\t\t\t\t\t<div class=\"elementor-element elementor-element-2574d8e elementor-widget elementor-widget-text-editor\" data-id=\"2574d8e\" data-element_type=\"widget\" data-e-type=\"widget\" data-widget_type=\"text-editor.default\">\n\t\t\t\t<div class=\"elementor-widget-container\">\n\t\t\t\t\t\t\t\t\t<h2><b><span data-contrast=\"none\">Quanto me custar\u00e1 a expedi\u00e7\u00e3o ou a devolu\u00e7\u00e3o?<\/span><\/b><span data-ccp-props=\"{&quot;134233118&quot;:false,&quot;201341983&quot;:0,&quot;335551550&quot;:0,&quot;335551620&quot;:0,&quot;335559739&quot;:160,&quot;335559740&quot;:240}\">\u00a0<\/span><\/h2><p><b><span data-contrast=\"none\">Despacho:<\/span><\/b><span data-ccp-props=\"{&quot;134233118&quot;:false,&quot;201341983&quot;:0,&quot;335551550&quot;:0,&quot;335551620&quot;:0,&quot;335559739&quot;:160,&quot;335559740&quot;:240}\">\u00a0<\/span><\/p><p><span data-contrast=\"none\">As nossas mercadorias s\u00e3o expedidas atrav\u00e9s do fornecedor de servi\u00e7os de log\u00edstica DHL e s\u00e3o enviadas para o endere\u00e7o de entrega indicado pelo cliente. Todos os produtos s\u00e3o enviados como encomenda e, por conseguinte, est\u00e3o cobertos por um seguro.<\/span><span data-ccp-props=\"{&quot;134233118&quot;:false,&quot;201341983&quot;:0,&quot;335551550&quot;:0,&quot;335551620&quot;:0,&quot;335559739&quot;:160,&quot;335559740&quot;:240}\">\u00a0<\/span><b style=\"font-family: var( --e-global-typography-text-font-family ), Sans-serif; font-size: 1rem;\"><span data-contrast=\"none\">Custos de envio Alemanha: \u00a0<\/span><\/b><\/p><p><span style=\"color: var( --e-global-color-text ); font-family: var( --e-global-typography-text-font-family ), Sans-serif; font-size: 1rem;\" data-contrast=\"none\">O custo de envio dentro da Alemanha \u00e9 de 4,95 euros, com um prazo m\u00e9dio de entrega de 1 a 3 dias \u00fateis.<\/span><span style=\"color: var( --e-global-color-text ); font-family: var( --e-global-typography-text-font-family ), Sans-serif; font-size: 1rem;\" data-ccp-props=\"{&quot;134233118&quot;:false,&quot;201341983&quot;:0,&quot;335551550&quot;:0,&quot;335551620&quot;:0,&quot;335559739&quot;:160,&quot;335559740&quot;:240}\">\u00a0<\/span><\/p><p><b><span data-contrast=\"none\">Custos de envio \u00c1ustria, B\u00e9lgica, Pa\u00edses Baixos, Luxemburgo e It\u00e1lia<\/span><\/b><span data-ccp-props=\"{&quot;134233118&quot;:false,&quot;201341983&quot;:0,&quot;335551550&quot;:0,&quot;335551620&quot;:0,&quot;335559739&quot;:160,&quot;335559740&quot;:240}\">\u00a0<\/span><\/p><p><span data-contrast=\"none\">O custo de envio para estes pa\u00edses \u00e9 de 9,95 euros, com um prazo m\u00e9dio de entrega de 2 a 4 dias \u00fateis.<\/span><span data-ccp-props=\"{&quot;134233118&quot;:false,&quot;201341983&quot;:0,&quot;335551550&quot;:0,&quot;335551620&quot;:0,&quot;335559739&quot;:160,&quot;335559740&quot;:240}\">\u00a0<\/span><\/p><p><b><span data-contrast=\"none\">Custos de envio Espanha e Portugal:<\/span><\/b><span data-ccp-props=\"{&quot;134233118&quot;:false,&quot;201341983&quot;:0,&quot;335551550&quot;:0,&quot;335551620&quot;:0,&quot;335559739&quot;:160,&quot;335559740&quot;:240}\">\u00a0<\/span><\/p><p><span data-contrast=\"none\">O custo de envio para estes pa\u00edses \u00e9 de 12,95 euros, com um prazo m\u00e9dio de entrega de 3 a 5 dias \u00fateis.<\/span><span data-ccp-props=\"{&quot;134233118&quot;:false,&quot;201341983&quot;:0,&quot;335551550&quot;:0,&quot;335551620&quot;:0,&quot;335559739&quot;:160,&quot;335559740&quot;:240}\">\u00a0<\/span><\/p><p><b><span data-contrast=\"none\">Custos de envio Su\u00ed\u00e7a:<\/span><\/b><span data-ccp-props=\"{&quot;134233118&quot;:false,&quot;201341983&quot;:0,&quot;335551550&quot;:0,&quot;335551620&quot;:0,&quot;335559739&quot;:160,&quot;335559740&quot;:240}\">\u00a0<\/span><\/p><p><span data-contrast=\"none\">O custo de envio para a Su\u00ed\u00e7a \u00e9 de 19,95 euros, com um prazo m\u00e9dio de entrega de 3-4 dias \u00fateis.<\/span><\/p><p><b><span data-contrast=\"none\">Custos de devolu\u00e7\u00e3o da Alemanha e de todos os outros pa\u00edses:<\/span><\/b><\/p><p><span data-contrast=\"none\">Die Kosten gehen zu Lasten des Absenders. Bitte senden Sie kostenlos an die Adresse.<\/span>\u00a0<br \/><span data-ccp-props=\"{&quot;134233118&quot;:false,&quot;201341983&quot;:0,&quot;335551550&quot;:0,&quot;335551620&quot;:0,&quot;335559739&quot;:160,&quot;335559740&quot;:240}\">\u00a0<\/span><\/p><h2><b><span data-contrast=\"none\">Como \u00e9 que devolvo os meus produtos?<\/span><\/b><span data-ccp-props=\"{&quot;134233118&quot;:false,&quot;201341983&quot;:0,&quot;335551550&quot;:0,&quot;335551620&quot;:0,&quot;335559739&quot;:160,&quot;335559740&quot;:240}\">\u00a0<\/span><\/h2><p><b><span data-contrast=\"none\">Devolu\u00e7\u00f5es:<\/span><\/b>\u00a0<br \/><span data-ccp-props=\"{&quot;134233118&quot;:false,&quot;201341983&quot;:0,&quot;335551550&quot;:0,&quot;335551620&quot;:0,&quot;335559739&quot;:160,&quot;335559740&quot;:240}\">\u00a0<\/span><\/p><p><span data-contrast=\"none\">Pretende devolver ou trocar um produto ou a totalidade da encomenda. Pode devolver todos os artigos sem indicar um motivo no prazo de 14 dias, desde que estejam em perfeitas condi\u00e7\u00f5es de venda. N\u00e3o h\u00e1 direito de devolu\u00e7\u00e3o para artigos danificados, usados ou sujos.\u00a0<\/span><span data-ccp-props=\"{&quot;134233118&quot;:false,&quot;201341983&quot;:0,&quot;335551550&quot;:0,&quot;335551620&quot;:0,&quot;335559739&quot;:160,&quot;335559740&quot;:240}\">\u00a0<\/span><\/p><ol><li><span data-contrast=\"none\">Juntamente com a encomenda, deve ser anexada uma nota com o n\u00famero da encomenda, o nome e a morada.<\/span><\/li><li><span data-contrast=\"none\">Se poss\u00edvel, devolva a mercadoria na caixa de transporte original. Os artigos devem ser embalados de forma segura para que n\u00e3o sejam danificados durante o transporte.<\/span><\/li><li><span data-contrast=\"none\">Selar bem a encomenda, carimb\u00e1-la e etiquet\u00e1-la com o seguinte endere\u00e7o:\u00a0\u00a0<\/span><span data-ccp-props=\"{&quot;201341983&quot;:0,&quot;335551550&quot;:0,&quot;335551620&quot;:0,&quot;335559685&quot;:360,&quot;335559739&quot;:0,&quot;335559740&quot;:240,&quot;335559991&quot;:360}\">\u00a0<\/span><\/li><\/ol><div>\u00a0<\/div><p><b><span data-contrast=\"none\">Rocher Direktmarketing-Services<\/span><\/b><span data-ccp-props=\"{&quot;201341983&quot;:0,&quot;335551550&quot;:0,&quot;335551620&quot;:0,&quot;335559739&quot;:0,&quot;335559740&quot;:240}\">\u00a0<\/span><\/p><p><b><span data-contrast=\"none\">Water-to-Go<\/span><\/b><span data-ccp-props=\"{&quot;134233118&quot;:false,&quot;201341983&quot;:0,&quot;335551550&quot;:0,&quot;335551620&quot;:0,&quot;335559739&quot;:160,&quot;335559740&quot;:240}\">\u00a0<\/span><\/p><p><b><span data-contrast=\"none\">Benzstrasse 5<\/span><\/b><span data-ccp-props=\"{&quot;134233118&quot;:false,&quot;201341983&quot;:0,&quot;335551550&quot;:0,&quot;335551620&quot;:0,&quot;335559739&quot;:160,&quot;335559740&quot;:240}\">\u00a0<\/span><\/p><p><b><span data-contrast=\"none\">82178 Puchheim<\/span><\/b><span data-ccp-props=\"{&quot;134233118&quot;:false,&quot;201341983&quot;:0,&quot;335551550&quot;:0,&quot;335551620&quot;:0,&quot;335559739&quot;:160,&quot;335559740&quot;:240}\">\u00a0<\/span><\/p><ol start=\"4\"><li><span data-contrast=\"none\"> Anote a v\u00edrgula do link de rastreamento que voc\u00ea recebe quando entrega a encomenda a uma empresa de transporte de sua escolha.<\/span><\/li><\/ol><ol start=\"5\"><li><span data-contrast=\"none\">Inicie o seu reembolso aqui\u00a0<\/span><a href=\"mailto:watertogo@rocher-services.de\"><span data-contrast=\"none\">watertogo@rocher-services.de.<\/span><\/a><span data-contrast=\"none\"> \u00c9 importante que nos forne\u00e7a um n\u00famero de rastreio para que possamos tratar da sua devolu\u00e7\u00e3o da melhor forma poss\u00edvel.<\/span><\/li><\/ol><ol start=\"6\"><li><span data-contrast=\"none\">Ap\u00f3s rece\u00e7\u00e3o e inspe\u00e7\u00e3o, o seu dinheiro ser\u00e1 trocado ou reembolsado o mais rapidamente poss\u00edvel. Normalmente, os reembolsos s\u00e3o efectuados no prazo de 14 dias \u00fateis.<\/span><\/li><\/ol><p><span data-ccp-props=\"{&quot;201341983&quot;:0,&quot;335551550&quot;:0,&quot;335551620&quot;:0,&quot;335559685&quot;:360,&quot;335559739&quot;:0,&quot;335559740&quot;:240,&quot;335559991&quot;:360}\">\u00a0<\/span><\/p><p><span data-contrast=\"none\"><strong>Para outras quest\u00f5es<\/strong> relacionadas com a entrega\/devolu\u00e7\u00f5es, contactar:\u00a0<\/span><a href=\"mailto:watertogo@rocher-services.de\"><span data-contrast=\"none\">watertogo@rocher-services.de<\/span><\/a><span data-ccp-props=\"{&quot;201341983&quot;:0,&quot;335551550&quot;:0,&quot;335551620&quot;:0,&quot;335559739&quot;:0,&quot;335559740&quot;:240}\">\u00a0<\/span><\/p><p><span data-ccp-props=\"{&quot;201341983&quot;:0,&quot;335551550&quot;:0,&quot;335551620&quot;:0,&quot;335559739&quot;:0,&quot;335559740&quot;:240}\">\u00a0<\/span><\/p><h2><b><span data-contrast=\"none\">Como \u00e9 que posso transmitir uma reclama\u00e7\u00e3o sobre um produto?<\/span><\/b><span data-ccp-props=\"{&quot;134233118&quot;:false,&quot;201341983&quot;:0,&quot;335551550&quot;:0,&quot;335551620&quot;:0,&quot;335559739&quot;:160,&quot;335559740&quot;:240}\">\u00a0<\/span><\/h2><p><b><span data-contrast=\"none\">Reclama\u00e7\u00f5es\/queixas sobre produtos, objec\u00e7\u00f5es, perguntas:<\/span><\/b><span data-ccp-props=\"{&quot;134233118&quot;:false,&quot;201341983&quot;:0,&quot;335551550&quot;:0,&quot;335551620&quot;:0,&quot;335559739&quot;:160,&quot;335559740&quot;:240}\">\u00a0<\/span><\/p><p><span data-contrast=\"none\">Apesar de compilarmos, verificarmos e embalarmos os produtos e a encomenda com muito cuidado, podem ocorrer defeitos nos produtos ou entregas incorrectas em casos individuais. Neste caso e para todas as outras quest\u00f5es, contacte-nos por correio eletr\u00f3nico:\u00a0<\/span><a href=\"mailto:watertogo@rocher-services.de\"><span data-contrast=\"none\">watertogo@rocher-services.de<\/span><\/a><span data-ccp-props=\"{&quot;134233118&quot;:false,&quot;201341983&quot;:0,&quot;335551550&quot;:0,&quot;335551620&quot;:0,&quot;335559739&quot;:160,&quot;335559740&quot;:240}\">\u00a0<\/span><\/p><ol><li><span data-contrast=\"none\">Envie-nos o seu nome, endere\u00e7o e n\u00famero de encomenda para que o possamos atribuir.<\/span><\/li><li><span data-contrast=\"none\">Se tiver uma reclama\u00e7\u00e3o sobre um produto, envie-nos pelo menos uma fotografia da avaria para que a possamos reconhecer claramente.<\/span><\/li><li><span data-contrast=\"none\">Por favor, d\u00ea-nos uma breve descri\u00e7\u00e3o da sua preocupa\u00e7\u00e3o, reclama\u00e7\u00e3o ou defeito espec\u00edfico do produto.<\/span><\/li><li><span data-contrast=\"none\">Processaremos a mensagem de correio eletr\u00f3nico e responderemos normalmente no prazo de um a dois dias \u00fateis.<\/span><\/li><\/ol><p><span data-ccp-props=\"{&quot;134233118&quot;:false,&quot;201341983&quot;:0,&quot;335551550&quot;:0,&quot;335551620&quot;:0,&quot;335559685&quot;:360,&quot;335559739&quot;:160,&quot;335559740&quot;:240,&quot;335559991&quot;:360}\">\u00a0<\/span><\/p><p><b><span data-contrast=\"none\">Para outras quest\u00f5es<\/span><\/b><span data-contrast=\"none\">\u00a0contactar:\u00a0<\/span><a href=\"mailto:watertogo@rocher-services.de\"><span data-contrast=\"none\">watertogo@rocher-services.de<\/span><\/a><span data-ccp-props=\"{&quot;201341983&quot;:0,&quot;335551550&quot;:0,&quot;335551620&quot;:0,&quot;335559739&quot;:0,&quot;335559740&quot;:240}\">\u00a0<\/span><\/p>\t\t\t\t\t\t\t\t<\/div>\n\t\t\t\t<\/div>\n\t\t\t\t\t<\/div>\n\t\t<\/div>\n\t\t\t\t\t<\/div>\n\t\t<\/section>\n\t\t\t\t<\/div>","protected":false},"excerpt":{"rendered":"<p>Versand- und Retourenabwicklung Was kostet mich der Versand bzw. meine Retoure?\u00a0 Versand:\u00a0 Unser Warenversand wird \u00fcber den Logistikdienstleister DHL abgewickelt und erfolgt an die vom Kunden angegebene Lieferadresse. Alle Produkte werden als Paket versendet und sind somit versichert.\u00a0Versandkosten Deutschland: \u00a0 Versand innerhalb von Deutschland betr\u00e4gt 5,95\u20ac mit einer Lieferzeit von durchschnittlich 1-3 Werktagen.\u00a0 Versandkosten \u00d6sterreich, [&hellip;]<\/p>\n","protected":false},"author":1,"featured_media":0,"parent":0,"menu_order":0,"comment_status":"closed","ping_status":"closed","template":"elementor_header_footer","meta":{"footnotes":""},"class_list":["post-1755","page","type-page","status-publish","hentry"],"_links":{"self":[{"href":"https:\/\/watertogo.net\/pt\/wp-json\/wp\/v2\/pages\/1755","targetHints":{"allow":["GET"]}}],"collection":[{"href":"https:\/\/watertogo.net\/pt\/wp-json\/wp\/v2\/pages"}],"about":[{"href":"https:\/\/watertogo.net\/pt\/wp-json\/wp\/v2\/types\/page"}],"author":[{"embeddable":true,"href":"https:\/\/watertogo.net\/pt\/wp-json\/wp\/v2\/users\/1"}],"replies":[{"embeddable":true,"href":"https:\/\/watertogo.net\/pt\/wp-json\/wp\/v2\/comments?post=1755"}],"version-history":[{"count":10,"href":"https:\/\/watertogo.net\/pt\/wp-json\/wp\/v2\/pages\/1755\/revisions"}],"predecessor-version":[{"id":3021,"href":"https:\/\/watertogo.net\/pt\/wp-json\/wp\/v2\/pages\/1755\/revisions\/3021"}],"wp:attachment":[{"href":"https:\/\/watertogo.net\/pt\/wp-json\/wp\/v2\/media?parent=1755"}],"curies":[{"name":"wp","href":"https:\/\/api.w.org\/{rel}","templated":true}]}}