{"id":1740,"date":"2023-07-13T09:15:48","date_gmt":"2023-07-13T09:15:48","guid":{"rendered":"https:\/\/watertogo.net\/?page_id=1740"},"modified":"2024-07-08T11:06:56","modified_gmt":"2024-07-08T09:06:56","slug":"widerrufsrecht","status":"publish","type":"page","link":"https:\/\/watertogo.net\/pt\/widerrufsrecht\/","title":{"rendered":"Direito de anula\u00e7\u00e3o"},"content":{"rendered":"<div data-elementor-type=\"wp-page\" data-elementor-id=\"1740\" class=\"elementor elementor-1740\" data-elementor-post-type=\"page\">\n\t\t\t\t\t\t<section class=\"elementor-section elementor-top-section elementor-element elementor-element-aa6c65a elementor-section-height-min-height elementor-section-boxed elementor-section-height-default elementor-section-items-middle\" data-id=\"aa6c65a\" data-element_type=\"section\" data-e-type=\"section\" data-settings=\"{&quot;background_background&quot;:&quot;gradient&quot;,&quot;shape_divider_bottom&quot;:&quot;mountains&quot;}\">\n\t\t\t\t\t\t\t<div class=\"elementor-background-overlay\"><\/div>\n\t\t\t\t\t\t<div class=\"elementor-shape elementor-shape-bottom\" aria-hidden=\"true\" data-negative=\"false\">\n\t\t\t<svg xmlns=\"http:\/\/www.w3.org\/2000\/svg\" viewbox=\"0 0 1000 100\" preserveaspectratio=\"none\">\n\t<path class=\"elementor-shape-fill\" opacity=\"0.33\" d=\"M473,67.3c-203.9,88.3-263.1-34-320.3,0C66,119.1,0,59.7,0,59.7V0h1000v59.7 c0,0-62.1,26.1-94.9,29.3c-32.8,3.3-62.8-12.3-75.8-22.1C806,49.6,745.3,8.7,694.9,4.7S492.4,59,473,67.3z\"\/>\n\t<path class=\"elementor-shape-fill\" opacity=\"0.66\" d=\"M734,67.3c-45.5,0-77.2-23.2-129.1-39.1c-28.6-8.7-150.3-10.1-254,39.1 s-91.7-34.4-149.2,0C115.7,118.3,0,39.8,0,39.8V0h1000v36.5c0,0-28.2-18.5-92.1-18.5C810.2,18.1,775.7,67.3,734,67.3z\"\/>\n\t<path class=\"elementor-shape-fill\" d=\"M766.1,28.9c-200-57.5-266,65.5-395.1,19.5C242,1.8,242,5.4,184.8,20.6C128,35.8,132.3,44.9,89.9,52.5C28.6,63.7,0,0,0,0 h1000c0,0-9.9,40.9-83.6,48.1S829.6,47,766.1,28.9z\"\/>\n<\/svg>\t\t<\/div>\n\t\t\t\t\t<div class=\"elementor-container elementor-column-gap-default\">\n\t\t\t\t\t<div class=\"elementor-column elementor-col-100 elementor-top-column elementor-element elementor-element-0b9f3a2\" data-id=\"0b9f3a2\" data-element_type=\"column\" data-e-type=\"column\">\n\t\t\t<div class=\"elementor-widget-wrap elementor-element-populated\">\n\t\t\t\t\t\t<div class=\"elementor-element elementor-element-11cacf6 elementor-widget elementor-widget-heading\" data-id=\"11cacf6\" data-element_type=\"widget\" data-e-type=\"widget\" data-widget_type=\"heading.default\">\n\t\t\t\t<div class=\"elementor-widget-container\">\n\t\t\t\t\t<h2 class=\"elementor-heading-title elementor-size-default\">Direito de anula\u00e7\u00e3o<\/h2>\t\t\t\t<\/div>\n\t\t\t\t<\/div>\n\t\t\t\t\t<\/div>\n\t\t<\/div>\n\t\t\t\t\t<\/div>\n\t\t<\/section>\n\t\t\t\t<section class=\"elementor-section elementor-top-section elementor-element elementor-element-cf2b85d elementor-section-boxed elementor-section-height-default elementor-section-height-default\" data-id=\"cf2b85d\" data-element_type=\"section\" data-e-type=\"section\">\n\t\t\t\t\t\t<div class=\"elementor-container elementor-column-gap-wider\">\n\t\t\t\t\t<div class=\"elementor-column elementor-col-100 elementor-top-column elementor-element elementor-element-fabf060\" data-id=\"fabf060\" data-element_type=\"column\" data-e-type=\"column\">\n\t\t\t<div class=\"elementor-widget-wrap elementor-element-populated\">\n\t\t\t\t\t\t<div class=\"elementor-element elementor-element-2574d8e elementor-widget elementor-widget-text-editor\" data-id=\"2574d8e\" data-element_type=\"widget\" data-e-type=\"widget\" data-widget_type=\"text-editor.default\">\n\t\t\t\t<div class=\"elementor-widget-container\">\n\t\t\t\t\t\t\t\t\t<p><strong>Direito de cancelamento para os consumidores<\/strong><\/p><p>Um consumidor \u00e9 qualquer pessoa singular que efectue um neg\u00f3cio jur\u00eddico para fins que n\u00e3o se enquadrem predominantemente no \u00e2mbito da sua atividade comercial, empresarial ou profissional.<\/p><p><strong>Direito de anula\u00e7\u00e3o<\/strong><\/p><p>O comprador tem o direito de rescindir o contrato no prazo de 14 dias, sem necessidade de indicar qualquer motivo. O prazo de resolu\u00e7\u00e3o \u00e9 de 14 dias a contar do dia em que o comprador ou um terceiro por si designado, que n\u00e3o seja o transportador, tenha tomado posse dos bens, desde que o comprador tenha encomendado um ou mais bens no \u00e2mbito de uma \u00fanica encomenda e que estes sejam entregues uniformemente; em que o comprador ou um terceiro por si designado, que n\u00e3o seja o transportador, tenha tomado posse dos \u00faltimos bens. se o utilizador tiver encomendado v\u00e1rios bens no \u00e2mbito de uma \u00fanica encomenda e estes forem entregues separadamente; em que o utilizador ou um terceiro por si designado, que n\u00e3o seja o transportador, tenha tomado posse dos primeiros bens, se os bens forem entregues no \u00e2mbito de uma encomenda para entrega regular durante um determinado per\u00edodo de tempo. Para exercer o direito de rescis\u00e3o, o utilizador deve informar-nos (Rocher Marketing-Services, Water-to-Go, Benzstr. 5, 82178 Puchheim, Alemanha ou e-mail:\u00a0<a href=\"mailto:watertogo@rocher-services.de\">watertogo@rocher-services.de<\/a>da sua decis\u00e3o de rescindir este contrato atrav\u00e9s de uma declara\u00e7\u00e3o clara (por exemplo, uma carta enviada por correio ou e-mail). Pode utilizar o modelo de formul\u00e1rio de rescis\u00e3o em anexo, mas tal n\u00e3o \u00e9 obrigat\u00f3rio. Se utilizar esta op\u00e7\u00e3o, enviar-lhe-emos imediatamente (por exemplo, por correio eletr\u00f3nico) uma confirma\u00e7\u00e3o de rece\u00e7\u00e3o da anula\u00e7\u00e3o. Para respeitar o prazo de anula\u00e7\u00e3o, basta enviar a notifica\u00e7\u00e3o do exerc\u00edcio do direito de anula\u00e7\u00e3o antes do termo do per\u00edodo de anula\u00e7\u00e3o.<\/p><p><strong>A sua anula\u00e7\u00e3o<\/strong><\/p><p>Se quiser rescindir o contrato, envie-nos os seguintes dados por correio ou para o seguinte endere\u00e7o<\/p><p>\u00a0Correio eletr\u00f3nico:\u00a0<a href=\"mailto:watertogo@rocher-services.de\">watertogo@rocher-services.de<\/a><\/p><p>Endere\u00e7o postal:<\/p><p>Rocher Direktmarketing-Services\u00a0<\/p><p>Water-to-Go<\/p><p>Benzstra\u00dfe 5\u00a0<\/p><p>82178 Puchheim<\/p><p><strong>Modelo de formul\u00e1rio de cancelamento:<\/strong><\/p><p>Venho por este meio rescindir o contrato por mim celebrado para a compra dos seguintes bens:<\/p><p>N\u00famero de encomenda:<\/p><p>Artigo:<\/p><p>Encomendado em:<\/p><p>Recebido em:\u00a0<\/p><p>Nome do comprador:\u00a0<\/p><p>Endere\u00e7o do comprador:<\/p><p>Data:<\/p><p><strong>A devolu\u00e7\u00e3o dos bens deve ser efectuada conforme descrito para as devolu\u00e7\u00f5es. <\/strong>O comprador \u00e9 respons\u00e1vel pelos custos de envio da devolu\u00e7\u00e3o. Reembolsaremos o valor da compra conforme descrito.<\/p>\t\t\t\t\t\t\t\t<\/div>\n\t\t\t\t<\/div>\n\t\t\t\t\t<\/div>\n\t\t<\/div>\n\t\t\t\t\t<\/div>\n\t\t<\/section>\n\t\t\t\t<\/div>","protected":false},"excerpt":{"rendered":"<p>Widerrufsrecht Widerrufsrecht f\u00fcr Verbraucher Verbraucher ist jede nat\u00fcrliche Person, die ein Rechtsgesch\u00e4ft zu Zwecken abschlie\u00dft, die \u00fcberwiegend weder ihrer gewerblichen noch ihrer selbstst\u00e4ndigen beruflichen T\u00e4tigkeit zugerechnet werden k\u00f6nnen. Widerrufsrecht Du hast das Recht, binnen 14 Tagen ohne Angabe von Gr\u00fcnden diesen Vertrag zu widerrufen. Die Widerrufsfrist betr\u00e4gt 14 Tage ab dem Tag, an dem du [&hellip;]<\/p>\n","protected":false},"author":1,"featured_media":0,"parent":0,"menu_order":0,"comment_status":"closed","ping_status":"closed","template":"elementor_header_footer","meta":{"footnotes":""},"class_list":["post-1740","page","type-page","status-publish","hentry"],"_links":{"self":[{"href":"https:\/\/watertogo.net\/pt\/wp-json\/wp\/v2\/pages\/1740","targetHints":{"allow":["GET"]}}],"collection":[{"href":"https:\/\/watertogo.net\/pt\/wp-json\/wp\/v2\/pages"}],"about":[{"href":"https:\/\/watertogo.net\/pt\/wp-json\/wp\/v2\/types\/page"}],"author":[{"embeddable":true,"href":"https:\/\/watertogo.net\/pt\/wp-json\/wp\/v2\/users\/1"}],"replies":[{"embeddable":true,"href":"https:\/\/watertogo.net\/pt\/wp-json\/wp\/v2\/comments?post=1740"}],"version-history":[{"count":10,"href":"https:\/\/watertogo.net\/pt\/wp-json\/wp\/v2\/pages\/1740\/revisions"}],"predecessor-version":[{"id":2579,"href":"https:\/\/watertogo.net\/pt\/wp-json\/wp\/v2\/pages\/1740\/revisions\/2579"}],"wp:attachment":[{"href":"https:\/\/watertogo.net\/pt\/wp-json\/wp\/v2\/media?parent=1740"}],"curies":[{"name":"wp","href":"https:\/\/api.w.org\/{rel}","templated":true}]}}