{"id":6088,"date":"2025-08-11T16:11:01","date_gmt":"2025-08-11T14:11:01","guid":{"rendered":"https:\/\/watertogo.net\/?post_type=product&#038;p=6088"},"modified":"2026-02-23T16:12:33","modified_gmt":"2026-02-23T15:12:33","slug":"flaschen-tasche-neopren-umhaengetasche-mit-vielen-extras","status":"publish","type":"product","link":"https:\/\/watertogo.net\/it\/produkt\/flaschen-tasche-neopren-umhaengetasche-mit-vielen-extras\/","title":{"rendered":"Bottle Bag \u2013 Borsa a tracolla in neoprene con tanti extra"},"content":{"rendered":"<p><b>Borsa a tracolla isolante<\/b><br \/>\nRealizzata in materiale tipo neoprene spesso 3 mm, di colore nero, con etichetta bianca con logo Water-to-Go.<\/p>\n<p><span class=\"TextRun Highlight SCXW196863649 BCX4\" lang=\"DE-DE\" xml:lang=\"DE-DE\" data-contrast=\"none\"><span class=\"NormalTextRun SCXW196863649 BCX4\">La pratica borsa <\/span><span class=\"NormalTextRun SCXW196863649 BCX4\">Water<\/span><span class=\"NormalTextRun SCXW196863649 BCX4\">&#8211;<\/span><span class=\"NormalTextRun SCXW196863649 BCX4\">to<\/span><span class=\"NormalTextRun SCXW196863649 BCX4\">-Go in neoprene \u00e8 adatta a tutti i tipi di bottiglie ed \u00e8 alta 28 cm. Protegge la tua bottiglia, mantiene le bevande fresche pi\u00f9 a lungo e offre un comodo trasporto. La borsa pu\u00f2 essere chiusa o stretta in alto e, grazie all\u2019occhiello integrato, pu\u00f2 essere fissata alla cintura o allo zaino. In alternativa, puoi semplicemente portarla a mano tramite la maniglia.<\/span><\/span><\/p>\n<p>Consegna senza bottiglia<\/p>","protected":false},"excerpt":{"rendered":"<p>La pratica borsa Water-to-Go in neoprene \u00e8 adatta a tutti i tipi di bottiglie Water-to-Go.<\/p>\n<p>Protegge la tua bottiglia, mantiene la tua acqua potabile fresca pi\u00f9 a lungo e offre un comodo trasporto. La borsa pu\u00f2 essere stretta nella parte superiore e, grazie a un occhiello aggiuntivo, pu\u00f2 essere facilmente fissata alla cintura o allo zaino. In alternativa, puoi semplicemente portarla a mano tramite la maniglia.<\/p>\n<p><b>Punti chiave:<\/b><b><\/b><\/p>\n<ul>\n<li>Adatta a tutte le nostre bottiglie<\/li>\n<li>Mantiene la tua acqua potabile fresca pi\u00f9 a lungo<\/li>\n<li>Protegge dal freddo e riduce il rischio di congelamento<\/li>\n<li>Coulisse superiore con fermo<\/li>\n<li>Manico corto e tracolla lunga incluse<\/li>\n<li>Opzioni di trasporto versatili: alla cintura, nello zaino o in mano<\/li>\n<li>2 tasche aggiuntive con cerniera per riporre telefono, portafoglio o chiavi<\/li>\n<li>Materiale in neoprene resistente e isolante<\/li>\n<li>Protegge la bottiglia da urti e graffi<\/li>\n<li>Chiusura per una tenuta sicura<\/li>\n<\/ul>\n<p>Consegna senza bottiglia<\/p>","protected":false},"featured_media":7629,"comment_status":"closed","ping_status":"closed","template":"","meta":[],"product_brand":[],"product_cat":[87],"product_tag":[],"class_list":{"0":"post-6088","1":"product","2":"type-product","3":"status-publish","4":"has-post-thumbnail","6":"product_cat-taschen-bags","8":"first","9":"instock","10":"taxable","11":"shipping-taxable","12":"purchasable","13":"product-type-simple"},"_links":{"self":[{"href":"https:\/\/watertogo.net\/it\/wp-json\/wp\/v2\/product\/6088","targetHints":{"allow":["GET"]}}],"collection":[{"href":"https:\/\/watertogo.net\/it\/wp-json\/wp\/v2\/product"}],"about":[{"href":"https:\/\/watertogo.net\/it\/wp-json\/wp\/v2\/types\/product"}],"replies":[{"embeddable":true,"href":"https:\/\/watertogo.net\/it\/wp-json\/wp\/v2\/comments?post=6088"}],"wp:featuredmedia":[{"embeddable":true,"href":"https:\/\/watertogo.net\/it\/wp-json\/wp\/v2\/media\/7629"}],"wp:attachment":[{"href":"https:\/\/watertogo.net\/it\/wp-json\/wp\/v2\/media?parent=6088"}],"wp:term":[{"taxonomy":"product_brand","embeddable":true,"href":"https:\/\/watertogo.net\/it\/wp-json\/wp\/v2\/product_brand?post=6088"},{"taxonomy":"product_cat","embeddable":true,"href":"https:\/\/watertogo.net\/it\/wp-json\/wp\/v2\/product_cat?post=6088"},{"taxonomy":"product_tag","embeddable":true,"href":"https:\/\/watertogo.net\/it\/wp-json\/wp\/v2\/product_tag?post=6088"}],"curies":[{"name":"wp","href":"https:\/\/api.w.org\/{rel}","templated":true}]}}