{"id":610,"date":"2023-05-03T05:19:12","date_gmt":"2023-05-03T05:19:12","guid":{"rendered":"https:\/\/watertogo.net\/?page_id=610"},"modified":"2025-08-13T11:06:03","modified_gmt":"2025-08-13T09:06:03","slug":"impressum","status":"publish","type":"page","link":"https:\/\/watertogo.net\/it\/impressum\/","title":{"rendered":"Impronta"},"content":{"rendered":"<div data-elementor-type=\"wp-page\" data-elementor-id=\"610\" class=\"elementor elementor-610\" data-elementor-post-type=\"page\">\n\t\t\t\t\t\t<section class=\"elementor-section elementor-top-section elementor-element elementor-element-ba7137c elementor-section-height-min-height elementor-section-boxed elementor-section-height-default elementor-section-items-middle\" data-id=\"ba7137c\" data-element_type=\"section\" data-e-type=\"section\" data-settings=\"{&quot;background_background&quot;:&quot;gradient&quot;,&quot;shape_divider_bottom&quot;:&quot;mountains&quot;}\">\n\t\t\t\t\t\t\t<div class=\"elementor-background-overlay\"><\/div>\n\t\t\t\t\t\t<div class=\"elementor-shape elementor-shape-bottom\" aria-hidden=\"true\" data-negative=\"false\">\n\t\t\t<svg xmlns=\"http:\/\/www.w3.org\/2000\/svg\" viewbox=\"0 0 1000 100\" preserveaspectratio=\"none\">\n\t<path class=\"elementor-shape-fill\" opacity=\"0.33\" d=\"M473,67.3c-203.9,88.3-263.1-34-320.3,0C66,119.1,0,59.7,0,59.7V0h1000v59.7 c0,0-62.1,26.1-94.9,29.3c-32.8,3.3-62.8-12.3-75.8-22.1C806,49.6,745.3,8.7,694.9,4.7S492.4,59,473,67.3z\"\/>\n\t<path class=\"elementor-shape-fill\" opacity=\"0.66\" d=\"M734,67.3c-45.5,0-77.2-23.2-129.1-39.1c-28.6-8.7-150.3-10.1-254,39.1 s-91.7-34.4-149.2,0C115.7,118.3,0,39.8,0,39.8V0h1000v36.5c0,0-28.2-18.5-92.1-18.5C810.2,18.1,775.7,67.3,734,67.3z\"\/>\n\t<path class=\"elementor-shape-fill\" d=\"M766.1,28.9c-200-57.5-266,65.5-395.1,19.5C242,1.8,242,5.4,184.8,20.6C128,35.8,132.3,44.9,89.9,52.5C28.6,63.7,0,0,0,0 h1000c0,0-9.9,40.9-83.6,48.1S829.6,47,766.1,28.9z\"\/>\n<\/svg>\t\t<\/div>\n\t\t\t\t\t<div class=\"elementor-container elementor-column-gap-default\">\n\t\t\t\t\t<div class=\"elementor-column elementor-col-100 elementor-top-column elementor-element elementor-element-1f549e2\" data-id=\"1f549e2\" data-element_type=\"column\" data-e-type=\"column\">\n\t\t\t<div class=\"elementor-widget-wrap elementor-element-populated\">\n\t\t\t\t\t\t<div class=\"elementor-element elementor-element-04cbc94 elementor-widget elementor-widget-heading\" data-id=\"04cbc94\" data-element_type=\"widget\" data-e-type=\"widget\" data-widget_type=\"heading.default\">\n\t\t\t\t<div class=\"elementor-widget-container\">\n\t\t\t\t\t<h2 class=\"elementor-heading-title elementor-size-default\">Impronta<\/h2>\t\t\t\t<\/div>\n\t\t\t\t<\/div>\n\t\t\t\t\t<\/div>\n\t\t<\/div>\n\t\t\t\t\t<\/div>\n\t\t<\/section>\n\t\t\t\t<section class=\"elementor-section elementor-top-section elementor-element elementor-element-b8527f5 elementor-section-boxed elementor-section-height-default elementor-section-height-default\" data-id=\"b8527f5\" data-element_type=\"section\" data-e-type=\"section\">\n\t\t\t\t\t\t<div class=\"elementor-container elementor-column-gap-wider\">\n\t\t\t\t\t<div class=\"elementor-column elementor-col-100 elementor-top-column elementor-element elementor-element-33d1a33\" data-id=\"33d1a33\" data-element_type=\"column\" data-e-type=\"column\">\n\t\t\t<div class=\"elementor-widget-wrap elementor-element-populated\">\n\t\t\t\t\t\t<div class=\"elementor-element elementor-element-075a311 elementor-widget elementor-widget-image\" data-id=\"075a311\" data-element_type=\"widget\" data-e-type=\"widget\" data-widget_type=\"image.default\">\n\t\t\t\t<div class=\"elementor-widget-container\">\n\t\t\t\t\t\t\t\t\t\t\t\t\t\t\t<img fetchpriority=\"high\" decoding=\"async\" width=\"572\" height=\"153\" src=\"https:\/\/watertogo.net\/wp-content\/uploads\/2023\/04\/logo-blue.png\" class=\"attachment-large size-large wp-image-85\" alt=\"Logo auf transparentem Hintergrund\" srcset=\"https:\/\/watertogo.net\/wp-content\/uploads\/2023\/04\/logo-blue.png 572w, https:\/\/watertogo.net\/wp-content\/uploads\/2023\/04\/logo-blue-300x80.png 300w\" sizes=\"(max-width: 572px) 100vw, 572px\" \/>\t\t\t\t\t\t\t\t\t\t\t\t\t\t\t<\/div>\n\t\t\t\t<\/div>\n\t\t\t\t<div class=\"elementor-element elementor-element-26c6122 elementor-align-start elementor-icon-list--layout-traditional elementor-list-item-link-full_width elementor-widget elementor-widget-icon-list\" data-id=\"26c6122\" data-element_type=\"widget\" data-e-type=\"widget\" data-widget_type=\"icon-list.default\">\n\t\t\t\t<div class=\"elementor-widget-container\">\n\t\t\t\t\t\t\t<ul class=\"elementor-icon-list-items\">\n\t\t\t\t\t\t\t<li class=\"elementor-icon-list-item\">\n\t\t\t\t\t\t\t\t\t\t\t<span class=\"elementor-icon-list-icon\">\n\t\t\t\t\t\t\t<i aria-hidden=\"true\" class=\"fas fa-map-marker-alt\"><\/i>\t\t\t\t\t\t<\/span>\n\t\t\t\t\t\t\t\t\t\t<span class=\"elementor-icon-list-text\"><b>Water-to-GO Ralf Illgen &amp; Birgit Riedel GbR<\/b><br> Feldg\u00e4rtenstr. 40<br> 50735 K\u00f6ln <\/span>\n\t\t\t\t\t\t\t\t\t<\/li>\n\t\t\t\t\t\t\t\t<li class=\"elementor-icon-list-item\">\n\t\t\t\t\t\t\t\t\t\t\t<span class=\"elementor-icon-list-icon\">\n\t\t\t\t\t\t\t\t\t\t\t\t\t<\/span>\n\t\t\t\t\t\t\t\t\t\t<span class=\"elementor-icon-list-text\">Fax: +49 221 9650114<\/span>\n\t\t\t\t\t\t\t\t\t<\/li>\n\t\t\t\t\t\t<\/ul>\n\t\t\t\t\t\t<\/div>\n\t\t\t\t<\/div>\n\t\t\t\t<div class=\"elementor-element elementor-element-429dc2f elementor-widget elementor-widget-image\" data-id=\"429dc2f\" data-element_type=\"widget\" data-e-type=\"widget\" data-widget_type=\"image.default\">\n\t\t\t\t<div class=\"elementor-widget-container\">\n\t\t\t\t\t\t\t\t\t\t\t\t\t\t\t<img decoding=\"async\" width=\"800\" height=\"124\" src=\"https:\/\/watertogo.net\/wp-content\/uploads\/2023\/05\/New-Project-12.jpg\" class=\"attachment-large size-large wp-image-959\" alt=\"\" srcset=\"https:\/\/watertogo.net\/wp-content\/uploads\/2023\/05\/New-Project-12.jpg 853w, https:\/\/watertogo.net\/wp-content\/uploads\/2023\/05\/New-Project-12-300x46.jpg 300w, https:\/\/watertogo.net\/wp-content\/uploads\/2023\/05\/New-Project-12-768x119.jpg 768w, https:\/\/watertogo.net\/wp-content\/uploads\/2023\/05\/New-Project-12-600x93.jpg 600w\" sizes=\"(max-width: 800px) 100vw, 800px\" \/>\t\t\t\t\t\t\t\t\t\t\t\t\t\t\t<\/div>\n\t\t\t\t<\/div>\n\t\t\t\t<div class=\"elementor-element elementor-element-90fa611 elementor-widget elementor-widget-text-editor\" data-id=\"90fa611\" data-element_type=\"widget\" data-e-type=\"widget\" data-widget_type=\"text-editor.default\">\n\t\t\t\t<div class=\"elementor-widget-container\">\n\t\t\t\t\t\t\t\t\t<h2>Angaben gem\u00e4\u00df \u00a7 5 DDG:<\/h2><p>Water-to-GO Ralf Illgen &amp; Birgit Riedel GbR<\/p><h3>Indirizzo postale:<\/h3><p>Feldg\u00e4rtenstr. 40<br \/>50735 K\u00f6ln<\/p><h3>Rappresentato da:<\/h3><p>Ralf Illgen und Birgit Riedel<\/p><h3>Numero di identificazione dell'imposta sulle vendite<\/h3><p>DE359879442<\/p><h2>Note sul sito web<\/h2><h2>Informazioni ai sensi del \u00a7 36 VSBG<\/h2><p>Ai sensi del \u00a7 36 VSBG (Legge sulla risoluzione delle controversie dei consumatori - Legge sulla risoluzione alternativa delle controversie in materia di consumo), il gestore di questo sito web dichiara:<\/p><p>Non siamo disposti n\u00e9 obbligati a partecipare a procedure di risoluzione delle controversie davanti a un collegio arbitrale dei consumatori.<\/p><h2>Nota<\/h2><p>Wir sind nicht bereit oder verpflichtet, an Streitbeilegungsverfahren vor einer Verbraucherschlichtungsstelle teilzunehmen.<\/p><p><em style=\"font-size: 1rem;\">L'impronta \u00e8 stata creata con il <a href=\"https:\/\/www.activemind.de\/datenschutz\/impressums-generator\/\" target=\"_blank\" rel=\"noopener\">Impressums-Generator der activeMind AG<\/a> .<\/em><\/p>\t\t\t\t\t\t\t\t<\/div>\n\t\t\t\t<\/div>\n\t\t\t\t\t<\/div>\n\t\t<\/div>\n\t\t\t\t\t<\/div>\n\t\t<\/section>\n\t\t\t\t<\/div>","protected":false},"excerpt":{"rendered":"<p>Impressum Water to GO Ralf Illgen &#038; Birgit Riedel GbR Feldg\u00e4rtenstr. 40 50735 K\u00f6ln Fax: +49 221 9650114 Angaben gem\u00e4\u00df \u00a7 5 DDG: Water to GO Ralf Illgen &amp; Birgit Riedel GbR Postanschrift: Feldg\u00e4rtenstr. 4050735 K\u00f6ln Vertreten durch: Ralf Illgen und Birgit Riedel Umsatzsteuer-Identifikationsnummer DE359879442 Hinweise zur Website Information gem\u00e4\u00df \u00a7 36 VSBG Gem\u00e4\u00df \u00a7 [&hellip;]<\/p>\n","protected":false},"author":1,"featured_media":0,"parent":0,"menu_order":0,"comment_status":"closed","ping_status":"closed","template":"elementor_header_footer","meta":{"footnotes":""},"class_list":["post-610","page","type-page","status-publish","hentry"],"_links":{"self":[{"href":"https:\/\/watertogo.net\/it\/wp-json\/wp\/v2\/pages\/610","targetHints":{"allow":["GET"]}}],"collection":[{"href":"https:\/\/watertogo.net\/it\/wp-json\/wp\/v2\/pages"}],"about":[{"href":"https:\/\/watertogo.net\/it\/wp-json\/wp\/v2\/types\/page"}],"author":[{"embeddable":true,"href":"https:\/\/watertogo.net\/it\/wp-json\/wp\/v2\/users\/1"}],"replies":[{"embeddable":true,"href":"https:\/\/watertogo.net\/it\/wp-json\/wp\/v2\/comments?post=610"}],"version-history":[{"count":10,"href":"https:\/\/watertogo.net\/it\/wp-json\/wp\/v2\/pages\/610\/revisions"}],"predecessor-version":[{"id":6198,"href":"https:\/\/watertogo.net\/it\/wp-json\/wp\/v2\/pages\/610\/revisions\/6198"}],"wp:attachment":[{"href":"https:\/\/watertogo.net\/it\/wp-json\/wp\/v2\/media?parent=610"}],"curies":[{"name":"wp","href":"https:\/\/api.w.org\/{rel}","templated":true}]}}