{"id":2676,"date":"2023-09-15T11:05:33","date_gmt":"2023-09-15T09:05:33","guid":{"rendered":"https:\/\/watertogo.net\/?page_id=2676"},"modified":"2025-01-28T11:02:05","modified_gmt":"2025-01-28T10:02:05","slug":"agb-affiliates","status":"publish","type":"page","link":"https:\/\/watertogo.net\/it\/agb-affiliates\/","title":{"rendered":"Affiliate AGB"},"content":{"rendered":"<div data-elementor-type=\"wp-page\" data-elementor-id=\"2676\" class=\"elementor elementor-2676\" data-elementor-post-type=\"page\">\n\t\t\t\t\t\t<section class=\"elementor-section elementor-top-section elementor-element elementor-element-9236e7d elementor-section-height-min-height elementor-section-boxed elementor-section-height-default elementor-section-items-middle\" data-id=\"9236e7d\" data-element_type=\"section\" data-e-type=\"section\" data-settings=\"{&quot;background_background&quot;:&quot;gradient&quot;,&quot;shape_divider_bottom&quot;:&quot;mountains&quot;}\">\n\t\t\t\t\t\t\t<div class=\"elementor-background-overlay\"><\/div>\n\t\t\t\t\t\t<div class=\"elementor-shape elementor-shape-bottom\" aria-hidden=\"true\" data-negative=\"false\">\n\t\t\t<svg xmlns=\"http:\/\/www.w3.org\/2000\/svg\" viewbox=\"0 0 1000 100\" preserveaspectratio=\"none\">\n\t<path class=\"elementor-shape-fill\" opacity=\"0.33\" d=\"M473,67.3c-203.9,88.3-263.1-34-320.3,0C66,119.1,0,59.7,0,59.7V0h1000v59.7 c0,0-62.1,26.1-94.9,29.3c-32.8,3.3-62.8-12.3-75.8-22.1C806,49.6,745.3,8.7,694.9,4.7S492.4,59,473,67.3z\"\/>\n\t<path class=\"elementor-shape-fill\" opacity=\"0.66\" d=\"M734,67.3c-45.5,0-77.2-23.2-129.1-39.1c-28.6-8.7-150.3-10.1-254,39.1 s-91.7-34.4-149.2,0C115.7,118.3,0,39.8,0,39.8V0h1000v36.5c0,0-28.2-18.5-92.1-18.5C810.2,18.1,775.7,67.3,734,67.3z\"\/>\n\t<path class=\"elementor-shape-fill\" d=\"M766.1,28.9c-200-57.5-266,65.5-395.1,19.5C242,1.8,242,5.4,184.8,20.6C128,35.8,132.3,44.9,89.9,52.5C28.6,63.7,0,0,0,0 h1000c0,0-9.9,40.9-83.6,48.1S829.6,47,766.1,28.9z\"\/>\n<\/svg>\t\t<\/div>\n\t\t\t\t\t<div class=\"elementor-container elementor-column-gap-default\">\n\t\t\t\t\t<div class=\"elementor-column elementor-col-100 elementor-top-column elementor-element elementor-element-c34b5bb\" data-id=\"c34b5bb\" data-element_type=\"column\" data-e-type=\"column\">\n\t\t\t<div class=\"elementor-widget-wrap elementor-element-populated\">\n\t\t\t\t\t\t<div class=\"elementor-element elementor-element-70c8aa4 elementor-widget elementor-widget-heading\" data-id=\"70c8aa4\" data-element_type=\"widget\" data-e-type=\"widget\" data-widget_type=\"heading.default\">\n\t\t\t\t<div class=\"elementor-widget-container\">\n\t\t\t\t\t<h2 class=\"elementor-heading-title elementor-size-default\">Programma di affiliazione<\/h2>\t\t\t\t<\/div>\n\t\t\t\t<\/div>\n\t\t\t\t\t<\/div>\n\t\t<\/div>\n\t\t\t\t\t<\/div>\n\t\t<\/section>\n\t\t\t\t<section class=\"elementor-section elementor-top-section elementor-element elementor-element-b614a11 elementor-section-boxed elementor-section-height-default elementor-section-height-default\" data-id=\"b614a11\" data-element_type=\"section\" data-e-type=\"section\">\n\t\t\t\t\t\t<div class=\"elementor-container elementor-column-gap-wider\">\n\t\t\t\t\t<div class=\"elementor-column elementor-col-100 elementor-top-column elementor-element elementor-element-1bc85dc\" data-id=\"1bc85dc\" data-element_type=\"column\" data-e-type=\"column\">\n\t\t\t<div class=\"elementor-widget-wrap elementor-element-populated\">\n\t\t\t\t\t\t<div class=\"elementor-element elementor-element-d052baf elementor-widget elementor-widget-text-editor\" data-id=\"d052baf\" data-element_type=\"widget\" data-e-type=\"widget\" data-widget_type=\"text-editor.default\">\n\t\t\t\t<div class=\"elementor-widget-container\">\n\t\t\t\t\t\t\t\t\t<p><b style=\"caret-color: #000000; color: #000000;\">CONDIZIONI GENERALI DI CONTRATTO<\/b><span style=\"caret-color: #000000; color: #000000;\" data-ccp-props=\"{&quot;201341983&quot;:0,&quot;335551550&quot;:2,&quot;335551620&quot;:2,&quot;335559738&quot;:240,&quot;335559739&quot;:240,&quot;335559740&quot;:240}\">\u00a0<\/span><\/p>\t\t\t\t\t\t\t\t<\/div>\n\t\t\t\t<\/div>\n\t\t\t\t<div class=\"elementor-element elementor-element-0a985f0 elementor-widget elementor-widget-text-editor\" data-id=\"0a985f0\" data-element_type=\"widget\" data-e-type=\"widget\" data-widget_type=\"text-editor.default\">\n\t\t\t\t<div class=\"elementor-widget-container\">\n\t\t\t\t\t\t\t\t\t<p><i>http:\/\/www.watertogo.net<\/i><\/p><p><i>Benvenuti a Water-to-Go!<\/i><\/p><h3>(1) Le condizioni generali dell'inserzionista per il programma partner affiliato.<\/h3><h5><strong>1. Ambito di applicazione<\/strong><\/h5><p>(1) Le presenti condizioni di partecipazione (di seguito \"CG\") si applicano al rapporto contrattuale tra Ralf Illgen &amp; Brigit Riedel GbR, Feldg\u00e4rtenstr. 40, 50735 Colonia, Germania, e i partner contrattuali (di seguito \"partner\") del programma di affiliazione della piattaforma www.watertogo.net (di seguito \"programma di affiliazione\").<\/p><p>(2) Forniamo i nostri servizi esclusivamente sulla base delle presenti CG. I termini e le condizioni del partner richiedono il nostro esplicito consenso scritto e non sono pertanto applicabili anche se non ci opponiamo espressamente alla loro validit\u00e0.<\/p><h5><strong>2. Conclusione del contratto<\/strong><\/h5><p>(1) Il contratto tra noi e il partner viene stipulato esclusivamente tramite la nostra procedura di candidatura online via e-mail. Con la candidatura, il partner presenta un'offerta di partecipazione al programma di affiliazione e accetta i nostri T&amp;C per gli affiliati. Il contratto si conclude solo quando dichiariamo espressamente l'accettazione dell'offerta o rilasciamo materiale pubblicitario specifico per il partner.<\/p><p>(2) Non sussiste alcun diritto a partecipare al programma partner e a stipulare un contratto con noi. Possiamo rifiutare singoli partner in qualsiasi momento e senza fornire motivazioni.<\/p><h5><strong>3. Oggetto del contratto<\/strong><\/h5><p>(1) L'oggetto del presente contratto \u00e8 la partecipazione al programma partner, che ha lo scopo di aumentare le vendite dei nostri prodotti tramite la nostra piattaforma\u00a0<a href=\"https:\/\/watertogo.net\/it\/\">www.watertogo.net<\/a>\u00a0\u00a0Attraverso le sue attivit\u00e0 pubblicitarie, il partner acquisisce utenti che si registrano su almeno una delle nostre piattaforme ai sensi del punto 4.3 delle presenti CGC e che generano ordini di prodotti attraverso di essa. La partecipazione al programma partner \u00e8 gratuita per il partner.<\/p><p>(2) Il partner inserisce i contenuti approvati sotto la propria responsabilit\u00e0 sui propri siti web e canali di social media registrati e approvati nel programma partner (di seguito denominati \"canali partner\"). Il Partner \u00e8 libero di decidere se e per quanto tempo inserire i contenuti nei canali del Partner. \u00c8 autorizzato a rimuovere i contenuti in qualsiasi momento.<\/p><p>(3) Il Partner ricever\u00e0 una commissione per la pubblicit\u00e0 e il successivo invio di transazioni (e conseguenti ordini di prodotti) da parte di nuovi clienti. I dettagli sono riportati nella sezione 7 delle presenti CGC.<\/p><p>(4) Il programma partner non stabilisce alcun altro rapporto contrattuale tra le parti oltre al presente contratto.<\/p><h5><strong>4. Funzionamento del programma partner<\/strong><\/h5><p>(1) Il partner deve registrarsi al programma partner sulla nostra piattaforma\u00a0<a href=\"https:\/\/watertogo.net\/it\/\">www.watertogo.net<\/a>\u00a0utilizzando i dati richiesti durante la registrazione. Dopo l'avvenuta registrazione, verr\u00e0 creato un account cliente per il partner, attraverso il quale il partner potr\u00e0 gestire le sue attivit\u00e0 di partner. Inoltre, il partner deve completare il proprio account utente.<\/p><p>(2) Al Partner verr\u00e0 fornito un link di registrazione specifico con un ID individuale come codice di riferimento per la nostra piattaforma\u00a0<a href=\"https:\/\/watertogo.net\/it\/\">www.watertogo.net<\/a>\u00a0che pu\u00f2 essere utilizzato per identificare gli utenti segnalati dal Partner quando si registrano tramite il link.<\/p><p class=\"translation-block\">(3) \u00dcber das Kundenkonto unserer Plattform&nbsp;<a href=\"https:\/\/watertogo.net\/it\/\" target=\"_self\">www.watertogo.net<\/a>&nbsp;&nbsp;(\u201eWatertogo-Dashboard\u201c) erh\u00e4lt der Partner eine \u00dcbersicht \u00fcber die geworbenen Nutzer mit der jeweiligen Provision.<\/p><h5><strong>5. I nostri compiti<\/strong><\/h5><p>(1) Forniamo al partner una selezione di banner pubblicitari, loghi e immagini di prodotti per le singole campagne a nostra discrezione.<\/p><p>(2) Gestiamo le nostre piattaforme e i servizi offerti su di esse a nostra discrezione nell'ambito delle possibilit\u00e0 tecniche a nostra disposizione. In questo contesto, non garantiamo la disponibilit\u00e0 senza errori e\/o ininterrotta del sito web. La qualit\u00e0 e la correttezza dei prodotti e del materiale pubblicitario offerti sul nostro sito web sono a nostra esclusiva discrezione.<\/p><p>(3) Inoltre, ci impegniamo a pagare la retribuzione in conformit\u00e0 alla clausola 7, alle condizioni ivi specificate.<\/p><h5><strong>6. Diritti e obblighi del partner<\/strong><\/h5><p>(1) Il partner \u00e8 responsabile del contenuto e del funzionamento continuo dei canali partner e non vi inserir\u00e0, durante la durata del presente contratto, contenuti che violino le leggi vigenti, il buon costume o i diritti di terzi e\/o che possano danneggiare la nostra reputazione. Siamo autorizzati, ma non obbligati, a controllare i canali dei partner. In particolare, al partner \u00e8 vietato diffondere contenuti che<\/p><ul><li>Razzismo,<\/li><li>Glorificazione della violenza e dell'estremismo di qualsiasi tipo,<\/li><li>Incitamento e istigazione a commettere reati e\/o violazioni della legge, minacce contro la vita, l'incolumit\u00e0 fisica o la propriet\u00e0,<\/li><li>Agitazione contro persone o aziende,<\/li><li>dichiarazioni diffamatorie, calunnie, diffamazioni e diffamazioni di utenti e terzi, nonch\u00e9 violazioni della legge sul commercio equo,<\/li><li>contenuti che violano il diritto d'autore o altre violazioni di diritti di propriet\u00e0 intellettuale o<\/li><li>molestie sessuali nei confronti di utenti e terzi<\/li><\/ul><p>rappresentare, riguardare o contenere qualsiasi altro contenuto. Tali contenuti non possono essere integrati nei Canali partner stessi, n\u00e9 i Canali partner possono collegarsi a contenuti corrispondenti su altri siti web.<\/p><p>(2) \u00c8 vietata qualsiasi forma di abuso, vale a dire la generazione di lead e\/o ordini di prodotti attraverso metodi sleali o mezzi non autorizzati che violino la legge applicabile e\/o le presenti CGV. In particolare, al Partner \u00e8 vietato tentare di generare lead, ordini e\/o vendite direttamente o tramite terzi mediante una o pi\u00f9 delle seguenti pratiche o per garantire un incarico al Partner:<\/p><ul><li>Falsificare lead e ordini di prodotti che non sono stati effettivamente effettuati, ad esempio fornendo dati di terzi non autorizzati o dati falsi o inesistenti quando si ordinano prodotti sul nostro sito web,<\/li><li>Utilizzo di forme pubblicitarie che consentono il tracciamento ma non visualizzano il materiale pubblicitario, non lo visualizzano in modo percettibile o non lo visualizzano nella forma e\/o nelle dimensioni indicate,<\/li><li>altre forme di frode di affiliazione (in particolare cookie spamming, click forzati, affiliate hopping) e l'uso di layer, add-on, iFrame e tecnologia post-view per aumentare i contatti,<\/li><li>L'utilizzo di termini legalmente protetti per noi o per terzi, in particolare di marchi, ad esempio nei motori di ricerca, negli annunci o nella pubblicit\u00e0 sul sito web del partner senza il nostro esplicito consenso scritto. In particolare, al Partner \u00e8 vietato mantenere su Internet siti web che possano generare un rischio di confusione con noi o con i prodotti da noi offerti. In particolare, il partner non pu\u00f2 copiare il nostro sito web, le nostre landing page o altre apparizioni, n\u00e9 adottare grafici, testi o altri contenuti da noi. Il partner deve evitare di dare l'impressione che i canali partner siano un nostro progetto o che il loro gestore sia economicamente collegato a noi in un modo che vada oltre il programma partner e il presente contratto. Qualsiasi utilizzo di materiali o contenuti del nostro sito web o dei nostri loghi o marchi da parte del partner richiede la nostra preventiva approvazione scritta.<\/li><li><strong>Il partner pu\u00f2 gestire un solo account per il programma partner per la piattaforma www.watertogo.net. Al partner \u00e8 espressamente vietato gestire pi\u00f9 account con indirizzi e-mail diversi.<\/strong><\/li><\/ul><p>(3) Il Partner si impegna a gestire il Sito Web del Partner in conformit\u00e0 alle leggi vigenti e, in particolare, a mantenere una corretta informativa legale.<\/p><p>(4) Il Partner dovr\u00e0 rimuovere immediatamente i prodotti dai Canali del Partner se richiesto da noi. Ci\u00f2 vale anche e soprattutto per i canali sui quali, per qualsiasi motivo, non vogliamo o non desideriamo pi\u00f9 inserire i prodotti.<\/p><p>(5) Il Partner non potr\u00e0 inserire annunci contestuali (in particolare annunci sui social media, ad esempio su Facebook e Instagram, Google AdWords o AdSense) che contengano il nostro nome, parole chiave o marchi aziendali o che siano forniti sulla base dell'utilizzo di parole chiave corrispondenti. Lo stesso vale per i nomi dei nostri prodotti.<\/p><h5><strong>7. Remunerazione<\/strong><\/h5><p>(1) Il partner contrattuale riceve da noi una remunerazione legata alle prestazioni per gli ordini di prodotti generati da un utente segnalato dal partner.<\/p><p>(2) Il diritto al pagamento della retribuzione sorge solo alle seguenti condizioni:<\/p><ul><li>un utente si \u00e8 registrato sulla piattaforma www.watertogo.net in conformit\u00e0 alla sezione 4.3 come risultato dell'attivit\u00e0 pubblicitaria del partner e ha effettuato un conseguente ordine di prodotti.<\/li><li>Gli ordini di prodotti e di lead sono stati da noi registrati (\"tracciati\"),<\/li><li>Gli ordini di piombo e di prodotto sono stati approvati e confermati da noi e<\/li><li>non vi sia un abuso ai sensi della Sezione 6.2 delle presenti CGC.<\/li><\/ul><p>(3) Un ordine di prodotti andato a buon fine \u00e8 un ordine effettuato tramite\u00a0<a href=\"https:\/\/watertogo.net\/it\/\">www.watertogo.net<\/a>\u00a0\u00a0con uno o pi\u00f9 prodotti che \u00e8 stato pagato e spedito. Le cancellazioni (ad esempio, se il cliente finale non ha pagato o i pagamenti effettuati sono stati rimborsati) - per qualsiasi motivo - non sono considerate un ordine di prodotti andato a buon fine,<\/p><p>(4) Gli ordini effettuati dal socio, dalle societ\u00e0 economicamente affiliate o dai loro parenti non sono soggetti a remunerazione.<\/p><p>\u00a0<\/p><p>(7) L'importo della remunerazione dipende dalla distribuzione degli sconti assegnati. Ad esempio, all'Affiliato viene concesso un quadro di sconti del 25%, che pu\u00f2 dividere a piacimento tra s\u00e9 e il cliente finale che ha reclutato. tra lui e il cliente finale reclutato. Ad esempio, se al cliente finale viene concesso il 10%, all'affiliato rimane una commissione del 15% da versare.\u00a0<\/p><p>(8) Tutte le commissioni indicate sono da intendersi come compenso netto e saranno pagate maggiorate dell'IVA del 19 % se viene fornita la prova dell'assoggettamento all'IVA.<\/p><h5><strong>8. Contabilit\u00e0<\/strong><\/h5><p>(1) La commissione viene accreditata sul conto interno del partner al momento della spedizione del prodotto. Il pagamento dei diritti di remunerazione avviene alla fine di ogni trimestre. Il partner pu\u00f2 consultarlo in qualsiasi momento.\u00a0<\/p><p>(2) Il Partner ricever\u00e0 un estratto conto valido dal punto di vista fiscale dei crediti di remunerazione sul suo conto cliente. Il Partner \u00e8 tenuto a verificare immediatamente l'estratto conto. Se il Partner ha obiezioni su un estratto conto, deve comunicarcele per iscritto entro quattro settimane. Trascorso tale termine, l'estratto conto sar\u00e0 considerato corretto<\/p><p>(3) Il pagamento viene effettuato tramite bonifico bancario con effetto liberatorio sulle coordinate bancarie indicate dal partner nel conto cliente. Eventuali spese bancarie (ad esempio per i conti bancari all'estero) sono a carico del socio.<\/p><h5><strong>9. Diritti di utilizzo<\/strong><\/h5><p>(1) I prodotti e gli altri contenuti sono protetti da copyright e\/o altri diritti di propriet\u00e0 industriale. Concediamo al partner un diritto semplice e non esclusivo di utilizzare questi prodotti per la durata e lo scopo del presente contratto.<\/p><p>(2) Qualsiasi modifica, duplicazione, distribuzione o riproduzione pubblica dei prodotti o di una parte sostanziale di essi in termini di tipologia e portata richieder\u00e0 il nostro previo consenso scritto nella misura in cui superi la portata concessa nel paragrafo 1 di cui sopra.<\/p><h5><strong>10. Riservatezza<\/strong><\/h5><p>(1) Il Partner si impegna a mantenere segrete per un periodo di tempo illimitato (anche oltre la fine del presente contratto) tutte le conoscenze dei nostri segreti commerciali e aziendali o altre informazioni riservate ottenute nell'ambito del rapporto contrattuale, a utilizzarle solo ai fini del contratto e, in particolare, a non trasmetterle a terzi o a utilizzarle in altro modo. Se le informazioni sono da noi definite riservate, si applica la presunzione inconfutabile che si tratti di un segreto commerciale o d'affari.<\/p><p>(2) Il contenuto del presente contratto e i relativi documenti devono essere trattati in modo confidenziale dal partner<\/p><p>(3) Il Partner obbliga i propri dipendenti e le altre persone di cui si avvale per adempiere ai propri obblighi contrattuali a mantenere la riservatezza in modo corrispondente ai paragrafi 1 e 2 di cui sopra.<\/p><h5><strong>11 Durata del contratto e risoluzione del contratto, blocco<\/strong><\/h5><p>(1) Il contratto ha una durata indeterminata e pu\u00f2 essere risolto da ciascuna delle parti in qualsiasi momento senza preavviso e senza indicarne i motivi.<\/p><p>(2) Inoltre, resta impregiudicato il diritto delle parti di risolvere il rapporto contrattuale mediante disdetta straordinaria per giusta causa. Per noi, un motivo importante che ci d\u00e0 diritto alla risoluzione straordinaria esiste in particolare nei seguenti casi:<\/p><ul><li>violazione colposa o intenzionale degli obblighi del partner ai sensi del presente contratto, in particolare una violazione delle clausole 6.1 - 6.5 delle presenti CGC.<\/li><li>violazione degli obblighi previsti dal presente contratto e mancato rimedio o cessazione della violazione nonostante la nostra richiesta in tal senso,<\/li><li>un caso di abuso ai sensi del punto 6.2.<\/li><\/ul><p>(3) La cancellazione pu\u00f2 essere effettuata via e-mail. La cancellazione da parte nostra tramite e-mail si considera ricevuta il giorno in cui viene inviata all'indirizzo e-mail indicato dal partner nell'account del cliente. Possiamo dichiarare la cancellazione anche limitando l'accesso all'account del cliente. Il partner pu\u00f2 dichiarare il recesso anche cancellando l'account del cliente. Il contratto si risolve al ricevimento della disdetta.<\/p><p>(4) Dopo la risoluzione del contratto, il Partner \u00e8 tenuto a rimuovere immediatamente dai canali del Partner tutti i prodotti e gli altri link da noi forniti. Ci\u00f2 vale anche per i siti web o altri mezzi pubblicitari in cui il Partner ha integrato i prodotti e i contenuti o i link senza esserne autorizzato.<\/p><p>(5) I contatti generati dopo la cessazione del contratto, gli ordini di vendita e i prodotti venduti o ordinati non comportano l'obbligo di remunerazione.<\/p><p>(6) Invece della cancellazione, possiamo anche bloccare il conto del cliente e congelare tutte le commissioni maturate nei casi di cui al punto 13.2. Ci\u00f2 vale anche nel caso in cui vi sia solo un sospetto fondato di abuso ai sensi del punto 6.2. Informeremo il partner del motivo del blocco e lo rimuoveremo nuovamente quando i motivi che hanno portato al blocco saranno stati chiariti e, se necessario, eliminati. I lead generati e\/o i prodotti ordinati o venduti durante il periodo di blocco non comporteranno alcun obbligo di pagamento. Eventuali rimborsi di commissioni gi\u00e0 pagate sono soggetti a un esame caso per caso.<\/p><h5><strong>12. disposizioni finali<\/strong><\/h5><p>(1) Se il contratto contiene disposizioni non valide, ci\u00f2 non pregiudica la validit\u00e0 del resto del contratto (clausola di separazione).<\/p><p>(2) Ci riserviamo il diritto di modificare le presenti CG in qualsiasi momento. Il Partner verr\u00e0 informato delle modifiche tramite e-mail. Se il Partner non \u00e8 d'accordo con le modifiche, ha il diritto di informarci entro quattro settimane dal ricevimento della notifica di modifica. In questo caso, abbiamo un diritto speciale di cancellazione. Se tale comunicazione non viene effettuata entro questo termine, le modifiche si considerano accettate ed entrano in vigore alla scadenza del termine.<\/p><p>(3) Il presente contratto \u00e8 disciplinato esclusivamente dal diritto tedesco.<\/p><p>(4) Se il Partner \u00e8 un commerciante, una persona giuridica di diritto pubblico o un fondo speciale di diritto pubblico, si concorda che Colonia sia il foro competente per tutte le controversie derivanti da o in relazione ai contratti tra noi e il Partner.\u00a0<\/p>\t\t\t\t\t\t\t\t<\/div>\n\t\t\t\t<\/div>\n\t\t\t\t\t<\/div>\n\t\t<\/div>\n\t\t\t\t\t<\/div>\n\t\t<\/section>\n\t\t\t\t<\/div>","protected":false},"excerpt":{"rendered":"<p>AGB-Affiliate Programm ALLGEMEINE GESCH\u00c4FTSBEDINGUNGEN VON&nbsp; http:\/\/www.watertogo.net Willkommen bei Water to go! (1) Die Allgemeine Gesch\u00e4ftsbedingungen des Advertisers f\u00fcr das Affiliate Partnerprogramm 1. Geltungsbereich (1) Diese Teilnahmebedingungen (im Folgenden \u201eAGB\u201c) gelten f\u00fcr das Vertragsverh\u00e4ltnis zwischen der Ralf Illgen &amp; Brigit Riedel GbR, Feldg\u00e4rtenstr. 40, 50735 K\u00f6ln, und den Vertragspartnern (im Folgenden \u201ePartner\u201c) des Affiliate-Programms f\u00fcr die [&hellip;]<\/p>\n","protected":false},"author":1,"featured_media":0,"parent":0,"menu_order":0,"comment_status":"closed","ping_status":"closed","template":"elementor_header_footer","meta":{"footnotes":""},"class_list":["post-2676","page","type-page","status-publish","hentry"],"_links":{"self":[{"href":"https:\/\/watertogo.net\/it\/wp-json\/wp\/v2\/pages\/2676","targetHints":{"allow":["GET"]}}],"collection":[{"href":"https:\/\/watertogo.net\/it\/wp-json\/wp\/v2\/pages"}],"about":[{"href":"https:\/\/watertogo.net\/it\/wp-json\/wp\/v2\/types\/page"}],"author":[{"embeddable":true,"href":"https:\/\/watertogo.net\/it\/wp-json\/wp\/v2\/users\/1"}],"replies":[{"embeddable":true,"href":"https:\/\/watertogo.net\/it\/wp-json\/wp\/v2\/comments?post=2676"}],"version-history":[{"count":9,"href":"https:\/\/watertogo.net\/it\/wp-json\/wp\/v2\/pages\/2676\/revisions"}],"predecessor-version":[{"id":2686,"href":"https:\/\/watertogo.net\/it\/wp-json\/wp\/v2\/pages\/2676\/revisions\/2686"}],"wp:attachment":[{"href":"https:\/\/watertogo.net\/it\/wp-json\/wp\/v2\/media?parent=2676"}],"curies":[{"name":"wp","href":"https:\/\/api.w.org\/{rel}","templated":true}]}}