{"id":1763,"date":"2023-07-13T09:31:12","date_gmt":"2023-07-13T09:31:12","guid":{"rendered":"https:\/\/watertogo.net\/?page_id=1763"},"modified":"2026-04-13T14:07:17","modified_gmt":"2026-04-13T12:07:17","slug":"zahlungsmethoden","status":"publish","type":"page","link":"https:\/\/watertogo.net\/it\/zahlungsmethoden\/","title":{"rendered":"Metodi di pagamento"},"content":{"rendered":"<div data-elementor-type=\"wp-page\" data-elementor-id=\"1763\" class=\"elementor elementor-1763\" data-elementor-post-type=\"page\">\n\t\t\t\t\t\t<section class=\"elementor-section elementor-top-section elementor-element elementor-element-aa6c65a elementor-section-height-min-height elementor-section-boxed elementor-section-height-default elementor-section-items-middle\" data-id=\"aa6c65a\" data-element_type=\"section\" data-e-type=\"section\" data-settings=\"{&quot;background_background&quot;:&quot;gradient&quot;,&quot;shape_divider_bottom&quot;:&quot;mountains&quot;}\">\n\t\t\t\t\t\t\t<div class=\"elementor-background-overlay\"><\/div>\n\t\t\t\t\t\t<div class=\"elementor-shape elementor-shape-bottom\" aria-hidden=\"true\" data-negative=\"false\">\n\t\t\t<svg xmlns=\"http:\/\/www.w3.org\/2000\/svg\" viewbox=\"0 0 1000 100\" preserveaspectratio=\"none\">\n\t<path class=\"elementor-shape-fill\" opacity=\"0.33\" d=\"M473,67.3c-203.9,88.3-263.1-34-320.3,0C66,119.1,0,59.7,0,59.7V0h1000v59.7 c0,0-62.1,26.1-94.9,29.3c-32.8,3.3-62.8-12.3-75.8-22.1C806,49.6,745.3,8.7,694.9,4.7S492.4,59,473,67.3z\"\/>\n\t<path class=\"elementor-shape-fill\" opacity=\"0.66\" d=\"M734,67.3c-45.5,0-77.2-23.2-129.1-39.1c-28.6-8.7-150.3-10.1-254,39.1 s-91.7-34.4-149.2,0C115.7,118.3,0,39.8,0,39.8V0h1000v36.5c0,0-28.2-18.5-92.1-18.5C810.2,18.1,775.7,67.3,734,67.3z\"\/>\n\t<path class=\"elementor-shape-fill\" d=\"M766.1,28.9c-200-57.5-266,65.5-395.1,19.5C242,1.8,242,5.4,184.8,20.6C128,35.8,132.3,44.9,89.9,52.5C28.6,63.7,0,0,0,0 h1000c0,0-9.9,40.9-83.6,48.1S829.6,47,766.1,28.9z\"\/>\n<\/svg>\t\t<\/div>\n\t\t\t\t\t<div class=\"elementor-container elementor-column-gap-default\">\n\t\t\t\t\t<div class=\"elementor-column elementor-col-100 elementor-top-column elementor-element elementor-element-0b9f3a2\" data-id=\"0b9f3a2\" data-element_type=\"column\" data-e-type=\"column\">\n\t\t\t<div class=\"elementor-widget-wrap elementor-element-populated\">\n\t\t\t\t\t\t<div class=\"elementor-element elementor-element-11cacf6 elementor-widget elementor-widget-heading\" data-id=\"11cacf6\" data-element_type=\"widget\" data-e-type=\"widget\" data-widget_type=\"heading.default\">\n\t\t\t\t<div class=\"elementor-widget-container\">\n\t\t\t\t\t<h2 class=\"elementor-heading-title elementor-size-default\">Metodi di pagamento<\/h2>\t\t\t\t<\/div>\n\t\t\t\t<\/div>\n\t\t\t\t\t<\/div>\n\t\t<\/div>\n\t\t\t\t\t<\/div>\n\t\t<\/section>\n\t\t\t\t<section class=\"elementor-section elementor-top-section elementor-element elementor-element-cf2b85d elementor-section-boxed elementor-section-height-default elementor-section-height-default\" data-id=\"cf2b85d\" data-element_type=\"section\" data-e-type=\"section\">\n\t\t\t\t\t\t<div class=\"elementor-container elementor-column-gap-wider\">\n\t\t\t\t\t<div class=\"elementor-column elementor-col-100 elementor-top-column elementor-element elementor-element-fabf060\" data-id=\"fabf060\" data-element_type=\"column\" data-e-type=\"column\">\n\t\t\t<div class=\"elementor-widget-wrap elementor-element-populated\">\n\t\t\t\t\t\t<div class=\"elementor-element elementor-element-2574d8e elementor-widget elementor-widget-text-editor\" data-id=\"2574d8e\" data-element_type=\"widget\" data-e-type=\"widget\" data-widget_type=\"text-editor.default\">\n\t\t\t\t<div class=\"elementor-widget-container\">\n\t\t\t\t\t\t\t\t\t<p><strong>Come posso pagare?\u00a0<\/strong><\/p><p><strong>Pagamento e sicurezza:<\/strong><\/p><p><strong>Sicurezza:<\/strong><\/p><p>Per i pagamenti online utilizziamo i pi\u00f9 elevati standard di sicurezza previsti per gli e-shop. Il nostro sito web \u00e8 protetto da un certificato SSL esteso per tutte le modalit\u00e0 di pagamento.<\/p><p><strong>Panoramica delle modalit\u00e0 di pagamento:<\/strong><\/p><p><img decoding=\"async\" class=\"emoji\" role=\"img\" draggable=\"false\" src=\"https:\/\/s.w.org\/images\/core\/emoji\/17.0.2\/svg\/2714.svg\" alt=\"\u2714\ufe0f\" \/>\u00a0Paypal<\/p><p><img decoding=\"async\" class=\"emoji\" role=\"img\" draggable=\"false\" src=\"https:\/\/s.w.org\/images\/core\/emoji\/17.0.2\/svg\/2714.svg\" alt=\"\u2714\ufe0f\" \/> Google Pay<\/p><p><img decoding=\"async\" class=\"emoji\" role=\"img\" draggable=\"false\" src=\"https:\/\/s.w.org\/images\/core\/emoji\/17.0.2\/svg\/2714.svg\" alt=\"\u2714\ufe0f\" \/> Apple Pay<\/p><p><img decoding=\"async\" class=\"emoji\" role=\"img\" draggable=\"false\" src=\"https:\/\/s.w.org\/images\/core\/emoji\/17.0.2\/svg\/2714.svg\" alt=\"\u2714\ufe0f\" \/>\u00a0Carta di credito<\/p><p><img decoding=\"async\" class=\"emoji\" role=\"img\" draggable=\"false\" src=\"https:\/\/s.w.org\/images\/core\/emoji\/17.0.2\/svg\/2714.svg\" alt=\"\u2714\ufe0f\" \/>\u00a0Bonifico diretto<\/p><p><strong>Paypal<\/strong><\/p><p>Da noi puoi pagare in modo sicuro e veloce tramite PayPal. A tal fine, seleziona PayPal come metodo di pagamento durante la procedura d'ordine; al termine del processo verrai reindirizzato a PayPal. Se sei gi\u00e0 cliente PayPal, puoi semplicemente accedere con i tuoi dati utente e confermare il pagamento. Se sei nuovo su PayPal, puoi registrarti come ospite, aprire un nuovo conto PayPal e poi confermare il pagamento. Non appena avremo registrato l'avvenuto pagamento, il tuo ordine verr\u00e0 spedito. Di solito ci vogliono solo pochi minuti prima che un pagamento PayPal venga registrato nel nostro sistema.<\/p><p><strong>Carta di credito<\/strong><\/p><p>Nel nostro negozio potete pagare in modo semplice e sicuro con la vostra carta di credito. Accettiamo Visa e Mastercard. Per farlo, selezionate la carta di credito come metodo di pagamento durante il processo d'ordine. Potete poi inserire e confermare i vostri dati alla fine del processo d'ordine. Non memorizziamo i dati della carta di credito per autorizzare il pagamento.<\/p><p><strong>Bonifico immediato<\/strong><\/p><p>Puoi trasferire l'importo della fattura in modo molto semplice da qualsiasi conto bancario tedesco. A tal fine, seleziona \u201cBonifico immediato\u201d come metodo di pagamento durante la procedura d'ordine. Verrai reindirizzato a Klarna. Al termine della procedura di ordinazione potrai selezionare la tua banca, inserire i tuoi dati e confermarli. Gestiamo questo processo di pagamento tramite Stripe.\u00a0<span style=\"font-family: var( --e-global-typography-text-font-family ), Sans-serif; font-size: 1rem;\">Gestiamo questo processo di pagamento tramite Stripe.<\/span><\/p><p><strong>Google Pay<\/strong><\/p><p>Nel nostro negozio online puoi pagare in modo semplice e sicuro con il tuo account Google.<\/p><p><strong>Apple Pay<\/strong><\/p><p>Nel nostro negozio online puoi pagare in modo semplice e sicuro con il tuo account Apple.<\/p>\t\t\t\t\t\t\t\t<\/div>\n\t\t\t\t<\/div>\n\t\t\t\t\t<\/div>\n\t\t<\/div>\n\t\t\t\t\t<\/div>\n\t\t<\/section>\n\t\t\t\t<\/div>","protected":false},"excerpt":{"rendered":"<p>Zahlungsmethoden Wie kann ich zahlen?\u00a0 Zahlung &amp; Sicherheit: Sicherheit: Wir arbeiten bei der Online Bezahlung mit dem h\u00f6chsten Sicherheitsstandard f\u00fcr Online Shops. Unsere Webseite ist bei allem Zahlungsarten durch ein Extended SSL-Zertifikat gesichert. Zahlungsarten im \u00dcberblick: \u00a0Paypal Google Pay Apple Pay \u00a0Kreditkarte \u00a0Direkt\u00fcberweisung Paypal Bei uns kannst du sicher und schnell per Paypal zahlen. W\u00e4hle [&hellip;]<\/p>\n","protected":false},"author":1,"featured_media":0,"parent":0,"menu_order":0,"comment_status":"closed","ping_status":"closed","template":"elementor_header_footer","meta":{"footnotes":""},"class_list":["post-1763","page","type-page","status-publish","hentry"],"_links":{"self":[{"href":"https:\/\/watertogo.net\/it\/wp-json\/wp\/v2\/pages\/1763","targetHints":{"allow":["GET"]}}],"collection":[{"href":"https:\/\/watertogo.net\/it\/wp-json\/wp\/v2\/pages"}],"about":[{"href":"https:\/\/watertogo.net\/it\/wp-json\/wp\/v2\/types\/page"}],"author":[{"embeddable":true,"href":"https:\/\/watertogo.net\/it\/wp-json\/wp\/v2\/users\/1"}],"replies":[{"embeddable":true,"href":"https:\/\/watertogo.net\/it\/wp-json\/wp\/v2\/comments?post=1763"}],"version-history":[{"count":10,"href":"https:\/\/watertogo.net\/it\/wp-json\/wp\/v2\/pages\/1763\/revisions"}],"predecessor-version":[{"id":7935,"href":"https:\/\/watertogo.net\/it\/wp-json\/wp\/v2\/pages\/1763\/revisions\/7935"}],"wp:attachment":[{"href":"https:\/\/watertogo.net\/it\/wp-json\/wp\/v2\/media?parent=1763"}],"curies":[{"name":"wp","href":"https:\/\/api.w.org\/{rel}","templated":true}]}}