{"id":7514,"date":"2026-02-11T12:30:43","date_gmt":"2026-02-11T11:30:43","guid":{"rendered":"https:\/\/watertogo.net\/?post_type=product&#038;p=7514"},"modified":"2026-02-23T16:13:57","modified_gmt":"2026-02-23T15:13:57","slug":"bottle-bag-neopren-umhaengetasche-mit-vielen-extras","status":"publish","type":"product","link":"https:\/\/watertogo.net\/fr\/produkt\/bottle-bag-neopren-umhaengetasche-mit-vielen-extras\/","title":{"rendered":"Bottle Bag \u2013 Sac \u00e0 bandouli\u00e8re en n\u00e9opr\u00e8ne avec de nombreux extras"},"content":{"rendered":"<p><b>Isolierende Umh\u00e4ngetasche<\/b><br \/>\nHergestellt aus 3\u202fmm dickem Neopren-\u00e4hnlichem Material in Schwarz mit einem wei\u00dfen Water-to-Go Logo-Label.<\/p>\n<p><span class=\"TextRun Highlight SCXW196863649 BCX4\" lang=\"DE-DE\" xml:lang=\"DE-DE\" data-contrast=\"none\"><span class=\"NormalTextRun SCXW196863649 BCX4\">Le sac <\/span><span class=\"NormalTextRun SCXW196863649 BCX4\">Water<\/span><span class=\"NormalTextRun SCXW196863649 BCX4\">&#8211;<\/span><span class=\"NormalTextRun SCXW196863649 BCX4\">to<\/span><span class=\"NormalTextRun SCXW196863649 BCX4\">-Go Tasche aus Neopren passt f\u00fcr alle Flaschentypen und hat eine H\u00f6he von 28 cm. Sie sch\u00fctzt deine Flasche, h\u00e4lt Getr\u00e4nke l\u00e4nger k\u00fchl und bietet dir bequemen Tragekomfort. Die Tasche l\u00e4sst sich oben schlie\u00dfen bzw. enger fixieren und kann dank der integrierten \u00d6se an G\u00fcrtel oder Rucksack befestigt werden. Alternativ kannst du sie einfach am Griff in der Hand tragen.<\/span><\/span><\/p>\n<p>Livraison sans bouteille<\/p>","protected":false},"excerpt":{"rendered":"<p>Le sac pratique Water-to-Go en n\u00e9opr\u00e8ne convient \u00e0 tous les types de bouteilles Water-to-Go.<\/p>\n<p>Il prot\u00e8ge ta bouteille, garde ton eau potable fra\u00eeche plus longtemps et offre un confort de port agr\u00e9able. Le sac peut \u00eatre resserr\u00e9 en haut et, gr\u00e2ce \u00e0 un \u0153illet suppl\u00e9mentaire, se fixe facilement \u00e0 une ceinture ou \u00e0 un sac \u00e0 dos. Tu peux aussi simplement le porter \u00e0 la main gr\u00e2ce \u00e0 la poign\u00e9e.<\/p>\n<p><b>Points cl\u00e9s :<\/b><b><\/b><\/p>\n<ul>\n<li>Convient \u00e0 toutes nos bouteilles<\/li>\n<li>Garde ton eau potable fra\u00eeche plus longtemps<\/li>\n<li>Prot\u00e8ge du froid et r\u00e9duit le risque de gel<\/li>\n<li>Cordon de serrage sup\u00e9rieur avec stoppeur<\/li>\n<li>Poign\u00e9e courte et bandouli\u00e8re longue incluses<\/li>\n<li>Options de port polyvalentes : \u00e0 la ceinture, au sac \u00e0 dos ou \u00e0 la main<\/li>\n<li>2 poches suppl\u00e9mentaires zipp\u00e9es pour ranger t\u00e9l\u00e9phone, portefeuille ou cl\u00e9s<\/li>\n<li>Mat\u00e9riau en n\u00e9opr\u00e8ne robuste et isolant<\/li>\n<li>Prot\u00e8ge la bouteille des chocs et des rayures<\/li>\n<li>Fermable pour un maintien s\u00fbr<\/li>\n<\/ul>\n<p>Livraison sans bouteille<\/p>","protected":false},"featured_media":7628,"comment_status":"closed","ping_status":"closed","template":"","meta":[],"product_brand":[],"product_cat":[87],"product_tag":[],"class_list":{"0":"post-7514","1":"product","2":"type-product","3":"status-publish","4":"has-post-thumbnail","6":"product_cat-taschen-bags","8":"first","9":"instock","10":"taxable","11":"shipping-taxable","12":"purchasable","13":"product-type-simple"},"_links":{"self":[{"href":"https:\/\/watertogo.net\/fr\/wp-json\/wp\/v2\/product\/7514","targetHints":{"allow":["GET"]}}],"collection":[{"href":"https:\/\/watertogo.net\/fr\/wp-json\/wp\/v2\/product"}],"about":[{"href":"https:\/\/watertogo.net\/fr\/wp-json\/wp\/v2\/types\/product"}],"replies":[{"embeddable":true,"href":"https:\/\/watertogo.net\/fr\/wp-json\/wp\/v2\/comments?post=7514"}],"wp:featuredmedia":[{"embeddable":true,"href":"https:\/\/watertogo.net\/fr\/wp-json\/wp\/v2\/media\/7628"}],"wp:attachment":[{"href":"https:\/\/watertogo.net\/fr\/wp-json\/wp\/v2\/media?parent=7514"}],"wp:term":[{"taxonomy":"product_brand","embeddable":true,"href":"https:\/\/watertogo.net\/fr\/wp-json\/wp\/v2\/product_brand?post=7514"},{"taxonomy":"product_cat","embeddable":true,"href":"https:\/\/watertogo.net\/fr\/wp-json\/wp\/v2\/product_cat?post=7514"},{"taxonomy":"product_tag","embeddable":true,"href":"https:\/\/watertogo.net\/fr\/wp-json\/wp\/v2\/product_tag?post=7514"}],"curies":[{"name":"wp","href":"https:\/\/api.w.org\/{rel}","templated":true}]}}