{"id":3759,"date":"2024-09-17T16:47:13","date_gmt":"2024-09-17T14:47:13","guid":{"rendered":"https:\/\/watertogo.net\/?post_type=product&#038;p=3759"},"modified":"2026-04-15T09:32:56","modified_gmt":"2026-04-15T07:32:56","slug":"deckel-fuer-alle-flaschentypen","status":"publish","type":"product","link":"https:\/\/watertogo.net\/fr\/produkt\/deckel-fuer-alle-flaschentypen\/","title":{"rendered":"Couvercle pour tous les types de bouteilles"},"content":{"rendered":"<p>Le couvercle Water-to-Go s'adapte parfaitement \u00e0 tous les types de bouteilles Water-to-Go et offre une grande facilit\u00e9 d'utilisation.<\/p>","protected":false},"excerpt":{"rendered":"<p>Le couvercle Water-to-Go s'adapte parfaitement \u00e0 tous les types de bouteilles Water-to-Go et offre une grande facilit\u00e9 d'utilisation. Si tu as une bouteille d'une autre couleur, ce n'est pas un probl\u00e8me. Tu peux facilement remplacer le caoutchouc color\u00e9 de ta bouteille dans le nouveau couvercle afin de personnaliser le look de ta bouteille.<\/p>\n<p><strong>Vos avantages<\/strong><br \/>\n- Adaptation universelle \u00e0 toutes les bouteilles Water-to-Go<br \/>\n- Personnalisable gr\u00e2ce \u00e0 un caoutchouc color\u00e9 interchangeable<br \/>\n- Facile \u00e0 remplacer et \u00e0 adapter<br \/>\n- Grande long\u00e9vit\u00e9 et maintien stable<\/p>","protected":false},"featured_media":3777,"comment_status":"closed","ping_status":"closed","template":"","meta":[],"product_brand":[],"product_cat":[85,86],"product_tag":[],"class_list":{"0":"post-3759","1":"product","2":"type-product","3":"status-publish","4":"has-post-thumbnail","6":"product_cat-accessoires","7":"product_cat-deckel-lid-accessoires","9":"first","10":"instock","11":"taxable","12":"shipping-taxable","13":"purchasable","14":"product-type-simple"},"_links":{"self":[{"href":"https:\/\/watertogo.net\/fr\/wp-json\/wp\/v2\/product\/3759","targetHints":{"allow":["GET"]}}],"collection":[{"href":"https:\/\/watertogo.net\/fr\/wp-json\/wp\/v2\/product"}],"about":[{"href":"https:\/\/watertogo.net\/fr\/wp-json\/wp\/v2\/types\/product"}],"replies":[{"embeddable":true,"href":"https:\/\/watertogo.net\/fr\/wp-json\/wp\/v2\/comments?post=3759"}],"wp:featuredmedia":[{"embeddable":true,"href":"https:\/\/watertogo.net\/fr\/wp-json\/wp\/v2\/media\/3777"}],"wp:attachment":[{"href":"https:\/\/watertogo.net\/fr\/wp-json\/wp\/v2\/media?parent=3759"}],"wp:term":[{"taxonomy":"product_brand","embeddable":true,"href":"https:\/\/watertogo.net\/fr\/wp-json\/wp\/v2\/product_brand?post=3759"},{"taxonomy":"product_cat","embeddable":true,"href":"https:\/\/watertogo.net\/fr\/wp-json\/wp\/v2\/product_cat?post=3759"},{"taxonomy":"product_tag","embeddable":true,"href":"https:\/\/watertogo.net\/fr\/wp-json\/wp\/v2\/product_tag?post=3759"}],"curies":[{"name":"wp","href":"https:\/\/api.w.org\/{rel}","templated":true}]}}