{"id":2476,"date":"2023-09-05T12:55:46","date_gmt":"2023-09-05T10:55:46","guid":{"rendered":""},"modified":"2025-01-28T11:20:17","modified_gmt":"2025-01-28T10:20:17","slug":"affiliate-registrierung-werde-partner-von-water-to-go","status":"publish","type":"page","link":"https:\/\/watertogo.net\/fr\/affiliate-registrierung-werde-partner-von-water-to-go\/","title":{"rendered":"Inscription des affili\u00e9s"},"content":{"rendered":"<div data-elementor-type=\"wp-page\" data-elementor-id=\"2476\" class=\"elementor elementor-2476\" data-elementor-post-type=\"page\">\n\t\t\t\t\t\t<section class=\"elementor-section elementor-top-section elementor-element elementor-element-eeea68b elementor-section-height-min-height elementor-section-boxed elementor-section-height-default elementor-section-items-middle\" data-id=\"eeea68b\" data-element_type=\"section\" data-e-type=\"section\" data-settings=\"{&quot;background_background&quot;:&quot;gradient&quot;,&quot;shape_divider_bottom&quot;:&quot;mountains&quot;}\">\n\t\t\t\t\t\t\t<div class=\"elementor-background-overlay\"><\/div>\n\t\t\t\t\t\t<div class=\"elementor-shape elementor-shape-bottom\" aria-hidden=\"true\" data-negative=\"false\">\n\t\t\t<svg xmlns=\"http:\/\/www.w3.org\/2000\/svg\" viewbox=\"0 0 1000 100\" preserveaspectratio=\"none\">\n\t<path class=\"elementor-shape-fill\" opacity=\"0.33\" d=\"M473,67.3c-203.9,88.3-263.1-34-320.3,0C66,119.1,0,59.7,0,59.7V0h1000v59.7 c0,0-62.1,26.1-94.9,29.3c-32.8,3.3-62.8-12.3-75.8-22.1C806,49.6,745.3,8.7,694.9,4.7S492.4,59,473,67.3z\"\/>\n\t<path class=\"elementor-shape-fill\" opacity=\"0.66\" d=\"M734,67.3c-45.5,0-77.2-23.2-129.1-39.1c-28.6-8.7-150.3-10.1-254,39.1 s-91.7-34.4-149.2,0C115.7,118.3,0,39.8,0,39.8V0h1000v36.5c0,0-28.2-18.5-92.1-18.5C810.2,18.1,775.7,67.3,734,67.3z\"\/>\n\t<path class=\"elementor-shape-fill\" d=\"M766.1,28.9c-200-57.5-266,65.5-395.1,19.5C242,1.8,242,5.4,184.8,20.6C128,35.8,132.3,44.9,89.9,52.5C28.6,63.7,0,0,0,0 h1000c0,0-9.9,40.9-83.6,48.1S829.6,47,766.1,28.9z\"\/>\n<\/svg>\t\t<\/div>\n\t\t\t\t\t<div class=\"elementor-container elementor-column-gap-default\">\n\t\t\t\t\t<div class=\"elementor-column elementor-col-100 elementor-top-column elementor-element elementor-element-901dfe5\" data-id=\"901dfe5\" data-element_type=\"column\" data-e-type=\"column\">\n\t\t\t<div class=\"elementor-widget-wrap elementor-element-populated\">\n\t\t\t\t\t\t<div class=\"elementor-element elementor-element-d09b015 elementor-widget elementor-widget-heading\" data-id=\"d09b015\" data-element_type=\"widget\" data-e-type=\"widget\" data-widget_type=\"heading.default\">\n\t\t\t\t<div class=\"elementor-widget-container\">\n\t\t\t\t\t<h2 class=\"elementor-heading-title elementor-size-default\">Inscription des affili\u00e9s<\/h2>\t\t\t\t<\/div>\n\t\t\t\t<\/div>\n\t\t\t\t\t<\/div>\n\t\t<\/div>\n\t\t\t\t\t<\/div>\n\t\t<\/section>\n\t\t\t\t<section class=\"elementor-section elementor-top-section elementor-element elementor-element-354bf2f0 elementor-section-boxed elementor-section-height-default elementor-section-height-default\" data-id=\"354bf2f0\" data-element_type=\"section\" data-e-type=\"section\">\n\t\t\t\t\t\t<div class=\"elementor-container elementor-column-gap-default\">\n\t\t\t\t\t<div class=\"elementor-column elementor-col-100 elementor-top-column elementor-element elementor-element-5ab6ac88\" data-id=\"5ab6ac88\" data-element_type=\"column\" data-e-type=\"column\">\n\t\t\t<div class=\"elementor-widget-wrap elementor-element-populated\">\n\t\t\t\t\t\t<div class=\"elementor-element elementor-element-3afe0b40 elementor-widget elementor-widget-shortcode\" data-id=\"3afe0b40\" data-element_type=\"widget\" data-e-type=\"widget\" data-widget_type=\"shortcode.default\">\n\t\t\t\t<div class=\"elementor-widget-container\">\n\t\t\t\t\t\t\t<div class=\"elementor-shortcode\">\r\n    \r\n    \r\n    \r\n    \r\n      \r\n      <div class=\"wcu-form-section wcu-form-section-pro\">\r\n\r\n      \r\n      <p class=\"wcusage-register-form-title\" style=\"font-size: 1.2em;\"><strong>Enregistrer un nouveau compte Affilier:<\/strong><\/p>\r\n\r\n      <link rel=\"stylesheet\" href=\"https:\/\/watertogo.net\/wp-content\/plugins\/woo-coupon-usage-pro\/fonts\/font-awesome\/css\/all.min.css\" crossorigin=\"anonymous\">\r\n\r\n      \r\n        \r\n        \r\n          <!-- Form -->\r\n          <div class=\"wcu_form_style_3 wcu_form_style_columns\">\r\n          <form method=\"post\" id=\"wcu_form_affiliate_register\" class=\"wcu_form_affiliate_register\" enctype=\"multipart\/form-data\" action=\"\"\r\n          >\r\n\r\n            \r\n              <p class=\"wcu-register-field-col wcu-register-field-col-1\"><label for=\"wcu-input-first-name\">pr\u00e9nom:*<\/label>\r\n                <input type=\"text\" id=\"wcu-input-first-name\" name=\"wcu-input-first-name\" class=\"input-text form-control\" value=\"\" style=\"max-width: 300px;\" required>\r\n              <\/p>\r\n\r\n              <p class=\"wcu-register-field-col wcu-register-field-col-2\"><label for=\"wcu-input-last-name\">nom:*<\/label>\r\n                <input type=\"text\" id=\"wcu-input-last-name\" name=\"wcu-input-last-name\" class=\"input-text form-control\" value=\"\" style=\"max-width: 300px;\" required>\r\n              <\/p>\r\n\r\n              \r\n              <p class=\"wcu-register-field-col-email\"><label for=\"wcu-input-email\">adresse courriel:*<\/label>\r\n                <input type=\"email\" id=\"wcu-input-email\" name=\"wcu-input-email\" class=\"input-text form-control\" value=\"\" style=\"max-width: 300px;\" required>\r\n              <\/p>\r\n\r\n              <div style=\"clear: both;\"><\/div>\r\n\r\n              <p class=\"wcu-register-field-col-password\"><label for=\"wcu-input-password\">mot de passe:*<\/label>\r\n                <input type=\"password\" id=\"wcu-input-password\" name=\"wcu-input-password\" class=\"input-text form-control\" value=\"\" style=\"max-width: 300px; display: inline-block;\" required>\r\n              <\/p>\r\n\r\n              \r\n              <div style=\"clear: both;\"><\/div>\r\n\r\n            \r\n            <!-- Preferred Code -->\r\n                                    <p class=\"wcu-register-field-col\"><label for=\"wcu-input-coupon\">Code promo pr\u00e9f\u00e9r\u00e9:*<\/label>\r\n              <input type=\"text\" id=\"wcu-input-coupon\" name=\"wcu-input-coupon\" class=\"input-text form-control\" value=\"\" minlength=\"3\" style=\"max-width: 300px;\" required>\r\n            <\/p>\r\n            \r\n            \r\n            <!-- Website -->\r\n                          <p class=\"wcu-register-field-col\"><label for=\"wcu-input-website\">Dans quels secteurs souhaitez-vous \u00eatre actif pour nous ?  (Cyclisme, escalade, camping, protection de l'environnement, durabilit\u00e9, sant\u00e9, B2B pour les entreprises... .)<\/label>\r\n                <input type=\"text\" id=\"wcu-input-website\" name=\"wcu-input-website\" class=\"input-text form-control\" value=\"\" minlength=\"3\" style=\"max-width: 300px;\" required>\r\n              <\/p>\r\n            \r\n            <!-- Coupon Type -->\r\n            \r\n                <input type=\"hidden\" id=\"wcu-input-type\" name=\"wcu-input-type\" value=\"4\">\r\n\r\n                \r\n            <!-- Promote -->\r\n                          <p class=\"wcu-register-field-col\"><label for=\"wcu-input-promote\">O\u00f9 es-tu actif ? Les m\u00e9dias sociaux, ta communaut\u00e9, ton blog... ?<\/label>\r\n                <input type=\"text\" id=\"wcu-input-promote\" name=\"wcu-input-promote\" class=\"input-text form-control\" value=\"\" minlength=\"3\" style=\"max-width: 300px;\" required>\r\n              <\/p>\r\n            \r\n            <!-- Referrer -->\r\n                          <p class=\"wcu-register-field-col\"><label for=\"wcu-input-referrer\">Comment as-tu entendu parler de nous ? (par des amis, sur Internet, en tant que client ou...) ?<\/label>\r\n                <input type=\"text\" id=\"wcu-input-referrer\" name=\"wcu-input-referrer\"\r\n                class=\"input-text form-control\" value=\"\" minlength=\"3\" style=\"max-width: 300px;\" required>\r\n              <\/p>\r\n            \r\n            <!-- Custom Fields -->\r\n                              <p class=\"wcu-register-field-col\">\r\n                    <label for=\"wcu-input-custom-1\">Website Link:*<\/label>\r\n                    <input type=\"text\" id=\"wcu-input-custom-1\" name=\"wcu-input-custom-1\"\r\n                    class=\"input-text form-control\" style=\"max-width: 300px;\" required value=\"\">\r\n                  <\/p>\r\n                                    <p class=\"wcu-register-field-col\">\r\n                    <label for=\"wcu-input-custom-2\">Facebook Link:*<\/label>\r\n                    <input type=\"text\" id=\"wcu-input-custom-2\" name=\"wcu-input-custom-2\"\r\n                    class=\"input-text form-control\" style=\"max-width: 300px;\" required value=\"\">\r\n                  <\/p>\r\n                                    <p class=\"wcu-register-field-col\">\r\n                    <label for=\"wcu-input-custom-3\">Instagram Link:*<\/label>\r\n                    <input type=\"text\" id=\"wcu-input-custom-3\" name=\"wcu-input-custom-3\"\r\n                    class=\"input-text form-control\" style=\"max-width: 300px;\" required value=\"\">\r\n                  <\/p>\r\n                                    <p class=\"wcu-register-field-col\">\r\n                    <label for=\"wcu-input-custom-4\">Lien YouTube \u2013 Autres liens vers les r\u00e9seaux sociaux :<\/label>\r\n                    <input type=\"text\" id=\"wcu-input-custom-4\" name=\"wcu-input-custom-4\"\r\n                    class=\"input-text form-control\" style=\"max-width: 300px;\" required value=\"\">\r\n                  <\/p>\r\n                                    <p class=\"wcu-register-field-col\">\r\n                    <label for=\"wcu-input-custom-5\">Quelle est ta motivation pour devenir actif pour nous ?<\/label>\r\n                    <input type=\"text\" id=\"wcu-input-custom-5\" name=\"wcu-input-custom-5\"\r\n                    class=\"input-text form-control\" style=\"max-width: 300px;\" required value=\"\">\r\n                  <\/p>\r\n                                    <p class=\"wcu-register-field-col\">\r\n                    <label for=\"wcu-input-custom-6\">Selon vous, combien de nouveaux clients allez-vous acqu\u00e9rir au cours des 3 prochains mois ?<\/label>\r\n                    <input type=\"text\" id=\"wcu-input-custom-6\" name=\"wcu-input-custom-6\"\r\n                    class=\"input-text form-control\" style=\"max-width: 300px;\" required value=\"\">\r\n                  <\/p>\r\n                              \r\n                                    <!-- HP -->\r\n            <div style=\"display: none;\">\r\n              <label for=\"wcu-input-hp\">Dont put anything here..<\/label>\r\n              <input type=\"text\" id=\"wcu-input-hp\" name=\"wcu-input-hp\" class=\"input-text              form-control\" autocomplete=\"off\" value=\"\">\r\n            <\/div>\r\n            \r\n            <!-- Terms -->\r\n                        <div class=\"wcu-reg-terms\">\r\n              <span style=\"margin-top: 1px; margin-right: 7px;\">\r\n                <input type=\"checkbox\" name=\"reg-checkbox\" value=\"check\" id=\"agree\" style=\"margin: 0;\" required><\/span>\r\n              <span style=\"line-height: 1.5em !important;\">J'ai lu et j'accepte les conditions g\u00e9n\u00e9rales et les conditions d'affiliation figurant dans le pied de page du site web.<\/span>\r\n            <\/div>\r\n            \r\n            <div style=\"clear: both;\"><\/div>\r\n\r\n            <!-- Recaptcha -->\r\n                        <div class=\"captcha_wrapper\">\r\n                <div class=\"g-recaptcha\" data-sitekey=\"6LdsLCkpAAAAAMRdk038CznNiF26mgPMU40lASFN\"><\/div>\r\n            <\/div>\r\n            \r\n            <!-- Turnstile -->\r\n            \r\n            <div style=\"clear: both;\"><\/div>\r\n\r\n            \r\n            <input type=\"hidden\" id=\"wcusage_submit_registration_form1\" name=\"wcusage_submit_registration_form1\" value=\"26855e66ee\" \/><input type=\"hidden\" name=\"_wp_http_referer\" value=\"\/fr\/wp-json\/wp\/v2\/pages\/2476\" \/>            <input type=\"hidden\" id=\"wcusage_submit_registration_form2\" name=\"wcusage_submit_registration_form2\" value=\"43fa7ff197\" \/><input type=\"hidden\" name=\"_wp_http_referer\" value=\"\/fr\/wp-json\/wp\/v2\/pages\/2476\" \/>\r\n            <p class=\"wcu-register-form-button\"><input type=\"submit\" class=\"woocommerce-button button\"  id=\"wcu-register-button\" name=\"submitaffiliateapplication\" value=\"Soumettre la demande\"><\/p>\r\n\r\n            <i class=\"register-spinner fa fa-spinner fa-spin\" style=\"display: none; text-align: center; margin: 10px auto; font-size: 20px; width: 40px;\"><\/i>\r\n\r\n            \r\n          <input type=\"hidden\" name=\"trp-form-language\" value=\"fr\"\/><\/form>\r\n          <\/div>\r\n\r\n        \r\n      \r\n      \r\n      <\/div>\r\n\r\n    \r\n    <\/div>\n\t\t\t\t\t\t<\/div>\n\t\t\t\t<\/div>\n\t\t\t\t\t<\/div>\n\t\t<\/div>\n\t\t\t\t\t<\/div>\n\t\t<\/section>\n\t\t\t\t<\/div>","protected":false},"excerpt":{"rendered":"<p>Inscription des affili\u00e9s<\/p>","protected":false},"author":1,"featured_media":0,"parent":0,"menu_order":0,"comment_status":"closed","ping_status":"closed","template":"","meta":{"footnotes":""},"class_list":["post-2476","page","type-page","status-publish","hentry"],"_links":{"self":[{"href":"https:\/\/watertogo.net\/fr\/wp-json\/wp\/v2\/pages\/2476","targetHints":{"allow":["GET"]}}],"collection":[{"href":"https:\/\/watertogo.net\/fr\/wp-json\/wp\/v2\/pages"}],"about":[{"href":"https:\/\/watertogo.net\/fr\/wp-json\/wp\/v2\/types\/page"}],"author":[{"embeddable":true,"href":"https:\/\/watertogo.net\/fr\/wp-json\/wp\/v2\/users\/1"}],"replies":[{"embeddable":true,"href":"https:\/\/watertogo.net\/fr\/wp-json\/wp\/v2\/comments?post=2476"}],"version-history":[{"count":10,"href":"https:\/\/watertogo.net\/fr\/wp-json\/wp\/v2\/pages\/2476\/revisions"}],"predecessor-version":[{"id":2712,"href":"https:\/\/watertogo.net\/fr\/wp-json\/wp\/v2\/pages\/2476\/revisions\/2712"}],"wp:attachment":[{"href":"https:\/\/watertogo.net\/fr\/wp-json\/wp\/v2\/media?parent=2476"}],"curies":[{"name":"wp","href":"https:\/\/api.w.org\/{rel}","templated":true}]}}