{"id":1763,"date":"2023-07-13T09:31:12","date_gmt":"2023-07-13T09:31:12","guid":{"rendered":"https:\/\/watertogo.net\/?page_id=1763"},"modified":"2026-04-13T14:07:17","modified_gmt":"2026-04-13T12:07:17","slug":"zahlungsmethoden","status":"publish","type":"page","link":"https:\/\/watertogo.net\/fr\/zahlungsmethoden\/","title":{"rendered":"Modes de paiement"},"content":{"rendered":"<div data-elementor-type=\"wp-page\" data-elementor-id=\"1763\" class=\"elementor elementor-1763\" data-elementor-post-type=\"page\">\n\t\t\t\t\t\t<section class=\"elementor-section elementor-top-section elementor-element elementor-element-aa6c65a elementor-section-height-min-height elementor-section-boxed elementor-section-height-default elementor-section-items-middle\" data-id=\"aa6c65a\" data-element_type=\"section\" data-e-type=\"section\" data-settings=\"{&quot;background_background&quot;:&quot;gradient&quot;,&quot;shape_divider_bottom&quot;:&quot;mountains&quot;}\">\n\t\t\t\t\t\t\t<div class=\"elementor-background-overlay\"><\/div>\n\t\t\t\t\t\t<div class=\"elementor-shape elementor-shape-bottom\" aria-hidden=\"true\" data-negative=\"false\">\n\t\t\t<svg xmlns=\"http:\/\/www.w3.org\/2000\/svg\" viewbox=\"0 0 1000 100\" preserveaspectratio=\"none\">\n\t<path class=\"elementor-shape-fill\" opacity=\"0.33\" d=\"M473,67.3c-203.9,88.3-263.1-34-320.3,0C66,119.1,0,59.7,0,59.7V0h1000v59.7 c0,0-62.1,26.1-94.9,29.3c-32.8,3.3-62.8-12.3-75.8-22.1C806,49.6,745.3,8.7,694.9,4.7S492.4,59,473,67.3z\"\/>\n\t<path class=\"elementor-shape-fill\" opacity=\"0.66\" d=\"M734,67.3c-45.5,0-77.2-23.2-129.1-39.1c-28.6-8.7-150.3-10.1-254,39.1 s-91.7-34.4-149.2,0C115.7,118.3,0,39.8,0,39.8V0h1000v36.5c0,0-28.2-18.5-92.1-18.5C810.2,18.1,775.7,67.3,734,67.3z\"\/>\n\t<path class=\"elementor-shape-fill\" d=\"M766.1,28.9c-200-57.5-266,65.5-395.1,19.5C242,1.8,242,5.4,184.8,20.6C128,35.8,132.3,44.9,89.9,52.5C28.6,63.7,0,0,0,0 h1000c0,0-9.9,40.9-83.6,48.1S829.6,47,766.1,28.9z\"\/>\n<\/svg>\t\t<\/div>\n\t\t\t\t\t<div class=\"elementor-container elementor-column-gap-default\">\n\t\t\t\t\t<div class=\"elementor-column elementor-col-100 elementor-top-column elementor-element elementor-element-0b9f3a2\" data-id=\"0b9f3a2\" data-element_type=\"column\" data-e-type=\"column\">\n\t\t\t<div class=\"elementor-widget-wrap elementor-element-populated\">\n\t\t\t\t\t\t<div class=\"elementor-element elementor-element-11cacf6 elementor-widget elementor-widget-heading\" data-id=\"11cacf6\" data-element_type=\"widget\" data-e-type=\"widget\" data-widget_type=\"heading.default\">\n\t\t\t\t<div class=\"elementor-widget-container\">\n\t\t\t\t\t<h2 class=\"elementor-heading-title elementor-size-default\">Modes de paiement<\/h2>\t\t\t\t<\/div>\n\t\t\t\t<\/div>\n\t\t\t\t\t<\/div>\n\t\t<\/div>\n\t\t\t\t\t<\/div>\n\t\t<\/section>\n\t\t\t\t<section class=\"elementor-section elementor-top-section elementor-element elementor-element-cf2b85d elementor-section-boxed elementor-section-height-default elementor-section-height-default\" data-id=\"cf2b85d\" data-element_type=\"section\" data-e-type=\"section\">\n\t\t\t\t\t\t<div class=\"elementor-container elementor-column-gap-wider\">\n\t\t\t\t\t<div class=\"elementor-column elementor-col-100 elementor-top-column elementor-element elementor-element-fabf060\" data-id=\"fabf060\" data-element_type=\"column\" data-e-type=\"column\">\n\t\t\t<div class=\"elementor-widget-wrap elementor-element-populated\">\n\t\t\t\t\t\t<div class=\"elementor-element elementor-element-2574d8e elementor-widget elementor-widget-text-editor\" data-id=\"2574d8e\" data-element_type=\"widget\" data-e-type=\"widget\" data-widget_type=\"text-editor.default\">\n\t\t\t\t<div class=\"elementor-widget-container\">\n\t\t\t\t\t\t\t\t\t<p><strong>Comment puis-je payer ?\u00a0<\/strong><\/p><p><strong>Paiement et s\u00e9curit\u00e9 :<\/strong><\/p><p><strong>S\u00e9curit\u00e9 :<\/strong><\/p><p>Pour les paiements en ligne, nous appliquons les normes de s\u00e9curit\u00e9 les plus strictes pour les boutiques en ligne. Notre site web est s\u00e9curis\u00e9 par un certificat SSL \u00e9tendu pour tous les modes de paiement.<\/p><p><strong>Aper\u00e7u des modes de paiement:<\/strong><\/p><p><img decoding=\"async\" class=\"emoji\" role=\"img\" draggable=\"false\" src=\"https:\/\/s.w.org\/images\/core\/emoji\/17.0.2\/svg\/2714.svg\" alt=\"\u2714\ufe0f\" \/>\u00a0Paypal<\/p><p><img decoding=\"async\" class=\"emoji\" role=\"img\" draggable=\"false\" src=\"https:\/\/s.w.org\/images\/core\/emoji\/17.0.2\/svg\/2714.svg\" alt=\"\u2714\ufe0f\" \/> Google Pay<\/p><p><img decoding=\"async\" class=\"emoji\" role=\"img\" draggable=\"false\" src=\"https:\/\/s.w.org\/images\/core\/emoji\/17.0.2\/svg\/2714.svg\" alt=\"\u2714\ufe0f\" \/> Apple Pay<\/p><p><img decoding=\"async\" class=\"emoji\" role=\"img\" draggable=\"false\" src=\"https:\/\/s.w.org\/images\/core\/emoji\/17.0.2\/svg\/2714.svg\" alt=\"\u2714\ufe0f\" \/>\u00a0Carte de cr\u00e9dit<\/p><p><img decoding=\"async\" class=\"emoji\" role=\"img\" draggable=\"false\" src=\"https:\/\/s.w.org\/images\/core\/emoji\/17.0.2\/svg\/2714.svg\" alt=\"\u2714\ufe0f\" \/>\u00a0Virement bancaire<\/p><p><strong>Paypal<\/strong><\/p><p>Chez nous, tu peux payer rapidement et en toute s\u00e9curit\u00e9 via PayPal. Pour cela, s\u00e9lectionne PayPal comme mode de paiement lors du processus de commande ; \u00e0 la fin de la proc\u00e9dure, tu seras redirig\u00e9 vers PayPal. Si tu es d\u00e9j\u00e0 client PayPal, tu peux simplement te connecter avec tes identifiants et confirmer le paiement. Si tu es nouveau sur PayPal, tu peux t'inscrire en tant qu'invit\u00e9, ouvrir un nouveau compte PayPal, puis confirmer ton paiement. D\u00e8s que nous aurons enregistr\u00e9 la r\u00e9ception de ton paiement, ta commande sera exp\u00e9di\u00e9e. En g\u00e9n\u00e9ral, il ne faut que quelques minutes pour qu'un paiement PayPal nous parvienne.<\/p><p><strong>Carte de cr\u00e9dit<\/strong><\/p><p>Dans notre boutique, tu peux payer facilement et en toute s\u00e9curit\u00e9 avec ta carte de cr\u00e9dit. Nous acceptons les cartes Visa et Mastercard. Pour cela, s\u00e9lectionne \u00ab Carte de cr\u00e9dit \u00bb comme mode de paiement lors du processus de commande ; \u00e0 la fin de celui-ci, tu pourras alors saisir tes informations et les confirmer. Nous traitons ce processus de paiement via Stripe.<\/p><p><strong>Virement instantan\u00e9<\/strong><\/p><p>Tu peux tr\u00e8s facilement virer le montant de la facture depuis n'importe quel compte bancaire allemand. Pour cela, s\u00e9lectionne \u00ab Virement instantan\u00e9 \u00bb comme mode de paiement lors du processus de commande. Tu seras redirig\u00e9 vers Klarna. \u00c0 la fin du processus de commande, tu pourras alors s\u00e9lectionner ta banque, saisir tes coordonn\u00e9es bancaires et confirmer.\u00a0<span style=\"font-family: var( --e-global-typography-text-font-family ), Sans-serif; font-size: 1rem;\">Nous traitons ce processus de paiement via Stripe.<\/span><\/p><p><strong>Google Pay<\/strong><\/p><p>Dans notre boutique, tu peux payer facilement et en toute s\u00e9curit\u00e9 avec ton compte Google.<\/p><p><strong>Apple Pay<\/strong><\/p><p>Dans notre boutique, tu peux payer facilement et en toute s\u00e9curit\u00e9 avec ton compte Apple.<\/p>\t\t\t\t\t\t\t\t<\/div>\n\t\t\t\t<\/div>\n\t\t\t\t\t<\/div>\n\t\t<\/div>\n\t\t\t\t\t<\/div>\n\t\t<\/section>\n\t\t\t\t<\/div>","protected":false},"excerpt":{"rendered":"<p>Zahlungsmethoden Wie kann ich zahlen?\u00a0 Zahlung &amp; Sicherheit: Sicherheit: Wir arbeiten bei der Online Bezahlung mit dem h\u00f6chsten Sicherheitsstandard f\u00fcr Online Shops. Unsere Webseite ist bei allem Zahlungsarten durch ein Extended SSL-Zertifikat gesichert. Zahlungsarten im \u00dcberblick: \u00a0Paypal Google Pay Apple Pay \u00a0Kreditkarte \u00a0Direkt\u00fcberweisung Paypal Bei uns kannst du sicher und schnell per Paypal zahlen. W\u00e4hle [&hellip;]<\/p>\n","protected":false},"author":1,"featured_media":0,"parent":0,"menu_order":0,"comment_status":"closed","ping_status":"closed","template":"elementor_header_footer","meta":{"footnotes":""},"class_list":["post-1763","page","type-page","status-publish","hentry"],"_links":{"self":[{"href":"https:\/\/watertogo.net\/fr\/wp-json\/wp\/v2\/pages\/1763","targetHints":{"allow":["GET"]}}],"collection":[{"href":"https:\/\/watertogo.net\/fr\/wp-json\/wp\/v2\/pages"}],"about":[{"href":"https:\/\/watertogo.net\/fr\/wp-json\/wp\/v2\/types\/page"}],"author":[{"embeddable":true,"href":"https:\/\/watertogo.net\/fr\/wp-json\/wp\/v2\/users\/1"}],"replies":[{"embeddable":true,"href":"https:\/\/watertogo.net\/fr\/wp-json\/wp\/v2\/comments?post=1763"}],"version-history":[{"count":10,"href":"https:\/\/watertogo.net\/fr\/wp-json\/wp\/v2\/pages\/1763\/revisions"}],"predecessor-version":[{"id":7935,"href":"https:\/\/watertogo.net\/fr\/wp-json\/wp\/v2\/pages\/1763\/revisions\/7935"}],"wp:attachment":[{"href":"https:\/\/watertogo.net\/fr\/wp-json\/wp\/v2\/media?parent=1763"}],"curies":[{"name":"wp","href":"https:\/\/api.w.org\/{rel}","templated":true}]}}