{"id":1755,"date":"2023-07-13T09:28:56","date_gmt":"2023-07-13T09:28:56","guid":{"rendered":"https:\/\/watertogo.net\/?page_id=1755"},"modified":"2024-07-08T12:50:40","modified_gmt":"2024-07-08T10:50:40","slug":"versand-und-retoure","status":"publish","type":"page","link":"https:\/\/watertogo.net\/fr\/versand-und-retoure\/","title":{"rendered":"Versand und Retoure"},"content":{"rendered":"<div data-elementor-type=\"wp-page\" data-elementor-id=\"1755\" class=\"elementor elementor-1755\" data-elementor-post-type=\"page\">\n\t\t\t\t\t\t<section class=\"elementor-section elementor-top-section elementor-element elementor-element-aa6c65a elementor-section-height-min-height elementor-section-boxed elementor-section-height-default elementor-section-items-middle\" data-id=\"aa6c65a\" data-element_type=\"section\" data-e-type=\"section\" data-settings=\"{&quot;background_background&quot;:&quot;gradient&quot;,&quot;shape_divider_bottom&quot;:&quot;mountains&quot;}\">\n\t\t\t\t\t\t\t<div class=\"elementor-background-overlay\"><\/div>\n\t\t\t\t\t\t<div class=\"elementor-shape elementor-shape-bottom\" aria-hidden=\"true\" data-negative=\"false\">\n\t\t\t<svg xmlns=\"http:\/\/www.w3.org\/2000\/svg\" viewbox=\"0 0 1000 100\" preserveaspectratio=\"none\">\n\t<path class=\"elementor-shape-fill\" opacity=\"0.33\" d=\"M473,67.3c-203.9,88.3-263.1-34-320.3,0C66,119.1,0,59.7,0,59.7V0h1000v59.7 c0,0-62.1,26.1-94.9,29.3c-32.8,3.3-62.8-12.3-75.8-22.1C806,49.6,745.3,8.7,694.9,4.7S492.4,59,473,67.3z\"\/>\n\t<path class=\"elementor-shape-fill\" opacity=\"0.66\" d=\"M734,67.3c-45.5,0-77.2-23.2-129.1-39.1c-28.6-8.7-150.3-10.1-254,39.1 s-91.7-34.4-149.2,0C115.7,118.3,0,39.8,0,39.8V0h1000v36.5c0,0-28.2-18.5-92.1-18.5C810.2,18.1,775.7,67.3,734,67.3z\"\/>\n\t<path class=\"elementor-shape-fill\" d=\"M766.1,28.9c-200-57.5-266,65.5-395.1,19.5C242,1.8,242,5.4,184.8,20.6C128,35.8,132.3,44.9,89.9,52.5C28.6,63.7,0,0,0,0 h1000c0,0-9.9,40.9-83.6,48.1S829.6,47,766.1,28.9z\"\/>\n<\/svg>\t\t<\/div>\n\t\t\t\t\t<div class=\"elementor-container elementor-column-gap-default\">\n\t\t\t\t\t<div class=\"elementor-column elementor-col-100 elementor-top-column elementor-element elementor-element-0b9f3a2\" data-id=\"0b9f3a2\" data-element_type=\"column\" data-e-type=\"column\">\n\t\t\t<div class=\"elementor-widget-wrap elementor-element-populated\">\n\t\t\t\t\t\t<div class=\"elementor-element elementor-element-11cacf6 elementor-widget elementor-widget-heading\" data-id=\"11cacf6\" data-element_type=\"widget\" data-e-type=\"widget\" data-widget_type=\"heading.default\">\n\t\t\t\t<div class=\"elementor-widget-container\">\n\t\t\t\t\t<h2 class=\"elementor-heading-title elementor-size-default\">Exp\u00e9dition et traitement des retours<\/h2>\t\t\t\t<\/div>\n\t\t\t\t<\/div>\n\t\t\t\t\t<\/div>\n\t\t<\/div>\n\t\t\t\t\t<\/div>\n\t\t<\/section>\n\t\t\t\t<section class=\"elementor-section elementor-top-section elementor-element elementor-element-cf2b85d elementor-section-boxed elementor-section-height-default elementor-section-height-default\" data-id=\"cf2b85d\" data-element_type=\"section\" data-e-type=\"section\">\n\t\t\t\t\t\t<div class=\"elementor-container elementor-column-gap-wider\">\n\t\t\t\t\t<div class=\"elementor-column elementor-col-100 elementor-top-column elementor-element elementor-element-fabf060\" data-id=\"fabf060\" data-element_type=\"column\" data-e-type=\"column\">\n\t\t\t<div class=\"elementor-widget-wrap elementor-element-populated\">\n\t\t\t\t\t\t<div class=\"elementor-element elementor-element-2574d8e elementor-widget elementor-widget-text-editor\" data-id=\"2574d8e\" data-element_type=\"widget\" data-e-type=\"widget\" data-widget_type=\"text-editor.default\">\n\t\t\t\t<div class=\"elementor-widget-container\">\n\t\t\t\t\t\t\t\t\t<h2><b><span data-contrast=\"none\">Quels sont les frais d'exp\u00e9dition ou de retour ?<\/span><\/b><span data-ccp-props=\"{&quot;134233118&quot;:false,&quot;201341983&quot;:0,&quot;335551550&quot;:0,&quot;335551620&quot;:0,&quot;335559739&quot;:160,&quot;335559740&quot;:240}\">\u00a0<\/span><\/h2><p><b><span data-contrast=\"none\">Exp\u00e9dition :<\/span><\/b><span data-ccp-props=\"{&quot;134233118&quot;:false,&quot;201341983&quot;:0,&quot;335551550&quot;:0,&quot;335551620&quot;:0,&quot;335559739&quot;:160,&quot;335559740&quot;:240}\">\u00a0<\/span><\/p><p><span data-contrast=\"none\">Nos marchandises sont exp\u00e9di\u00e9es par l'interm\u00e9diaire du prestataire de services logistiques DHL et sont livr\u00e9es \u00e0 l'adresse de livraison indiqu\u00e9e par le client. Tous les produits sont exp\u00e9di\u00e9s sous forme de colis et sont donc assur\u00e9s.<\/span><span data-ccp-props=\"{&quot;134233118&quot;:false,&quot;201341983&quot;:0,&quot;335551550&quot;:0,&quot;335551620&quot;:0,&quot;335559739&quot;:160,&quot;335559740&quot;:240}\">\u00a0<\/span><b style=\"font-family: var( --e-global-typography-text-font-family ), Sans-serif; font-size: 1rem;\"><span data-contrast=\"none\">Frais d'exp\u00e9dition Allemagne : \u00a0<\/span><\/b><\/p><p><span style=\"color: var( --e-global-color-text ); font-family: var( --e-global-typography-text-font-family ), Sans-serif; font-size: 1rem;\" data-contrast=\"none\">Les frais d'exp\u00e9dition en Allemagne sont de 4,95 \u20ac, avec un d\u00e9lai de livraison moyen de 1 \u00e0 3 jours ouvrables.<\/span><span style=\"color: var( --e-global-color-text ); font-family: var( --e-global-typography-text-font-family ), Sans-serif; font-size: 1rem;\" data-ccp-props=\"{&quot;134233118&quot;:false,&quot;201341983&quot;:0,&quot;335551550&quot;:0,&quot;335551620&quot;:0,&quot;335559739&quot;:160,&quot;335559740&quot;:240}\">\u00a0<\/span><\/p><p><b><span data-contrast=\"none\">Les frais d'exp\u00e9dition en Autriche, Belgique, Pays-Bas, Luxembourg et Italie<\/span><\/b><span data-ccp-props=\"{&quot;134233118&quot;:false,&quot;201341983&quot;:0,&quot;335551550&quot;:0,&quot;335551620&quot;:0,&quot;335559739&quot;:160,&quot;335559740&quot;:240}\">\u00a0<\/span><\/p><p><span data-contrast=\"none\">L'exp\u00e9dition vers ces pays s'\u00e9l\u00e8ve \u00e0 9,95\u20ac avec un d\u00e9lai de livraison de 2 \u00e0 4 jours ouvrables en moyenne.<\/span><span data-ccp-props=\"{&quot;134233118&quot;:false,&quot;201341983&quot;:0,&quot;335551550&quot;:0,&quot;335551620&quot;:0,&quot;335559739&quot;:160,&quot;335559740&quot;:240}\">\u00a0<\/span><\/p><p><b><span data-contrast=\"none\">Frais de port Espagne et Portugal :<\/span><\/b><span data-ccp-props=\"{&quot;134233118&quot;:false,&quot;201341983&quot;:0,&quot;335551550&quot;:0,&quot;335551620&quot;:0,&quot;335559739&quot;:160,&quot;335559740&quot;:240}\">\u00a0<\/span><\/p><p><span data-contrast=\"none\">L'exp\u00e9dition vers ces pays est de 12,95\u20ac avec un d\u00e9lai de livraison moyen de 3-5 jours ouvrables.<\/span><span data-ccp-props=\"{&quot;134233118&quot;:false,&quot;201341983&quot;:0,&quot;335551550&quot;:0,&quot;335551620&quot;:0,&quot;335559739&quot;:160,&quot;335559740&quot;:240}\">\u00a0<\/span><\/p><p><b><span data-contrast=\"none\">Frais d'envoi en Suisse :<\/span><\/b><span data-ccp-props=\"{&quot;134233118&quot;:false,&quot;201341983&quot;:0,&quot;335551550&quot;:0,&quot;335551620&quot;:0,&quot;335559739&quot;:160,&quot;335559740&quot;:240}\">\u00a0<\/span><\/p><p><span data-contrast=\"none\">L'exp\u00e9dition vers la Suisse est de 19,95\u20ac avec un d\u00e9lai de livraison moyen de 3-4 jours ouvrables.<\/span><\/p><p><b><span data-contrast=\"none\">Frais de retour Allemagne et de tous les autres pays :<\/span><\/b><\/p><p><span data-contrast=\"none\">Les frais sont \u00e0 la charge de l'exp\u00e9diteur. Veuillez envoyer franco domicile.<\/span>\u00a0<br \/><span data-ccp-props=\"{&quot;134233118&quot;:false,&quot;201341983&quot;:0,&quot;335551550&quot;:0,&quot;335551620&quot;:0,&quot;335559739&quot;:160,&quot;335559740&quot;:240}\">\u00a0<\/span><\/p><h2><b><span data-contrast=\"none\">Comment renvoyer mes marchandises ?<\/span><\/b><span data-ccp-props=\"{&quot;134233118&quot;:false,&quot;201341983&quot;:0,&quot;335551550&quot;:0,&quot;335551620&quot;:0,&quot;335559739&quot;:160,&quot;335559740&quot;:240}\">\u00a0<\/span><\/h2><p><b><span data-contrast=\"none\">Retours :<\/span><\/b>\u00a0<br \/><span data-ccp-props=\"{&quot;134233118&quot;:false,&quot;201341983&quot;:0,&quot;335551550&quot;:0,&quot;335551620&quot;:0,&quot;335559739&quot;:160,&quot;335559740&quot;:240}\">\u00a0<\/span><\/p><p><span data-contrast=\"none\">Vous souhaitez retourner ou \u00e9changer un produit ou l'ensemble de votre commande. Vous pouvez retourner tous les articles sans indication de motif dans un d\u00e9lai de 14 jours, \u00e0 condition qu'ils soient en parfait \u00e9tat de vente. Les articles endommag\u00e9s, utilis\u00e9s ou salis ne sont pas repris.\u00a0<\/span><span data-ccp-props=\"{&quot;134233118&quot;:false,&quot;201341983&quot;:0,&quot;335551550&quot;:0,&quot;335551620&quot;:0,&quot;335559739&quot;:160,&quot;335559740&quot;:240}\">\u00a0<\/span><\/p><ol><li><span data-contrast=\"none\">Veuillez joindre \u00e0 votre colis une note sur laquelle vous indiquerez votre num\u00e9ro de commande, votre nom et votre adresse.<\/span><\/li><li><span data-contrast=\"none\">Dans la mesure du possible, renvoyez les articles dans le carton d'exp\u00e9dition d'origine. Les articles doivent \u00eatre solidement emball\u00e9s afin qu'ils ne soient pas endommag\u00e9s pendant le transport.<\/span><\/li><li><span data-contrast=\"none\">Fermez herm\u00e9tiquement le colis, affranchissez-le et \u00e9tiquetez-le \u00e0 l'adresse suivante :\u00a0\u00a0<\/span><span data-ccp-props=\"{&quot;201341983&quot;:0,&quot;335551550&quot;:0,&quot;335551620&quot;:0,&quot;335559685&quot;:360,&quot;335559739&quot;:0,&quot;335559740&quot;:240,&quot;335559991&quot;:360}\">\u00a0<\/span><\/li><\/ol><div>\u00a0<\/div><p><b><span data-contrast=\"none\">Rocher Direktmarketing-Services<\/span><\/b><span data-ccp-props=\"{&quot;201341983&quot;:0,&quot;335551550&quot;:0,&quot;335551620&quot;:0,&quot;335559739&quot;:0,&quot;335559740&quot;:240}\">\u00a0<\/span><\/p><p><b><span data-contrast=\"none\">Water-to-Go<\/span><\/b><span data-ccp-props=\"{&quot;134233118&quot;:false,&quot;201341983&quot;:0,&quot;335551550&quot;:0,&quot;335551620&quot;:0,&quot;335559739&quot;:160,&quot;335559740&quot;:240}\">\u00a0<\/span><\/p><p><b><span data-contrast=\"none\">Benzstrasse 5<\/span><\/b><span data-ccp-props=\"{&quot;134233118&quot;:false,&quot;201341983&quot;:0,&quot;335551550&quot;:0,&quot;335551620&quot;:0,&quot;335559739&quot;:160,&quot;335559740&quot;:240}\">\u00a0<\/span><\/p><p><b><span data-contrast=\"none\">82178 Puchheim<\/span><\/b><span data-ccp-props=\"{&quot;134233118&quot;:false,&quot;201341983&quot;:0,&quot;335551550&quot;:0,&quot;335551620&quot;:0,&quot;335559739&quot;:160,&quot;335559740&quot;:240}\">\u00a0<\/span><\/p><ol start=\"4\"><li><span data-contrast=\"none\"> Notez la virgule du lien de suivi que vous recevrez lorsque vous remettrez le colis \u00e0 l'entreprise de transport de votre choix.<\/span><\/li><\/ol><ol start=\"5\"><li><span data-contrast=\"none\">Commencez votre remboursement ici\u00a0<\/span><a href=\"mailto:watertogo@rocher-services.de\"><span data-contrast=\"none\">watertogo@rocher-services.de.<\/span><\/a><span data-contrast=\"none\"> Il est important que vous nous fournissiez un num\u00e9ro de suivi afin que nous puissions traiter votre retour de la meilleure fa\u00e7on possible.<\/span><\/li><\/ol><ol start=\"6\"><li><span data-contrast=\"none\">Apr\u00e8s r\u00e9ception et v\u00e9rification, votre argent sera \u00e9chang\u00e9 ou rembours\u00e9 d\u00e8s que possible. Les remboursements sont normalement effectu\u00e9s dans les 14 jours ouvrables.<\/span><\/li><\/ol><p><span data-ccp-props=\"{&quot;201341983&quot;:0,&quot;335551550&quot;:0,&quot;335551620&quot;:0,&quot;335559685&quot;:360,&quot;335559739&quot;:0,&quot;335559740&quot;:240,&quot;335559991&quot;:360}\">\u00a0<\/span><\/p><p><span data-contrast=\"none\"><strong>Pour toute autre question<\/strong> concernant les livraisons\/retours, veuillez contacter :\u00a0<\/span><a href=\"mailto:watertogo@rocher-services.de\"><span data-contrast=\"none\">watertogo@rocher-services.de<\/span><\/a><span data-ccp-props=\"{&quot;201341983&quot;:0,&quot;335551550&quot;:0,&quot;335551620&quot;:0,&quot;335559739&quot;:0,&quot;335559740&quot;:240}\">\u00a0<\/span><\/p><p><span data-ccp-props=\"{&quot;201341983&quot;:0,&quot;335551550&quot;:0,&quot;335551620&quot;:0,&quot;335559739&quot;:0,&quot;335559740&quot;:240}\">\u00a0<\/span><\/p><h2><b><span data-contrast=\"none\">Comment faire une r\u00e9clamation sur un produit ?<\/span><\/b><span data-ccp-props=\"{&quot;134233118&quot;:false,&quot;201341983&quot;:0,&quot;335551550&quot;:0,&quot;335551620&quot;:0,&quot;335559739&quot;:160,&quot;335559740&quot;:240}\">\u00a0<\/span><\/h2><p><b><span data-contrast=\"none\">R\u00e9clamations\/plaintes sur les produits, objections, questions :<\/span><\/b><span data-ccp-props=\"{&quot;134233118&quot;:false,&quot;201341983&quot;:0,&quot;335551550&quot;:0,&quot;335551620&quot;:0,&quot;335559739&quot;:160,&quot;335559740&quot;:240}\">\u00a0<\/span><\/p><p><span data-contrast=\"none\">Bien que nous compilions, contr\u00f4lions et emballions les produits et la commande avec le plus grand soin, des d\u00e9fauts de produits ou des livraisons erron\u00e9es peuvent survenir dans certains cas. Dans ce cas et pour toute autre question, veuillez nous contacter par e-mail :\u00a0<\/span><a href=\"mailto:watertogo@rocher-services.de\"><span data-contrast=\"none\">watertogo@rocher-services.de<\/span><\/a><span data-ccp-props=\"{&quot;134233118&quot;:false,&quot;201341983&quot;:0,&quot;335551550&quot;:0,&quot;335551620&quot;:0,&quot;335559739&quot;:160,&quot;335559740&quot;:240}\">\u00a0<\/span><\/p><ol><li><span data-contrast=\"none\">Veuillez nous communiquer votre nom, votre adresse et votre num\u00e9ro de commande afin que nous puissions vous l'attribuer.<\/span><\/li><li><span data-contrast=\"none\">Si vous avez une r\u00e9clamation concernant un produit, veuillez nous envoyer au moins une photo du d\u00e9faut afin que nous puissions l'identifier clairement.<\/span><\/li><li><span data-contrast=\"none\">D\u00e9crivez bri\u00e8vement votre probl\u00e8me, votre plainte ou le d\u00e9faut sp\u00e9cifique du produit.<\/span><\/li><li><span data-contrast=\"none\">Nous traiterons l'e-mail et r\u00e9pondrons g\u00e9n\u00e9ralement dans un d\u00e9lai d'un \u00e0 deux jours ouvrables.<\/span><\/li><\/ol><p><span data-ccp-props=\"{&quot;134233118&quot;:false,&quot;201341983&quot;:0,&quot;335551550&quot;:0,&quot;335551620&quot;:0,&quot;335559685&quot;:360,&quot;335559739&quot;:160,&quot;335559740&quot;:240,&quot;335559991&quot;:360}\">\u00a0<\/span><\/p><p><b><span data-contrast=\"none\">Pour toute autre question<\/span><\/b><span data-contrast=\"none\">\u00a0, veuillez contacter\u00a0<\/span><a href=\"mailto:watertogo@rocher-services.de\"><span data-contrast=\"none\">watertogo@rocher-services.de<\/span><\/a><span data-ccp-props=\"{&quot;201341983&quot;:0,&quot;335551550&quot;:0,&quot;335551620&quot;:0,&quot;335559739&quot;:0,&quot;335559740&quot;:240}\">\u00a0<\/span><\/p>\t\t\t\t\t\t\t\t<\/div>\n\t\t\t\t<\/div>\n\t\t\t\t\t<\/div>\n\t\t<\/div>\n\t\t\t\t\t<\/div>\n\t\t<\/section>\n\t\t\t\t<\/div>","protected":false},"excerpt":{"rendered":"<p>Versand- und Retourenabwicklung Was kostet mich der Versand bzw. meine Retoure?\u00a0 Versand:\u00a0 Unser Warenversand wird \u00fcber den Logistikdienstleister DHL abgewickelt und erfolgt an die vom Kunden angegebene Lieferadresse. Alle Produkte werden als Paket versendet und sind somit versichert.\u00a0Versandkosten Deutschland: \u00a0 Versand innerhalb von Deutschland betr\u00e4gt 5,95\u20ac mit einer Lieferzeit von durchschnittlich 1-3 Werktagen.\u00a0 Versandkosten \u00d6sterreich, [&hellip;]<\/p>\n","protected":false},"author":1,"featured_media":0,"parent":0,"menu_order":0,"comment_status":"closed","ping_status":"closed","template":"elementor_header_footer","meta":{"footnotes":""},"class_list":["post-1755","page","type-page","status-publish","hentry"],"_links":{"self":[{"href":"https:\/\/watertogo.net\/fr\/wp-json\/wp\/v2\/pages\/1755","targetHints":{"allow":["GET"]}}],"collection":[{"href":"https:\/\/watertogo.net\/fr\/wp-json\/wp\/v2\/pages"}],"about":[{"href":"https:\/\/watertogo.net\/fr\/wp-json\/wp\/v2\/types\/page"}],"author":[{"embeddable":true,"href":"https:\/\/watertogo.net\/fr\/wp-json\/wp\/v2\/users\/1"}],"replies":[{"embeddable":true,"href":"https:\/\/watertogo.net\/fr\/wp-json\/wp\/v2\/comments?post=1755"}],"version-history":[{"count":10,"href":"https:\/\/watertogo.net\/fr\/wp-json\/wp\/v2\/pages\/1755\/revisions"}],"predecessor-version":[{"id":3021,"href":"https:\/\/watertogo.net\/fr\/wp-json\/wp\/v2\/pages\/1755\/revisions\/3021"}],"wp:attachment":[{"href":"https:\/\/watertogo.net\/fr\/wp-json\/wp\/v2\/media?parent=1755"}],"curies":[{"name":"wp","href":"https:\/\/api.w.org\/{rel}","templated":true}]}}