{"id":1740,"date":"2023-07-13T09:15:48","date_gmt":"2023-07-13T09:15:48","guid":{"rendered":"https:\/\/watertogo.net\/?page_id=1740"},"modified":"2024-07-08T11:06:56","modified_gmt":"2024-07-08T09:06:56","slug":"widerrufsrecht","status":"publish","type":"page","link":"https:\/\/watertogo.net\/fr\/widerrufsrecht\/","title":{"rendered":"Droit de r\u00e9tractation"},"content":{"rendered":"<div data-elementor-type=\"wp-page\" data-elementor-id=\"1740\" class=\"elementor elementor-1740\" data-elementor-post-type=\"page\">\n\t\t\t\t\t\t<section class=\"elementor-section elementor-top-section elementor-element elementor-element-aa6c65a elementor-section-height-min-height elementor-section-boxed elementor-section-height-default elementor-section-items-middle\" data-id=\"aa6c65a\" data-element_type=\"section\" data-e-type=\"section\" data-settings=\"{&quot;background_background&quot;:&quot;gradient&quot;,&quot;shape_divider_bottom&quot;:&quot;mountains&quot;}\">\n\t\t\t\t\t\t\t<div class=\"elementor-background-overlay\"><\/div>\n\t\t\t\t\t\t<div class=\"elementor-shape elementor-shape-bottom\" aria-hidden=\"true\" data-negative=\"false\">\n\t\t\t<svg xmlns=\"http:\/\/www.w3.org\/2000\/svg\" viewbox=\"0 0 1000 100\" preserveaspectratio=\"none\">\n\t<path class=\"elementor-shape-fill\" opacity=\"0.33\" d=\"M473,67.3c-203.9,88.3-263.1-34-320.3,0C66,119.1,0,59.7,0,59.7V0h1000v59.7 c0,0-62.1,26.1-94.9,29.3c-32.8,3.3-62.8-12.3-75.8-22.1C806,49.6,745.3,8.7,694.9,4.7S492.4,59,473,67.3z\"\/>\n\t<path class=\"elementor-shape-fill\" opacity=\"0.66\" d=\"M734,67.3c-45.5,0-77.2-23.2-129.1-39.1c-28.6-8.7-150.3-10.1-254,39.1 s-91.7-34.4-149.2,0C115.7,118.3,0,39.8,0,39.8V0h1000v36.5c0,0-28.2-18.5-92.1-18.5C810.2,18.1,775.7,67.3,734,67.3z\"\/>\n\t<path class=\"elementor-shape-fill\" d=\"M766.1,28.9c-200-57.5-266,65.5-395.1,19.5C242,1.8,242,5.4,184.8,20.6C128,35.8,132.3,44.9,89.9,52.5C28.6,63.7,0,0,0,0 h1000c0,0-9.9,40.9-83.6,48.1S829.6,47,766.1,28.9z\"\/>\n<\/svg>\t\t<\/div>\n\t\t\t\t\t<div class=\"elementor-container elementor-column-gap-default\">\n\t\t\t\t\t<div class=\"elementor-column elementor-col-100 elementor-top-column elementor-element elementor-element-0b9f3a2\" data-id=\"0b9f3a2\" data-element_type=\"column\" data-e-type=\"column\">\n\t\t\t<div class=\"elementor-widget-wrap elementor-element-populated\">\n\t\t\t\t\t\t<div class=\"elementor-element elementor-element-11cacf6 elementor-widget elementor-widget-heading\" data-id=\"11cacf6\" data-element_type=\"widget\" data-e-type=\"widget\" data-widget_type=\"heading.default\">\n\t\t\t\t<div class=\"elementor-widget-container\">\n\t\t\t\t\t<h2 class=\"elementor-heading-title elementor-size-default\">Droit de r\u00e9tractation<\/h2>\t\t\t\t<\/div>\n\t\t\t\t<\/div>\n\t\t\t\t\t<\/div>\n\t\t<\/div>\n\t\t\t\t\t<\/div>\n\t\t<\/section>\n\t\t\t\t<section class=\"elementor-section elementor-top-section elementor-element elementor-element-cf2b85d elementor-section-boxed elementor-section-height-default elementor-section-height-default\" data-id=\"cf2b85d\" data-element_type=\"section\" data-e-type=\"section\">\n\t\t\t\t\t\t<div class=\"elementor-container elementor-column-gap-wider\">\n\t\t\t\t\t<div class=\"elementor-column elementor-col-100 elementor-top-column elementor-element elementor-element-fabf060\" data-id=\"fabf060\" data-element_type=\"column\" data-e-type=\"column\">\n\t\t\t<div class=\"elementor-widget-wrap elementor-element-populated\">\n\t\t\t\t\t\t<div class=\"elementor-element elementor-element-2574d8e elementor-widget elementor-widget-text-editor\" data-id=\"2574d8e\" data-element_type=\"widget\" data-e-type=\"widget\" data-widget_type=\"text-editor.default\">\n\t\t\t\t<div class=\"elementor-widget-container\">\n\t\t\t\t\t\t\t\t\t<p><strong>Droit de r\u00e9tractation pour les consommateurs<\/strong><\/p><p>Un consommateur est une personne physique qui conclut une transaction juridique \u00e0 des fins principalement \u00e9trang\u00e8res \u00e0 son activit\u00e9 commerciale ou professionnelle.<\/p><p><strong>Droit de r\u00e9tractation<\/strong><\/p><p>Vous avez le droit de r\u00e9silier le pr\u00e9sent contrat dans un d\u00e9lai de 14 jours sans donner de raison. Le d\u00e9lai de r\u00e9tractation est de 14 jours \u00e0 compter du jour o\u00f9 vous ou un tiers d\u00e9sign\u00e9 par vous, qui n'est pas le transporteur, avez pris livraison des biens, \u00e0 condition que vous ayez command\u00e9 un ou plusieurs biens dans le cadre d'une seule commande et qu'ils soient livr\u00e9s uniform\u00e9ment ; le jour o\u00f9 vous ou un tiers d\u00e9sign\u00e9 par vous, qui n'est pas le transporteur, avez pris livraison des derniers biens. si vous avez command\u00e9 plusieurs biens dans le cadre d'une commande unique et qu'ils sont livr\u00e9s s\u00e9par\u00e9ment ; sur lesquels vous ou un tiers d\u00e9sign\u00e9 par vous, qui n'est pas le transporteur, avez pris livraison des premiers biens, si les biens sont livr\u00e9s dans le cadre d'une commande pour des livraisons r\u00e9guli\u00e8res sur une p\u00e9riode donn\u00e9e.\n\nPour exercer le droit de r\u00e9tractation, vous devez nous informer (Rocher Marketing-Services, Water-to-Go, Benzstr. 5, 82178 Puchheim, Allemagne ou e-mail :\u00a0<a href=\"mailto:watertogo@rocher-services.de\">watertogo@rocher-services.de<\/a>de votre d\u00e9cision de r\u00e9tractation du pr\u00e9sent contrat par une d\u00e9claration claire (par exemple, lettre envoy\u00e9e par la poste ou e-mail). Vous pouvez utiliser le mod\u00e8le de formulaire de r\u00e9tractation ci-joint, mais ce n'est pas obligatoire. Si vous utilisez cette option, nous vous enverrons imm\u00e9diatement (par exemple par courrier \u00e9lectronique) un accus\u00e9 de r\u00e9ception de la r\u00e9tractation. Pour respecter le d\u00e9lai de r\u00e9tractation, il suffit que vous envoyiez votre notification d'exercice du droit de r\u00e9tractation avant l'expiration du d\u00e9lai de r\u00e9tractation.<\/p><p><strong>Votre annulation<\/strong><\/p><p>Si vous souhaitez r\u00e9silier le contrat, veuillez nous envoyer les informations suivantes par courrier ou \u00e0 l'adresse suivante<\/p><p>\u00a0E-Mail:\u00a0<a href=\"mailto:watertogo@rocher-services.de\">watertogo@rocher-services.de<\/a><\/p><p>Adresse postale :<\/p><p>Rocher Direktmarketing-Services\u00a0<\/p><p>Water-to-Go<\/p><p>Benzstra\u00dfe 5\u00a0<\/p><p>82178 Puchheim<\/p><p><strong>Exemple de formulaire de r\u00e9siliation :<\/strong><\/p><p>Par la pr\u00e9sente, je r\u00e9silie le contrat que j'ai conclu pour l'achat des marchandises suivantes :<\/p><p>N\u00b0 de commande<\/p><p>Article :<\/p><p>Command\u00e9 le :<\/p><p>Re\u00e7u le :\u00a0<\/p><p>Nom de l'acheteur :\u00a0<\/p><p>Adresse de l'acheteur :<\/p><p>Date :<\/p><p><strong>Les retours doivent \u00eatre trait\u00e9s conform\u00e9ment \u00e0 la description des retours. <\/strong>Les frais de retour sont \u00e0 la charge de l'acheteur. Nous rembourserons le prix d'achat tel que d\u00e9crit.<\/p>\t\t\t\t\t\t\t\t<\/div>\n\t\t\t\t<\/div>\n\t\t\t\t\t<\/div>\n\t\t<\/div>\n\t\t\t\t\t<\/div>\n\t\t<\/section>\n\t\t\t\t<\/div>","protected":false},"excerpt":{"rendered":"<p>Widerrufsrecht Widerrufsrecht f\u00fcr Verbraucher Verbraucher ist jede nat\u00fcrliche Person, die ein Rechtsgesch\u00e4ft zu Zwecken abschlie\u00dft, die \u00fcberwiegend weder ihrer gewerblichen noch ihrer selbstst\u00e4ndigen beruflichen T\u00e4tigkeit zugerechnet werden k\u00f6nnen. Widerrufsrecht Du hast das Recht, binnen 14 Tagen ohne Angabe von Gr\u00fcnden diesen Vertrag zu widerrufen. Die Widerrufsfrist betr\u00e4gt 14 Tage ab dem Tag, an dem du [&hellip;]<\/p>\n","protected":false},"author":1,"featured_media":0,"parent":0,"menu_order":0,"comment_status":"closed","ping_status":"closed","template":"elementor_header_footer","meta":{"footnotes":""},"class_list":["post-1740","page","type-page","status-publish","hentry"],"_links":{"self":[{"href":"https:\/\/watertogo.net\/fr\/wp-json\/wp\/v2\/pages\/1740","targetHints":{"allow":["GET"]}}],"collection":[{"href":"https:\/\/watertogo.net\/fr\/wp-json\/wp\/v2\/pages"}],"about":[{"href":"https:\/\/watertogo.net\/fr\/wp-json\/wp\/v2\/types\/page"}],"author":[{"embeddable":true,"href":"https:\/\/watertogo.net\/fr\/wp-json\/wp\/v2\/users\/1"}],"replies":[{"embeddable":true,"href":"https:\/\/watertogo.net\/fr\/wp-json\/wp\/v2\/comments?post=1740"}],"version-history":[{"count":10,"href":"https:\/\/watertogo.net\/fr\/wp-json\/wp\/v2\/pages\/1740\/revisions"}],"predecessor-version":[{"id":2579,"href":"https:\/\/watertogo.net\/fr\/wp-json\/wp\/v2\/pages\/1740\/revisions\/2579"}],"wp:attachment":[{"href":"https:\/\/watertogo.net\/fr\/wp-json\/wp\/v2\/media?parent=1740"}],"curies":[{"name":"wp","href":"https:\/\/api.w.org\/{rel}","templated":true}]}}