{"id":6088,"date":"2025-08-11T16:11:01","date_gmt":"2025-08-11T14:11:01","guid":{"rendered":"https:\/\/watertogo.net\/?post_type=product&#038;p=6088"},"modified":"2026-02-23T16:12:33","modified_gmt":"2026-02-23T15:12:33","slug":"flaschen-tasche-neopren-umhaengetasche-mit-vielen-extras","status":"publish","type":"product","link":"https:\/\/watertogo.net\/es\/produkt\/flaschen-tasche-neopren-umhaengetasche-mit-vielen-extras\/","title":{"rendered":"Bolsa para biberones - bolsa bandolera de neopreno con muchos extras"},"content":{"rendered":"<p><b>Isolierende Umh\u00e4ngetasche<\/b><br \/>\nHergestellt aus 3\u202fmm dickem Neopren-\u00e4hnlichem Material in Schwarz mit einem wei\u00dfen Water-to-Go Logo-Label.<\/p>\n<p><span class=\"TextRun Highlight SCXW196863649 BCX4\" lang=\"DE-DE\" xml:lang=\"DE-DE\" data-contrast=\"none\"><span class=\"NormalTextRun SCXW196863649 BCX4\">La pr\u00e1ctica bolsa <\/span><span class=\"NormalTextRun SCXW196863649 BCX4\">Water<\/span><span class=\"NormalTextRun SCXW196863649 BCX4\">&#8211;<\/span><span class=\"NormalTextRun SCXW196863649 BCX4\">to<\/span><span class=\"NormalTextRun SCXW196863649 BCX4\">-Go Tasche aus Neopren passt f\u00fcr alle Flaschentypen und hat eine H\u00f6he von 28 cm. Sie sch\u00fctzt deine Flasche, h\u00e4lt Getr\u00e4nke l\u00e4nger k\u00fchl und bietet dir bequemen Tragekomfort. Die Tasche l\u00e4sst sich oben schlie\u00dfen bzw. enger fixieren und kann dank der integrierten \u00d6se an G\u00fcrtel oder Rucksack befestigt werden. Alternativ kannst du sie einfach am Griff in der Hand tragen.<\/span><\/span><\/p>\n<p>Entrega sin botella<\/p>","protected":false},"excerpt":{"rendered":"<p>La pr\u00e1ctica bolsa Water-to-Go de neopreno es apta para todos los tipos de botellas Water-to-Go.<\/p>\n<p>Protege tu botella, mantiene tu agua potable fresca por m\u00e1s tiempo y te ofrece comodidad al transportarla. La bolsa se puede ajustar en la parte superior y, gracias a un ojal adicional, se puede enganchar f\u00e1cilmente a un cintur\u00f3n o mochila. Alternativamente, puedes llevarla simplemente por el asa en la mano.<\/p>\n<p><b>Datos clave:<\/b><b><\/b><\/p>\n<ul>\n<li>Apta para todas nuestras botellas<\/li>\n<li>Mantiene tu agua potable fresca por m\u00e1s tiempo<\/li>\n<li>Protege contra el fr\u00edo y reduce el riesgo de congelaci\u00f3n<\/li>\n<li>Cord\u00f3n superior con tope<\/li>\n<li>Asa corta y correa larga para el hombro incluidas<\/li>\n<li>Opciones de transporte vers\u00e1tiles: en cintur\u00f3n, mochila o en la mano<\/li>\n<li>2 bolsillos adicionales con cremallera para guardar tel\u00e9fono, cartera o llaves<\/li>\n<li>Material de neopreno resistente e aislante<\/li>\n<li>Protege la botella contra golpes y ara\u00f1azos<\/li>\n<li>Cerrable para un agarre seguro<\/li>\n<\/ul>\n<p>Entrega sin botella<\/p>","protected":false},"featured_media":7629,"comment_status":"closed","ping_status":"closed","template":"","meta":[],"product_brand":[],"product_cat":[87],"product_tag":[],"class_list":{"0":"post-6088","1":"product","2":"type-product","3":"status-publish","4":"has-post-thumbnail","6":"product_cat-taschen-bags","8":"first","9":"instock","10":"taxable","11":"shipping-taxable","12":"purchasable","13":"product-type-simple"},"_links":{"self":[{"href":"https:\/\/watertogo.net\/es\/wp-json\/wp\/v2\/product\/6088","targetHints":{"allow":["GET"]}}],"collection":[{"href":"https:\/\/watertogo.net\/es\/wp-json\/wp\/v2\/product"}],"about":[{"href":"https:\/\/watertogo.net\/es\/wp-json\/wp\/v2\/types\/product"}],"replies":[{"embeddable":true,"href":"https:\/\/watertogo.net\/es\/wp-json\/wp\/v2\/comments?post=6088"}],"wp:featuredmedia":[{"embeddable":true,"href":"https:\/\/watertogo.net\/es\/wp-json\/wp\/v2\/media\/7629"}],"wp:attachment":[{"href":"https:\/\/watertogo.net\/es\/wp-json\/wp\/v2\/media?parent=6088"}],"wp:term":[{"taxonomy":"product_brand","embeddable":true,"href":"https:\/\/watertogo.net\/es\/wp-json\/wp\/v2\/product_brand?post=6088"},{"taxonomy":"product_cat","embeddable":true,"href":"https:\/\/watertogo.net\/es\/wp-json\/wp\/v2\/product_cat?post=6088"},{"taxonomy":"product_tag","embeddable":true,"href":"https:\/\/watertogo.net\/es\/wp-json\/wp\/v2\/product_tag?post=6088"}],"curies":[{"name":"wp","href":"https:\/\/api.w.org\/{rel}","templated":true}]}}