{"id":2676,"date":"2023-09-15T11:05:33","date_gmt":"2023-09-15T09:05:33","guid":{"rendered":"https:\/\/watertogo.net\/?page_id=2676"},"modified":"2025-01-28T11:02:05","modified_gmt":"2025-01-28T10:02:05","slug":"agb-affiliates","status":"publish","type":"page","link":"https:\/\/watertogo.net\/es\/agb-affiliates\/","title":{"rendered":"Affiliate AGB"},"content":{"rendered":"<div data-elementor-type=\"wp-page\" data-elementor-id=\"2676\" class=\"elementor elementor-2676\" data-elementor-post-type=\"page\">\n\t\t\t\t\t\t<section class=\"elementor-section elementor-top-section elementor-element elementor-element-9236e7d elementor-section-height-min-height elementor-section-boxed elementor-section-height-default elementor-section-items-middle\" data-id=\"9236e7d\" data-element_type=\"section\" data-e-type=\"section\" data-settings=\"{&quot;background_background&quot;:&quot;gradient&quot;,&quot;shape_divider_bottom&quot;:&quot;mountains&quot;}\">\n\t\t\t\t\t\t\t<div class=\"elementor-background-overlay\"><\/div>\n\t\t\t\t\t\t<div class=\"elementor-shape elementor-shape-bottom\" aria-hidden=\"true\" data-negative=\"false\">\n\t\t\t<svg xmlns=\"http:\/\/www.w3.org\/2000\/svg\" viewbox=\"0 0 1000 100\" preserveaspectratio=\"none\">\n\t<path class=\"elementor-shape-fill\" opacity=\"0.33\" d=\"M473,67.3c-203.9,88.3-263.1-34-320.3,0C66,119.1,0,59.7,0,59.7V0h1000v59.7 c0,0-62.1,26.1-94.9,29.3c-32.8,3.3-62.8-12.3-75.8-22.1C806,49.6,745.3,8.7,694.9,4.7S492.4,59,473,67.3z\"\/>\n\t<path class=\"elementor-shape-fill\" opacity=\"0.66\" d=\"M734,67.3c-45.5,0-77.2-23.2-129.1-39.1c-28.6-8.7-150.3-10.1-254,39.1 s-91.7-34.4-149.2,0C115.7,118.3,0,39.8,0,39.8V0h1000v36.5c0,0-28.2-18.5-92.1-18.5C810.2,18.1,775.7,67.3,734,67.3z\"\/>\n\t<path class=\"elementor-shape-fill\" d=\"M766.1,28.9c-200-57.5-266,65.5-395.1,19.5C242,1.8,242,5.4,184.8,20.6C128,35.8,132.3,44.9,89.9,52.5C28.6,63.7,0,0,0,0 h1000c0,0-9.9,40.9-83.6,48.1S829.6,47,766.1,28.9z\"\/>\n<\/svg>\t\t<\/div>\n\t\t\t\t\t<div class=\"elementor-container elementor-column-gap-default\">\n\t\t\t\t\t<div class=\"elementor-column elementor-col-100 elementor-top-column elementor-element elementor-element-c34b5bb\" data-id=\"c34b5bb\" data-element_type=\"column\" data-e-type=\"column\">\n\t\t\t<div class=\"elementor-widget-wrap elementor-element-populated\">\n\t\t\t\t\t\t<div class=\"elementor-element elementor-element-70c8aa4 elementor-widget elementor-widget-heading\" data-id=\"70c8aa4\" data-element_type=\"widget\" data-e-type=\"widget\" data-widget_type=\"heading.default\">\n\t\t\t\t<div class=\"elementor-widget-container\">\n\t\t\t\t\t<h2 class=\"elementor-heading-title elementor-size-default\">AGB-Affiliate Programm<\/h2>\t\t\t\t<\/div>\n\t\t\t\t<\/div>\n\t\t\t\t\t<\/div>\n\t\t<\/div>\n\t\t\t\t\t<\/div>\n\t\t<\/section>\n\t\t\t\t<section class=\"elementor-section elementor-top-section elementor-element elementor-element-b614a11 elementor-section-boxed elementor-section-height-default elementor-section-height-default\" data-id=\"b614a11\" data-element_type=\"section\" data-e-type=\"section\">\n\t\t\t\t\t\t<div class=\"elementor-container elementor-column-gap-wider\">\n\t\t\t\t\t<div class=\"elementor-column elementor-col-100 elementor-top-column elementor-element elementor-element-1bc85dc\" data-id=\"1bc85dc\" data-element_type=\"column\" data-e-type=\"column\">\n\t\t\t<div class=\"elementor-widget-wrap elementor-element-populated\">\n\t\t\t\t\t\t<div class=\"elementor-element elementor-element-d052baf elementor-widget elementor-widget-text-editor\" data-id=\"d052baf\" data-element_type=\"widget\" data-e-type=\"widget\" data-widget_type=\"text-editor.default\">\n\t\t\t\t<div class=\"elementor-widget-container\">\n\t\t\t\t\t\t\t\t\t<p><b style=\"caret-color: #000000; color: #000000;\">CONDICIONES GENERALES DE<\/b><span style=\"caret-color: #000000; color: #000000;\" data-ccp-props=\"{&quot;201341983&quot;:0,&quot;335551550&quot;:2,&quot;335551620&quot;:2,&quot;335559738&quot;:240,&quot;335559739&quot;:240,&quot;335559740&quot;:240}\">\u00a0<\/span><\/p>\t\t\t\t\t\t\t\t<\/div>\n\t\t\t\t<\/div>\n\t\t\t\t<div class=\"elementor-element elementor-element-0a985f0 elementor-widget elementor-widget-text-editor\" data-id=\"0a985f0\" data-element_type=\"widget\" data-e-type=\"widget\" data-widget_type=\"text-editor.default\">\n\t\t\t\t<div class=\"elementor-widget-container\">\n\t\t\t\t\t\t\t\t\t<p><i>http:\/\/www.watertogo.net<\/i><\/p><p><i>\u00a1Bienvenido a Water to go!<\/i><\/p><h3>(1) Las Condiciones Generales del Anunciante para el Programa de Afiliaci\u00f3n de Socios<\/h3><h5><strong>1. \u00c1mbito de aplicaci\u00f3n<\/strong><\/h5><p>(1) Las presentes condiciones de participaci\u00f3n (en lo sucesivo, \"CGC\") se aplican a la relaci\u00f3n contractual entre Ralf Illgen &amp; Brigit Riedel GbR, Feldg\u00e4rtenstr. 40, 50735 Colonia, Alemania, y los socios contractuales (en lo sucesivo, \"socios\") del programa de afiliaci\u00f3n de la plataforma www.watertogo.net (en lo sucesivo, \"programa de afiliaci\u00f3n\").<\/p><p>(2) Prestamos nuestros servicios exclusivamente sobre la base de estas CGC. Las condiciones propias del socio requerir\u00e1n nuestro consentimiento expreso por escrito y, por tanto, no ser\u00e1n aplicables aunque no nos opongamos expresamente a su validez.<\/p><h5><strong>2. Celebraci\u00f3n del contrato<\/strong><\/h5><p>(1) El contrato entre nosotros y el socio se celebra exclusivamente a trav\u00e9s de nuestro procedimiento de solicitud en l\u00ednea por correo electr\u00f3nico. Con su solicitud, el socio presenta una oferta para participar en el programa de afiliaci\u00f3n y acepta nuestras Condiciones Generales de Afiliaci\u00f3n. S\u00f3lo se celebra un contrato cuando declaramos expresamente la aceptaci\u00f3n de la oferta o publicamos material publicitario espec\u00edfico para el socio.<\/p><p>(2) No existe ning\u00fan derecho a participar en el programa de socios y a celebrar un contrato con nosotros. Podemos rechazar socios individuales en cualquier momento sin indicar los motivos.<\/p><h5><strong>3. Objeto del contrato<\/strong><\/h5><p>El objeto del presente contrato es la participaci\u00f3n en el programa de socios, cuyo fin es aumentar las ventas de nuestros productos a trav\u00e9s de nuestra plataforma\u00a0<a href=\"https:\/\/watertogo.net\/es\/\">www.watertogo.net<\/a>\u00a0\u00a0a trav\u00e9s de sus actividades publicitarias, el socio adquiere usuarios que se registran en al menos una de nuestras plataformas de acuerdo con la secci\u00f3n 4.3 de estas CGC y generan pedidos de productos a trav\u00e9s de la misma. La participaci\u00f3n en el programa de socios es gratuita para el socio.<\/p><p>(2) El socio coloca el contenido aprobado para \u00e9l bajo su propia responsabilidad en sus sitios web y canales de medios sociales registrados y aprobados en el programa de socios (en lo sucesivo, \"canales de socios\"). El socio es libre de decidir si coloca el contenido en los canales de socio y durante cu\u00e1nto tiempo. Est\u00e1 autorizado a retirar el contenido en cualquier momento.<\/p><p>(3) El Socio recibir\u00e1 una comisi\u00f3n por la publicidad y posterior remisi\u00f3n con \u00e9xito de transacciones (y pedidos de productos resultantes) por parte de nuevos clientes. Los detalles se establecen en la secci\u00f3n 7 de estas CGC.<\/p><p>(4) El programa de socios no establece ninguna otra relaci\u00f3n contractual entre las partes m\u00e1s all\u00e1 del presente contrato.<\/p><h5><strong>4. Funcionamiento del programa de socios<\/strong><\/h5><p>(1) El socio debe registrarse en el programa de socios en nuestra plataforma\u00a0<a href=\"https:\/\/watertogo.net\/es\/\">www.watertogo.net<\/a>\u00a0utilizando los datos solicitados durante el registro. Despu\u00e9s de registrarse correctamente, se crear\u00e1 una cuenta de cliente para el socio, a trav\u00e9s de la cual \u00e9ste podr\u00e1 gestionar sus actividades de socio. Adem\u00e1s, el socio debe completar su cuenta de usuario.<\/p><p>Se proporcionar\u00e1 al Socio un enlace de registro espec\u00edfico con un ID individual como c\u00f3digo de referencia para nuestra plataforma\u00a0<a href=\"https:\/\/watertogo.net\/es\/\">www.watertogo.net<\/a>\u00a0, que podr\u00e1 utilizarse para identificar a los usuarios referidos por el Socio cuando se registren a trav\u00e9s del enlace.<\/p><p class=\"translation-block\">(3) A trav\u00e9s de la cuenta de cliente de nuestra plataforma www.watertogo.net (\"Watertogo dashboard\"), el socio recibe un resumen de los usuarios referidos con la comisi\u00f3n correspondiente.<\/p><h5><strong>5 Nuestras funciones<\/strong><\/h5><p>(1) Proporcionamos al socio una selecci\u00f3n de banners publicitarios, logotipos e im\u00e1genes de productos para campa\u00f1as individuales seg\u00fan nuestro propio criterio.<\/p><p>(2) Operamos nuestras plataformas y los servicios ofrecidos en ellas a nuestra propia discreci\u00f3n dentro del \u00e1mbito de las posibilidades t\u00e9cnicas de que disponemos. En este contexto, no garantizamos la disponibilidad sin errores y\/o ininterrumpida del sitio web. La calidad y la correcci\u00f3n de los productos y del material publicitario ofrecidos en nuestro sitio web quedan a nuestra entera discreci\u00f3n.<\/p><p>(3) Adem\u00e1s, nos comprometemos a pagar una remuneraci\u00f3n de conformidad con la cl\u00e1usula 7 en las condiciones especificadas en la misma.<\/p><h5><strong>6 Derechos y obligaciones del socio<\/strong><\/h5><p>(1) El socio es responsable del contenido y el funcionamiento continuo de los canales del socio y no colocar\u00e1 en ellos ning\u00fan contenido durante la vigencia de este contrato que infrinja la legislaci\u00f3n aplicable, la moralidad o los derechos de terceros y\/o que pueda da\u00f1ar nuestra reputaci\u00f3n. Estamos autorizados, pero no obligados, a comprobar los canales asociados. En particular, se proh\u00edbe al socio difundir contenidos que<\/p><ul><li>Racismo,<\/li><li>Glorificaci\u00f3n de la violencia y el extremismo de cualquier tipo,<\/li><li>Incitaci\u00f3n e instigaci\u00f3n a cometer delitos y\/o violaciones de la ley, amenazas contra la vida, la integridad f\u00edsica o la propiedad,<\/li><li>Agitaci\u00f3n contra personas o empresas,<\/li><li>declaraciones difamatorias, injurias, calumnias y difamaci\u00f3n de usuarios y terceros, as\u00ed como infracciones de la legislaci\u00f3n sobre pr\u00e1cticas comerciales leales,<\/li><li>contenidos que vulneren los derechos de autor u otras infracciones de los derechos de propiedad intelectual o<\/li><li>acoso sexual a usuarios y terceros<\/li><\/ul><p>representen, se refieran o contengan contenido alguno. Dichos contenidos no podr\u00e1n integrarse en los propios Canales de socios, ni los Canales de socios podr\u00e1n enlazar con los contenidos correspondientes de otros sitios web.<\/p><p>(2) Queda prohibida cualquier forma de abuso, es decir, la generaci\u00f3n de clientes potenciales y\/o pedidos de productos a trav\u00e9s de m\u00e9todos desleales o medios no autorizados que infrinjan la legislaci\u00f3n aplicable y\/o las presentes CGC. En particular, se proh\u00edbe al Socio intentar generar clientes potenciales, pedidos y\/o ventas por s\u00ed mismo o a trav\u00e9s de terceros mediante una o varias de las siguientes pr\u00e1cticas o para garantizar una cesi\u00f3n al Socio:<\/p><ul><li>Falsificaci\u00f3n de clientes potenciales y pedidos de productos que en realidad no se han producido, por ejemplo, facilitando datos de terceros no autorizados o datos falsos o inexistentes al realizar pedidos de productos en nuestro sitio web,<\/li><li>Uso de formas de publicidad que permiten el rastreo pero no muestran el material publicitario, no lo muestran de forma perceptible o no lo muestran en la forma y\/o tama\u00f1o especificados,<\/li><li>otras formas de fraude de afiliaci\u00f3n (en particular el spam de cookies, los clics forzados, el salto de afiliaci\u00f3n) y el uso de capas, complementos, iFrames y tecnolog\u00eda post-view para aumentar los clientes potenciales,<\/li><li>El uso de t\u00e9rminos que est\u00e9n legalmente protegidos para nosotros o para terceros, en particular marcas comerciales, por ejemplo en motores de b\u00fasqueda, anuncios o publicidad en el sitio web del socio sin nuestro consentimiento expreso previo por escrito. En particular, se proh\u00edbe al Partner mantener sitios web en Internet que puedan dar lugar a un riesgo de confusi\u00f3n con nosotros o con los productos ofrecidos por nosotros. En particular, el socio no podr\u00e1 copiar nuestro sitio web, p\u00e1ginas de destino u otras apariencias nuestras ni adoptar gr\u00e1ficos, textos u otros contenidos nuestros. El socio debe evitar dar la impresi\u00f3n de que los canales de socios son un proyecto nuestro o que su operador est\u00e1 econ\u00f3micamente vinculado a nosotros de una forma que vaya m\u00e1s all\u00e1 del programa de socios y de este contrato. Cualquier uso de materiales o contenidos de nuestro sitio web o de nuestros logotipos o marcas por parte del socio requiere nuestra aprobaci\u00f3n previa por escrito.<\/li><li><strong>El socio s\u00f3lo podr\u00e1 gestionar una cuenta para el programa de socios de la plataforma www.watertogo.net. Se proh\u00edbe expresamente al socio gestionar varias cuentas con diferentes direcciones de correo electr\u00f3nico.<\/strong><\/li><\/ul><p>(3) El Socio se compromete a operar el Sitio Web del Socio de conformidad con la legislaci\u00f3n aplicable y, en particular, a mantener un aviso legal adecuado.<\/p><p>(4) El Partner retirar\u00e1 inmediatamente los productos de los Canales de Partners si as\u00ed se lo solicitamos. Esto tambi\u00e9n se aplica en particular a los canales en los que no queremos o ya no queremos incluir los productos por cualquier motivo.<\/p><p>(5) El Partner no colocar\u00e1 anuncios contextuales (en particular, anuncios en redes sociales, por ejemplo, en Facebook e Instagram, Google AdWords o AdSense) que contengan nuestro nombre, palabras clave de la empresa o marcas o que se entreguen bas\u00e1ndose en el uso de las palabras clave correspondientes. Lo mismo se aplica a los nombres de nuestros productos.<\/p><h5><strong>7. Remuneraci\u00f3n<\/strong><\/h5><p>(1) El socio contractual recibir\u00e1 de nosotros una remuneraci\u00f3n en funci\u00f3n del rendimiento por los pedidos de productos generados por un usuario remitido por el socio.<\/p><p>(2) S\u00f3lo se tendr\u00e1 derecho al pago de la remuneraci\u00f3n en las siguientes condiciones:\n\u2022\tun usuario se ha registrado en la plataforma www.watertogo.net de acuerdo con la<\/p><ul><li>un usuario se ha registrado en la plataforma www.watertogo.net de acuerdo con la secci\u00f3n 4.3 como resultado de la actividad publicitaria del socio y ha realizado un pedido de producto resultante.<\/li><li>Los pedidos de clientes potenciales y productos han sido registrados (\"rastreados\") por nosotros,<\/li><li>Hemos aprobado y confirmado los pedidos de clientes potenciales y productos, y<\/li><li>no exista abuso en el sentido del apartado 6.2 de las presentes CGC.<\/li><\/ul><p>(3) Un pedido de productos realizado con \u00e9xito es un pedido realizado a trav\u00e9s de\u00a0<a href=\"https:\/\/watertogo.net\/es\/\">www.watertogo.net<\/a>\u00a0\u00a0con uno o m\u00e1s productos que ha sido pagado y enviado. Las cancelaciones (por ejemplo, si el cliente final no ha pagado o se le devuelven los pagos realizados por \u00e9l) -sea cual sea el motivo- no se consideran un pedido de productos realizado con \u00e9xito,<\/p><p>(4) Los pedidos realizados por el socio, las empresas afiliadas econ\u00f3micamente o sus familiares no est\u00e1n sujetos a remuneraci\u00f3n.<\/p><p>\u00a0<\/p><p>(7) El importe de la remuneraci\u00f3n depende de la distribuci\u00f3n de los descuentos asignados. Por ejemplo, al afiliado se le concede un marco de descuento del 25%, que puede dividir como desee entre \u00e9l y el cliente final que haya reclutado. entre \u00e9l y el cliente final reclutado. Por ejemplo, si al cliente final se le concede un 10%, al afiliado le queda por pagar un 15% de comisi\u00f3n.\u00a0<\/p><p>(8) Todas las comisiones indicadas deben entenderse como remuneraci\u00f3n neta y se abonar\u00e1n m\u00e1s el 19 % de IVA si se aporta la prueba de estar sujeto al pago del IVA.<\/p><h5><strong>8. Contabilidad<\/strong><\/h5><p>(1) La comisi\u00f3n se abona en la cuenta interna del socio cuando se env\u00eda el producto. El pago de los derechos de remuneraci\u00f3n tiene lugar al final de cada trimestre. Y puede ser consultado por el socio en cualquier momento.\u00a0<\/p><p>(2) Proporcionaremos al socio un extracto v\u00e1lido desde el punto de vista fiscal de las solicitudes de remuneraci\u00f3n en su cuenta de cliente. La contraparte deber\u00e1 comprobar el extracto sin demora. Si la contraparte tiene alguna objeci\u00f3n al extracto, deber\u00e1 comunic\u00e1rnoslo por escrito en el plazo de cuatro semanas. Transcurrido este plazo, la liquidaci\u00f3n se considerar\u00e1 correcta.<\/p><p>(3) El pago se realizar\u00e1 mediante transferencia bancaria con efecto liberatorio a los datos bancarios facilitados por el socio en la cuenta de cliente. Los posibles gastos bancarios (por ejemplo, para cuentas bancarias en el extranjero) correr\u00e1n a cargo del Socio.<\/p><h5><strong>9. Derechos de uso<\/strong><\/h5><p>(1) Los productos y el resto de nuestros contenidos est\u00e1n protegidos por derechos de autor y\/u otros derechos de propiedad industrial. Concedemos al socio un derecho simple y no exclusivo a utilizar estos productos durante la duraci\u00f3n y el objeto del presente contrato.<\/p><p>(2) Cualquier modificaci\u00f3n, duplicaci\u00f3n, distribuci\u00f3n o reproducci\u00f3n p\u00fablica de los productos o de una parte sustancial de los mismos en t\u00e9rminos de tipo y alcance requerir\u00e1 nuestro consentimiento previo por escrito en la medida en que exceda el alcance concedido en el p\u00e1rrafo 1 anterior.<\/p><h5><strong>10. Confidencialidad<\/strong><\/h5><p>(1) La contraparte se compromete a mantener en secreto por tiempo ilimitado (incluso m\u00e1s all\u00e1 de la finalizaci\u00f3n del presente contrato) todo conocimiento de nuestros secretos comerciales y empresariales u otra informaci\u00f3n confidencial obtenida en el \u00e1mbito de la relaci\u00f3n contractual, a utilizarla \u00fanicamente para los fines del contrato y, en particular, a no transmitirla a terceros ni utilizarla de otro modo. Si la informaci\u00f3n es designada por nosotros como confidencial, se aplicar\u00e1 la presunci\u00f3n irrefutable de que se trata de un secreto comercial o empresarial.<\/p><p>(2) El contenido de este contrato y los documentos asociados deben ser tratados confidencialmente por el socio.<\/p><p>(3) El Socio obligar\u00e1 a sus empleados y a otras personas a cuyos servicios recurra para cumplir sus obligaciones contractuales a mantener la confidencialidad de forma correspondiente a los apartados 1 y 2 anteriores.<\/p><h5><strong>11 Duraci\u00f3n y rescisi\u00f3n del contrato, bloqueo<\/strong><\/h5><p>(1) El contrato tendr\u00e1 una duraci\u00f3n indefinida y podr\u00e1 ser rescindido por cualquiera de las partes en cualquier momento sin previo aviso y sin indicar los motivos.<\/p><p>(2) Adem\u00e1s y m\u00e1s all\u00e1 de esto, el derecho de las partes a rescindir la relaci\u00f3n contractual mediante cancelaci\u00f3n extraordinaria por causa justificada no se ver\u00e1 afectado. Para nosotros, un motivo importante que nos da derecho a la rescisi\u00f3n extraordinaria existe en particular en los siguientes casos:<\/p><ul><li>incumplimiento negligente o deliberado de las obligaciones del socio en virtud del presente contrato, en particular el incumplimiento de las cl\u00e1usulas 6.1 a 6.5 de las presentes CGC.<\/li><li>incumplimiento de las obligaciones derivadas del presente contrato y no subsanaci\u00f3n o cese del incumplimiento a pesar de nuestro requerimiento para que lo haga,<\/li><li>un caso de abuso en el sentido de la secci\u00f3n 6.2.<\/li><\/ul><p>(3) La cancelaci\u00f3n puede realizarse por correo electr\u00f3nico. Una cancelaci\u00f3n declarada por nosotros por correo electr\u00f3nico se considerar\u00e1 recibida el d\u00eda en que se env\u00ede a la direcci\u00f3n de correo electr\u00f3nico especificada por el socio en la cuenta de cliente. Tambi\u00e9n podemos declarar la cancelaci\u00f3n restringiendo el acceso a la cuenta de cliente. El socio tambi\u00e9n puede declarar la cancelaci\u00f3n borrando la cuenta de cliente. El contrato quedar\u00e1 resuelto tras la recepci\u00f3n de la cancelaci\u00f3n.<\/p><p>(4) Tras la rescisi\u00f3n del contrato, el Partner est\u00e1 obligado a retirar inmediatamente todos los productos y otros enlaces nuestros de los Canales del Partner. Esto tambi\u00e9n se aplica a los sitios web u otros medios publicitarios en los que el Partner haya integrado los productos y contenidos o enlaces sin estar autorizado para ello.<\/p><p>(5) Los clientes potenciales generados tras la rescisi\u00f3n del contrato, los pedidos de venta y los productos vendidos o encargados no dar\u00e1n lugar a la obligaci\u00f3n de pagar una remuneraci\u00f3n.<\/p><p>(6) En lugar de la cancelaci\u00f3n, tambi\u00e9n podemos bloquear la cuenta del cliente y congelar todas las comisiones ganadas en los casos establecidos en la cl\u00e1usula 13.2. Esto tambi\u00e9n se aplica si s\u00f3lo existe una sospecha justificada de uso indebido de acuerdo con la cl\u00e1usula 6.2. Informaremos al socio del motivo del bloqueo y volveremos a levantar el bloqueo cuando se hayan aclarado y, si es necesario, eliminado los motivos que llevaron al bloqueo. Los clientes potenciales generados y\/o los productos pedidos o vendidos durante el periodo de bloqueo no dar\u00e1n lugar a una obligaci\u00f3n de pago. Cualquier reembolso de comisiones ya abonadas estar\u00e1 sujeto a una revisi\u00f3n caso por caso.<\/p><h5><strong>12. Disposiciones finales<\/strong><\/h5><p>(1) En caso de que el contrato contenga disposiciones inv\u00e1lidas, la validez del resto del contrato no se ver\u00e1 afectada (cl\u00e1usula de divisibilidad).<\/p><p>(2) Nos reservamos el derecho a modificar estas CGC en cualquier momento. Las modificaciones se notificar\u00e1n al Partner por correo electr\u00f3nico. Si el Socio no est\u00e1 de acuerdo con los cambios, tiene derecho a informarnos de ello en un plazo de cuatro semanas a partir de la recepci\u00f3n de la notificaci\u00f3n de cambio. En este caso, tenemos un derecho especial de cancelaci\u00f3n. Si no se realiza dicha notificaci\u00f3n dentro de este plazo, los cambios se considerar\u00e1n aceptados y entrar\u00e1n en vigor una vez expirado el plazo.<\/p><p>(3) El presente contrato se regir\u00e1 exclusivamente por la legislaci\u00f3n alemana.<\/p><p>(4) Si la contraparte es un comerciante, una persona jur\u00eddica de derecho p\u00fablico o un patrimonio especial de derecho p\u00fablico, se acuerda Colonia como jurisdicci\u00f3n para todos los litigios derivados o relacionados con los contratos entre nosotros y la contraparte.\u00a0<\/p>\t\t\t\t\t\t\t\t<\/div>\n\t\t\t\t<\/div>\n\t\t\t\t\t<\/div>\n\t\t<\/div>\n\t\t\t\t\t<\/div>\n\t\t<\/section>\n\t\t\t\t<\/div>","protected":false},"excerpt":{"rendered":"<p>AGB-Affiliate Programm ALLGEMEINE GESCH\u00c4FTSBEDINGUNGEN VON&nbsp; http:\/\/www.watertogo.net Willkommen bei Water to go! (1) Die Allgemeine Gesch\u00e4ftsbedingungen des Advertisers f\u00fcr das Affiliate Partnerprogramm 1. Geltungsbereich (1) Diese Teilnahmebedingungen (im Folgenden \u201eAGB\u201c) gelten f\u00fcr das Vertragsverh\u00e4ltnis zwischen der Ralf Illgen &amp; Brigit Riedel GbR, Feldg\u00e4rtenstr. 40, 50735 K\u00f6ln, und den Vertragspartnern (im Folgenden \u201ePartner\u201c) des Affiliate-Programms f\u00fcr die [&hellip;]<\/p>\n","protected":false},"author":1,"featured_media":0,"parent":0,"menu_order":0,"comment_status":"closed","ping_status":"closed","template":"elementor_header_footer","meta":{"footnotes":""},"class_list":["post-2676","page","type-page","status-publish","hentry"],"_links":{"self":[{"href":"https:\/\/watertogo.net\/es\/wp-json\/wp\/v2\/pages\/2676","targetHints":{"allow":["GET"]}}],"collection":[{"href":"https:\/\/watertogo.net\/es\/wp-json\/wp\/v2\/pages"}],"about":[{"href":"https:\/\/watertogo.net\/es\/wp-json\/wp\/v2\/types\/page"}],"author":[{"embeddable":true,"href":"https:\/\/watertogo.net\/es\/wp-json\/wp\/v2\/users\/1"}],"replies":[{"embeddable":true,"href":"https:\/\/watertogo.net\/es\/wp-json\/wp\/v2\/comments?post=2676"}],"version-history":[{"count":9,"href":"https:\/\/watertogo.net\/es\/wp-json\/wp\/v2\/pages\/2676\/revisions"}],"predecessor-version":[{"id":2686,"href":"https:\/\/watertogo.net\/es\/wp-json\/wp\/v2\/pages\/2676\/revisions\/2686"}],"wp:attachment":[{"href":"https:\/\/watertogo.net\/es\/wp-json\/wp\/v2\/media?parent=2676"}],"curies":[{"name":"wp","href":"https:\/\/api.w.org\/{rel}","templated":true}]}}