{"id":1755,"date":"2023-07-13T09:28:56","date_gmt":"2023-07-13T09:28:56","guid":{"rendered":"https:\/\/watertogo.net\/?page_id=1755"},"modified":"2024-07-08T12:50:40","modified_gmt":"2024-07-08T10:50:40","slug":"versand-und-retoure","status":"publish","type":"page","link":"https:\/\/watertogo.net\/es\/versand-und-retoure\/","title":{"rendered":"Versand und Retoure"},"content":{"rendered":"<div data-elementor-type=\"wp-page\" data-elementor-id=\"1755\" class=\"elementor elementor-1755\" data-elementor-post-type=\"page\">\n\t\t\t\t\t\t<section class=\"elementor-section elementor-top-section elementor-element elementor-element-aa6c65a elementor-section-height-min-height elementor-section-boxed elementor-section-height-default elementor-section-items-middle\" data-id=\"aa6c65a\" data-element_type=\"section\" data-e-type=\"section\" data-settings=\"{&quot;background_background&quot;:&quot;gradient&quot;,&quot;shape_divider_bottom&quot;:&quot;mountains&quot;}\">\n\t\t\t\t\t\t\t<div class=\"elementor-background-overlay\"><\/div>\n\t\t\t\t\t\t<div class=\"elementor-shape elementor-shape-bottom\" aria-hidden=\"true\" data-negative=\"false\">\n\t\t\t<svg xmlns=\"http:\/\/www.w3.org\/2000\/svg\" viewbox=\"0 0 1000 100\" preserveaspectratio=\"none\">\n\t<path class=\"elementor-shape-fill\" opacity=\"0.33\" d=\"M473,67.3c-203.9,88.3-263.1-34-320.3,0C66,119.1,0,59.7,0,59.7V0h1000v59.7 c0,0-62.1,26.1-94.9,29.3c-32.8,3.3-62.8-12.3-75.8-22.1C806,49.6,745.3,8.7,694.9,4.7S492.4,59,473,67.3z\"\/>\n\t<path class=\"elementor-shape-fill\" opacity=\"0.66\" d=\"M734,67.3c-45.5,0-77.2-23.2-129.1-39.1c-28.6-8.7-150.3-10.1-254,39.1 s-91.7-34.4-149.2,0C115.7,118.3,0,39.8,0,39.8V0h1000v36.5c0,0-28.2-18.5-92.1-18.5C810.2,18.1,775.7,67.3,734,67.3z\"\/>\n\t<path class=\"elementor-shape-fill\" d=\"M766.1,28.9c-200-57.5-266,65.5-395.1,19.5C242,1.8,242,5.4,184.8,20.6C128,35.8,132.3,44.9,89.9,52.5C28.6,63.7,0,0,0,0 h1000c0,0-9.9,40.9-83.6,48.1S829.6,47,766.1,28.9z\"\/>\n<\/svg>\t\t<\/div>\n\t\t\t\t\t<div class=\"elementor-container elementor-column-gap-default\">\n\t\t\t\t\t<div class=\"elementor-column elementor-col-100 elementor-top-column elementor-element elementor-element-0b9f3a2\" data-id=\"0b9f3a2\" data-element_type=\"column\" data-e-type=\"column\">\n\t\t\t<div class=\"elementor-widget-wrap elementor-element-populated\">\n\t\t\t\t\t\t<div class=\"elementor-element elementor-element-11cacf6 elementor-widget elementor-widget-heading\" data-id=\"11cacf6\" data-element_type=\"widget\" data-e-type=\"widget\" data-widget_type=\"heading.default\">\n\t\t\t\t<div class=\"elementor-widget-container\">\n\t\t\t\t\t<h2 class=\"elementor-heading-title elementor-size-default\">Gesti\u00f3n de env\u00edos y devoluciones<\/h2>\t\t\t\t<\/div>\n\t\t\t\t<\/div>\n\t\t\t\t\t<\/div>\n\t\t<\/div>\n\t\t\t\t\t<\/div>\n\t\t<\/section>\n\t\t\t\t<section class=\"elementor-section elementor-top-section elementor-element elementor-element-cf2b85d elementor-section-boxed elementor-section-height-default elementor-section-height-default\" data-id=\"cf2b85d\" data-element_type=\"section\" data-e-type=\"section\">\n\t\t\t\t\t\t<div class=\"elementor-container elementor-column-gap-wider\">\n\t\t\t\t\t<div class=\"elementor-column elementor-col-100 elementor-top-column elementor-element elementor-element-fabf060\" data-id=\"fabf060\" data-element_type=\"column\" data-e-type=\"column\">\n\t\t\t<div class=\"elementor-widget-wrap elementor-element-populated\">\n\t\t\t\t\t\t<div class=\"elementor-element elementor-element-2574d8e elementor-widget elementor-widget-text-editor\" data-id=\"2574d8e\" data-element_type=\"widget\" data-e-type=\"widget\" data-widget_type=\"text-editor.default\">\n\t\t\t\t<div class=\"elementor-widget-container\">\n\t\t\t\t\t\t\t\t\t<h2><b><span data-contrast=\"none\">Cu\u00e1nto me costar\u00e1 el env\u00edo o la devoluci\u00f3n?<\/span><\/b><span data-ccp-props=\"{&quot;134233118&quot;:false,&quot;201341983&quot;:0,&quot;335551550&quot;:0,&quot;335551620&quot;:0,&quot;335559739&quot;:160,&quot;335559740&quot;:240}\">\u00a0<\/span><\/h2><p><b><span data-contrast=\"none\">Despacho:<\/span><\/b><span data-ccp-props=\"{&quot;134233118&quot;:false,&quot;201341983&quot;:0,&quot;335551550&quot;:0,&quot;335551620&quot;:0,&quot;335559739&quot;:160,&quot;335559740&quot;:240}\">\u00a0<\/span><\/p><p><span data-contrast=\"none\">Nuestros productos se env\u00edan a trav\u00e9s del proveedor de servicios log\u00edsticos DHL a la direcci\u00f3n de entrega indicada por el cliente. Todos los productos se env\u00edan como paquete y, por tanto, est\u00e1n asegurados.<\/span><span data-ccp-props=\"{&quot;134233118&quot;:false,&quot;201341983&quot;:0,&quot;335551550&quot;:0,&quot;335551620&quot;:0,&quot;335559739&quot;:160,&quot;335559740&quot;:240}\">\u00a0<\/span><b style=\"font-family: var( --e-global-typography-text-font-family ), Sans-serif; font-size: 1rem;\"><span data-contrast=\"none\">Gastos de env\u00edo a Alemania: \u00a0<\/span><\/b><\/p><p><span style=\"color: var( --e-global-color-text ); font-family: var( --e-global-typography-text-font-family ), Sans-serif; font-size: 1rem;\" data-contrast=\"none\">El env\u00edo dentro de Alemania es de 4,95 euros, con un plazo medio de entrega de 1 a 3 d\u00edas laborables.<\/span><span style=\"color: var( --e-global-color-text ); font-family: var( --e-global-typography-text-font-family ), Sans-serif; font-size: 1rem;\" data-ccp-props=\"{&quot;134233118&quot;:false,&quot;201341983&quot;:0,&quot;335551550&quot;:0,&quot;335551620&quot;:0,&quot;335559739&quot;:160,&quot;335559740&quot;:240}\">\u00a0<\/span><\/p><p><b><span data-contrast=\"none\">Gastos de env\u00edo Austria, B\u00e9lgica, Pa\u00edses Bajos, Luxemburgo e Italia:<\/span><\/b><span data-ccp-props=\"{&quot;134233118&quot;:false,&quot;201341983&quot;:0,&quot;335551550&quot;:0,&quot;335551620&quot;:0,&quot;335559739&quot;:160,&quot;335559740&quot;:240}\">\u00a0<\/span><\/p><p><span data-contrast=\"none\">El env\u00edo a estos pa\u00edses es de 9,95 euros con un plazo medio de entrega de 2-4 d\u00edas laborables<\/span><span data-ccp-props=\"{&quot;134233118&quot;:false,&quot;201341983&quot;:0,&quot;335551550&quot;:0,&quot;335551620&quot;:0,&quot;335559739&quot;:160,&quot;335559740&quot;:240}\">\u00a0<\/span><\/p><p><b><span data-contrast=\"none\">Gastos de env\u00edo Espa\u00f1a y Portugal:<\/span><\/b><span data-ccp-props=\"{&quot;134233118&quot;:false,&quot;201341983&quot;:0,&quot;335551550&quot;:0,&quot;335551620&quot;:0,&quot;335559739&quot;:160,&quot;335559740&quot;:240}\">\u00a0<\/span><\/p><p><span data-contrast=\"none\">El env\u00edo a estos pa\u00edses es de 12,95 euros, con un plazo medio de entrega de 3 a 5 d\u00edas laborables.<\/span><span data-ccp-props=\"{&quot;134233118&quot;:false,&quot;201341983&quot;:0,&quot;335551550&quot;:0,&quot;335551620&quot;:0,&quot;335559739&quot;:160,&quot;335559740&quot;:240}\">\u00a0<\/span><\/p><p><b><span data-contrast=\"none\">Gastos de env\u00edo Suiza:<\/span><\/b><span data-ccp-props=\"{&quot;134233118&quot;:false,&quot;201341983&quot;:0,&quot;335551550&quot;:0,&quot;335551620&quot;:0,&quot;335559739&quot;:160,&quot;335559740&quot;:240}\">\u00a0<\/span><\/p><p><span data-contrast=\"none\">El env\u00edo a Suiza cuesta 19,95 euros y el plazo medio de entrega es de 3-4 d\u00edas laborables.<\/span><\/p><p><b><span data-contrast=\"none\">Gastos de devoluci\u00f3n en Alemania y en el resto de pa\u00edses:<\/span><\/b><\/p><p><span data-contrast=\"none\">Los gastos corren a cargo del remitente. Por favor, env\u00ede a domicilio gratis.<\/span>\u00a0<br \/><span data-ccp-props=\"{&quot;134233118&quot;:false,&quot;201341983&quot;:0,&quot;335551550&quot;:0,&quot;335551620&quot;:0,&quot;335559739&quot;:160,&quot;335559740&quot;:240}\">\u00a0<\/span><\/p><h2><b><span data-contrast=\"none\">C\u00f3mo devuelvo mis productos?<\/span><\/b><span data-ccp-props=\"{&quot;134233118&quot;:false,&quot;201341983&quot;:0,&quot;335551550&quot;:0,&quot;335551620&quot;:0,&quot;335559739&quot;:160,&quot;335559740&quot;:240}\">\u00a0<\/span><\/h2><p><b><span data-contrast=\"none\">Devoluciones:<\/span><\/b>\u00a0<br \/><span data-ccp-props=\"{&quot;134233118&quot;:false,&quot;201341983&quot;:0,&quot;335551550&quot;:0,&quot;335551620&quot;:0,&quot;335559739&quot;:160,&quot;335559740&quot;:240}\">\u00a0<\/span><\/p><p><span data-contrast=\"none\">Quiere devolver o cambiar un producto o todo el pedido. Puede devolver todos los art\u00edculos sin indicar el motivo en un plazo de 14 d\u00edas, siempre que est\u00e9n en perfectas condiciones de venta. No hay derecho de devoluci\u00f3n para art\u00edculos da\u00f1ados, usados o sucios.\u00a0<\/span><span data-ccp-props=\"{&quot;134233118&quot;:false,&quot;201341983&quot;:0,&quot;335551550&quot;:0,&quot;335551620&quot;:0,&quot;335559739&quot;:160,&quot;335559740&quot;:240}\">\u00a0<\/span><\/p><ol><li><span data-contrast=\"none\">Por favor, adjunte una nota a su paquete en la que escriba su n\u00famero de pedido, nombre y direcci\u00f3n.<\/span><\/li><li><span data-contrast=\"none\">Si es posible, devuelva la mercanc\u00eda en la caja de env\u00edo original. Los art\u00edculos deben estar bien embalados para que no sufran da\u00f1os durante el transporte.<\/span><\/li><li><span data-contrast=\"none\">Por favor, cierre bien el paquete, s\u00e9llelo y etiqu\u00e9telo con la siguiente direcci\u00f3n\u00a0\u00a0<\/span><span data-ccp-props=\"{&quot;201341983&quot;:0,&quot;335551550&quot;:0,&quot;335551620&quot;:0,&quot;335559685&quot;:360,&quot;335559739&quot;:0,&quot;335559740&quot;:240,&quot;335559991&quot;:360}\">\u00a0<\/span><\/li><\/ol><div>\u00a0<\/div><p><b><span data-contrast=\"none\">Rocher Direktmarketing-Services<\/span><\/b><span data-ccp-props=\"{&quot;201341983&quot;:0,&quot;335551550&quot;:0,&quot;335551620&quot;:0,&quot;335559739&quot;:0,&quot;335559740&quot;:240}\">\u00a0<\/span><\/p><p><b><span data-contrast=\"none\">Water-to-Go<\/span><\/b><span data-ccp-props=\"{&quot;134233118&quot;:false,&quot;201341983&quot;:0,&quot;335551550&quot;:0,&quot;335551620&quot;:0,&quot;335559739&quot;:160,&quot;335559740&quot;:240}\">\u00a0<\/span><\/p><p><b><span data-contrast=\"none\">Benzstrasse 5<\/span><\/b><span data-ccp-props=\"{&quot;134233118&quot;:false,&quot;201341983&quot;:0,&quot;335551550&quot;:0,&quot;335551620&quot;:0,&quot;335559739&quot;:160,&quot;335559740&quot;:240}\">\u00a0<\/span><\/p><p><b><span data-contrast=\"none\">82178 Puchheim<\/span><\/b><span data-ccp-props=\"{&quot;134233118&quot;:false,&quot;201341983&quot;:0,&quot;335551550&quot;:0,&quot;335551620&quot;:0,&quot;335559739&quot;:160,&quot;335559740&quot;:240}\">\u00a0<\/span><\/p><ol start=\"4\"><li><span data-contrast=\"none\"> Anote la coma del enlace de seguimiento que recibir\u00e1 cuando entregue el paquete a la empresa de transportes de su elecci\u00f3n.<\/span><\/li><\/ol><ol start=\"5\"><li><span data-contrast=\"none\">Inicie su devoluci\u00f3n aqu\u00ed\u00a0<\/span><a href=\"mailto:watertogo@rocher-services.de\"><span data-contrast=\"none\">watertogo@rocher-services.de.<\/span><\/a><span data-contrast=\"none\"> Es importante que nos facilite un n\u00famero de seguimiento para que podamos ocuparnos lo mejor posible de su devoluci\u00f3n.<\/span><\/li><\/ol><ol start=\"6\"><li><span data-contrast=\"none\">Una vez recibido e inspeccionado, su dinero ser\u00e1 cambiado o reembolsado lo antes posible. Normalmente, los reembolsos se realizan en un plazo de 14 d\u00edas laborables.<\/span><\/li><\/ol><p><span data-ccp-props=\"{&quot;201341983&quot;:0,&quot;335551550&quot;:0,&quot;335551620&quot;:0,&quot;335559685&quot;:360,&quot;335559739&quot;:0,&quot;335559740&quot;:240,&quot;335559991&quot;:360}\">\u00a0<\/span><\/p><p><span data-contrast=\"none\"><strong>Para cualquier otra pregunta<\/strong> sobre entregas y devoluciones, p\u00f3ngase en contacto con:\u00a0<\/span><a href=\"mailto:watertogo@rocher-services.de\"><span data-contrast=\"none\">watertogo@rocher-services.de<\/span><\/a><span data-ccp-props=\"{&quot;201341983&quot;:0,&quot;335551550&quot;:0,&quot;335551620&quot;:0,&quot;335559739&quot;:0,&quot;335559740&quot;:240}\">\u00a0<\/span><\/p><p><span data-ccp-props=\"{&quot;201341983&quot;:0,&quot;335551550&quot;:0,&quot;335551620&quot;:0,&quot;335559739&quot;:0,&quot;335559740&quot;:240}\">\u00a0<\/span><\/p><h2><b><span data-contrast=\"none\">C\u00f3mo transmito una queja sobre un producto?<\/span><\/b><span data-ccp-props=\"{&quot;134233118&quot;:false,&quot;201341983&quot;:0,&quot;335551550&quot;:0,&quot;335551620&quot;:0,&quot;335559739&quot;:160,&quot;335559740&quot;:240}\">\u00a0<\/span><\/h2><p><b><span data-contrast=\"none\">Reclamaciones\/quejas sobre productos, objeciones, preguntas:<\/span><\/b><span data-ccp-props=\"{&quot;134233118&quot;:false,&quot;201341983&quot;:0,&quot;335551550&quot;:0,&quot;335551620&quot;:0,&quot;335559739&quot;:160,&quot;335559740&quot;:240}\">\u00a0<\/span><\/p><p><span data-contrast=\"none\">Aunque recopilamos, comprobamos y empaquetamos los productos y el pedido con mucho cuidado, en casos concretos pueden producirse defectos en los productos o entregas incorrectas. En este caso y para cualquier otra consulta, p\u00f3ngase en contacto con nosotros por correo electr\u00f3nico:\u00a0<\/span><a href=\"mailto:watertogo@rocher-services.de\"><span data-contrast=\"none\">watertogo@rocher-services.de<\/span><\/a><span data-ccp-props=\"{&quot;134233118&quot;:false,&quot;201341983&quot;:0,&quot;335551550&quot;:0,&quot;335551620&quot;:0,&quot;335559739&quot;:160,&quot;335559740&quot;:240}\">\u00a0<\/span><\/p><ol><li><span data-contrast=\"none\">Env\u00edenos su nombre, direcci\u00f3n y n\u00famero de pedido para que podamos asign\u00e1rselo.<\/span><\/li><li><span data-contrast=\"none\">Si tiene una reclamaci\u00f3n sobre un producto, env\u00edenos al menos una foto del fallo para que podamos reconocerlo claramente.<\/span><\/li><li><span data-contrast=\"none\">Descr\u00edbanos brevemente su preocupaci\u00f3n, queja o el fallo concreto del producto.<\/span><\/li><li><span data-contrast=\"none\">Procesaremos el correo electr\u00f3nico y normalmente responderemos en uno o dos d\u00edas laborables.<\/span><\/li><\/ol><p><span data-ccp-props=\"{&quot;134233118&quot;:false,&quot;201341983&quot;:0,&quot;335551550&quot;:0,&quot;335551620&quot;:0,&quot;335559685&quot;:360,&quot;335559739&quot;:160,&quot;335559740&quot;:240,&quot;335559991&quot;:360}\">\u00a0<\/span><\/p><p><b><span data-contrast=\"none\">Para cualquier otra pregunta<\/span><\/b><span data-contrast=\"none\">\u00a0p\u00f3ngase en contacto con:\u00a0<\/span><a href=\"mailto:watertogo@rocher-services.de\"><span data-contrast=\"none\">watertogo@rocher-services.de<\/span><\/a><span data-ccp-props=\"{&quot;201341983&quot;:0,&quot;335551550&quot;:0,&quot;335551620&quot;:0,&quot;335559739&quot;:0,&quot;335559740&quot;:240}\">\u00a0<\/span><\/p>\t\t\t\t\t\t\t\t<\/div>\n\t\t\t\t<\/div>\n\t\t\t\t\t<\/div>\n\t\t<\/div>\n\t\t\t\t\t<\/div>\n\t\t<\/section>\n\t\t\t\t<\/div>","protected":false},"excerpt":{"rendered":"<p>Versand- und Retourenabwicklung Was kostet mich der Versand bzw. meine Retoure?\u00a0 Versand:\u00a0 Unser Warenversand wird \u00fcber den Logistikdienstleister DHL abgewickelt und erfolgt an die vom Kunden angegebene Lieferadresse. Alle Produkte werden als Paket versendet und sind somit versichert.\u00a0Versandkosten Deutschland: \u00a0 Versand innerhalb von Deutschland betr\u00e4gt 5,95\u20ac mit einer Lieferzeit von durchschnittlich 1-3 Werktagen.\u00a0 Versandkosten \u00d6sterreich, [&hellip;]<\/p>\n","protected":false},"author":1,"featured_media":0,"parent":0,"menu_order":0,"comment_status":"closed","ping_status":"closed","template":"elementor_header_footer","meta":{"footnotes":""},"class_list":["post-1755","page","type-page","status-publish","hentry"],"_links":{"self":[{"href":"https:\/\/watertogo.net\/es\/wp-json\/wp\/v2\/pages\/1755","targetHints":{"allow":["GET"]}}],"collection":[{"href":"https:\/\/watertogo.net\/es\/wp-json\/wp\/v2\/pages"}],"about":[{"href":"https:\/\/watertogo.net\/es\/wp-json\/wp\/v2\/types\/page"}],"author":[{"embeddable":true,"href":"https:\/\/watertogo.net\/es\/wp-json\/wp\/v2\/users\/1"}],"replies":[{"embeddable":true,"href":"https:\/\/watertogo.net\/es\/wp-json\/wp\/v2\/comments?post=1755"}],"version-history":[{"count":10,"href":"https:\/\/watertogo.net\/es\/wp-json\/wp\/v2\/pages\/1755\/revisions"}],"predecessor-version":[{"id":3021,"href":"https:\/\/watertogo.net\/es\/wp-json\/wp\/v2\/pages\/1755\/revisions\/3021"}],"wp:attachment":[{"href":"https:\/\/watertogo.net\/es\/wp-json\/wp\/v2\/media?parent=1755"}],"curies":[{"name":"wp","href":"https:\/\/api.w.org\/{rel}","templated":true}]}}