{"id":1740,"date":"2023-07-13T09:15:48","date_gmt":"2023-07-13T09:15:48","guid":{"rendered":"https:\/\/watertogo.net\/?page_id=1740"},"modified":"2024-07-08T11:06:56","modified_gmt":"2024-07-08T09:06:56","slug":"widerrufsrecht","status":"publish","type":"page","link":"https:\/\/watertogo.net\/es\/widerrufsrecht\/","title":{"rendered":"Derecho de anulaci\u00f3n"},"content":{"rendered":"<div data-elementor-type=\"wp-page\" data-elementor-id=\"1740\" class=\"elementor elementor-1740\" data-elementor-post-type=\"page\">\n\t\t\t\t\t\t<section class=\"elementor-section elementor-top-section elementor-element elementor-element-aa6c65a elementor-section-height-min-height elementor-section-boxed elementor-section-height-default elementor-section-items-middle\" data-id=\"aa6c65a\" data-element_type=\"section\" data-e-type=\"section\" data-settings=\"{&quot;background_background&quot;:&quot;gradient&quot;,&quot;shape_divider_bottom&quot;:&quot;mountains&quot;}\">\n\t\t\t\t\t\t\t<div class=\"elementor-background-overlay\"><\/div>\n\t\t\t\t\t\t<div class=\"elementor-shape elementor-shape-bottom\" aria-hidden=\"true\" data-negative=\"false\">\n\t\t\t<svg xmlns=\"http:\/\/www.w3.org\/2000\/svg\" viewbox=\"0 0 1000 100\" preserveaspectratio=\"none\">\n\t<path class=\"elementor-shape-fill\" opacity=\"0.33\" d=\"M473,67.3c-203.9,88.3-263.1-34-320.3,0C66,119.1,0,59.7,0,59.7V0h1000v59.7 c0,0-62.1,26.1-94.9,29.3c-32.8,3.3-62.8-12.3-75.8-22.1C806,49.6,745.3,8.7,694.9,4.7S492.4,59,473,67.3z\"\/>\n\t<path class=\"elementor-shape-fill\" opacity=\"0.66\" d=\"M734,67.3c-45.5,0-77.2-23.2-129.1-39.1c-28.6-8.7-150.3-10.1-254,39.1 s-91.7-34.4-149.2,0C115.7,118.3,0,39.8,0,39.8V0h1000v36.5c0,0-28.2-18.5-92.1-18.5C810.2,18.1,775.7,67.3,734,67.3z\"\/>\n\t<path class=\"elementor-shape-fill\" d=\"M766.1,28.9c-200-57.5-266,65.5-395.1,19.5C242,1.8,242,5.4,184.8,20.6C128,35.8,132.3,44.9,89.9,52.5C28.6,63.7,0,0,0,0 h1000c0,0-9.9,40.9-83.6,48.1S829.6,47,766.1,28.9z\"\/>\n<\/svg>\t\t<\/div>\n\t\t\t\t\t<div class=\"elementor-container elementor-column-gap-default\">\n\t\t\t\t\t<div class=\"elementor-column elementor-col-100 elementor-top-column elementor-element elementor-element-0b9f3a2\" data-id=\"0b9f3a2\" data-element_type=\"column\" data-e-type=\"column\">\n\t\t\t<div class=\"elementor-widget-wrap elementor-element-populated\">\n\t\t\t\t\t\t<div class=\"elementor-element elementor-element-11cacf6 elementor-widget elementor-widget-heading\" data-id=\"11cacf6\" data-element_type=\"widget\" data-e-type=\"widget\" data-widget_type=\"heading.default\">\n\t\t\t\t<div class=\"elementor-widget-container\">\n\t\t\t\t\t<h2 class=\"elementor-heading-title elementor-size-default\">Derecho de anulaci\u00f3n<\/h2>\t\t\t\t<\/div>\n\t\t\t\t<\/div>\n\t\t\t\t\t<\/div>\n\t\t<\/div>\n\t\t\t\t\t<\/div>\n\t\t<\/section>\n\t\t\t\t<section class=\"elementor-section elementor-top-section elementor-element elementor-element-cf2b85d elementor-section-boxed elementor-section-height-default elementor-section-height-default\" data-id=\"cf2b85d\" data-element_type=\"section\" data-e-type=\"section\">\n\t\t\t\t\t\t<div class=\"elementor-container elementor-column-gap-wider\">\n\t\t\t\t\t<div class=\"elementor-column elementor-col-100 elementor-top-column elementor-element elementor-element-fabf060\" data-id=\"fabf060\" data-element_type=\"column\" data-e-type=\"column\">\n\t\t\t<div class=\"elementor-widget-wrap elementor-element-populated\">\n\t\t\t\t\t\t<div class=\"elementor-element elementor-element-2574d8e elementor-widget elementor-widget-text-editor\" data-id=\"2574d8e\" data-element_type=\"widget\" data-e-type=\"widget\" data-widget_type=\"text-editor.default\">\n\t\t\t\t<div class=\"elementor-widget-container\">\n\t\t\t\t\t\t\t\t\t<p><strong>Derecho de cancelaci\u00f3n para los consumidores<\/strong><\/p><p>Un consumidor es toda persona f\u00edsica que celebra un negocio jur\u00eddico con fines predominantemente ajenos a su actividad comercial, empresarial o profesional.<\/p><p><strong>Derecho de anulaci\u00f3n<\/strong><\/p><p>Tiene usted derecho a desistir del presente contrato en un plazo de 14 d\u00edas sin necesidad de justificaci\u00f3n. El plazo de desistimiento es de 14 d\u00edas a partir del d\u00eda en que usted o un tercero por usted indicado, que no sea el transportista, haya tomado posesi\u00f3n de los bienes, si usted ha pedido uno o varios bienes como parte de un \u00fanico pedido y \u00e9stos se entregan de manera uniforme; en el que usted o un tercero por usted indicado, que no sea el transportista, haya tomado posesi\u00f3n de los \u00faltimos bienes. si ha pedido varios bienes como parte de un \u00fanico pedido y \u00e9stos se entregan por separado; en el que usted o un tercero nombrado por usted, que no es el transportista, ha tomado posesi\u00f3n de los primeros bienes, si los bienes se entregan como parte de un pedido de entrega regular durante un periodo de tiempo determinado. Para ejercer el derecho de desistimiento, deber\u00e1 informarnos (Rocher Marketing-Services, Water-to-Go, Benzstr. 5, 82178 Puchheim, Alemania o correo electr\u00f3nico:\u00a0<a href=\"mailto:watertogo@rocher-services.de\">watertogo@rocher-services.de<\/a>de su decisi\u00f3n de desistir del presente contrato mediante una declaraci\u00f3n clara (por ejemplo, una carta enviada por correo postal o electr\u00f3nico). Puede utilizar el modelo de formulario de cancelaci\u00f3n adjunto, pero no es obligatorio. Si hace uso de esta opci\u00f3n, le enviaremos inmediatamente (por ejemplo, por correo electr\u00f3nico) un acuse de recibo de dicha cancelaci\u00f3n. Para cumplir el plazo de cancelaci\u00f3n, basta con que env\u00ede su notificaci\u00f3n de ejercicio del derecho de cancelaci\u00f3n antes de que expire el plazo de cancelaci\u00f3n.<\/p><p><strong>Su cancelaci\u00f3n<\/strong><\/p><p>Si desea rescindir el contrato, env\u00edenos los siguientes datos por correo postal o a la siguiente direcci\u00f3n<\/p><p>\u00a0Correo electr\u00f3nico:\u00a0<a href=\"mailto:watertogo@rocher-services.de\">watertogo@rocher-services.de<\/a><\/p><p>Direcci\u00f3n postal:<\/p><p>Rocher Direktmarketing-Services\u00a0<\/p><p>Water-to-Go<\/p><p>Benzstra\u00dfe 5\u00a0<\/p><p>82178 Puchheim<\/p><p><strong>Modelo de formulario de cancelaci\u00f3n:<\/strong><\/p><p>Por la presente rescindo el contrato celebrado por m\u00ed para la compra de los siguientes bienes:<\/p><p>N\u00famero de pedido:<\/p><p>Art\u00edculo:<\/p><p>Pedido el:<\/p><p>Recibido el:\u00a0<\/p><p>Nombre del comprador:\u00a0<\/p><p>Direcci\u00f3n del comprador:<\/p><p>Date:<\/p><p><strong>La devoluci\u00f3n de la mercanc\u00eda se tramitar\u00e1 como se describe para las devoluciones. <\/strong>El comprador es responsable de los gastos de env\u00edo de la devoluci\u00f3n. Reembolsaremos el importe de la compra seg\u00fan lo descrito.<\/p>\t\t\t\t\t\t\t\t<\/div>\n\t\t\t\t<\/div>\n\t\t\t\t\t<\/div>\n\t\t<\/div>\n\t\t\t\t\t<\/div>\n\t\t<\/section>\n\t\t\t\t<\/div>","protected":false},"excerpt":{"rendered":"<p>Widerrufsrecht Widerrufsrecht f\u00fcr Verbraucher Verbraucher ist jede nat\u00fcrliche Person, die ein Rechtsgesch\u00e4ft zu Zwecken abschlie\u00dft, die \u00fcberwiegend weder ihrer gewerblichen noch ihrer selbstst\u00e4ndigen beruflichen T\u00e4tigkeit zugerechnet werden k\u00f6nnen. Widerrufsrecht Du hast das Recht, binnen 14 Tagen ohne Angabe von Gr\u00fcnden diesen Vertrag zu widerrufen. Die Widerrufsfrist betr\u00e4gt 14 Tage ab dem Tag, an dem du [&hellip;]<\/p>\n","protected":false},"author":1,"featured_media":0,"parent":0,"menu_order":0,"comment_status":"closed","ping_status":"closed","template":"elementor_header_footer","meta":{"footnotes":""},"class_list":["post-1740","page","type-page","status-publish","hentry"],"_links":{"self":[{"href":"https:\/\/watertogo.net\/es\/wp-json\/wp\/v2\/pages\/1740","targetHints":{"allow":["GET"]}}],"collection":[{"href":"https:\/\/watertogo.net\/es\/wp-json\/wp\/v2\/pages"}],"about":[{"href":"https:\/\/watertogo.net\/es\/wp-json\/wp\/v2\/types\/page"}],"author":[{"embeddable":true,"href":"https:\/\/watertogo.net\/es\/wp-json\/wp\/v2\/users\/1"}],"replies":[{"embeddable":true,"href":"https:\/\/watertogo.net\/es\/wp-json\/wp\/v2\/comments?post=1740"}],"version-history":[{"count":10,"href":"https:\/\/watertogo.net\/es\/wp-json\/wp\/v2\/pages\/1740\/revisions"}],"predecessor-version":[{"id":2579,"href":"https:\/\/watertogo.net\/es\/wp-json\/wp\/v2\/pages\/1740\/revisions\/2579"}],"wp:attachment":[{"href":"https:\/\/watertogo.net\/es\/wp-json\/wp\/v2\/media?parent=1740"}],"curies":[{"name":"wp","href":"https:\/\/api.w.org\/{rel}","templated":true}]}}